{"id":128721,"date":"2023-11-09T09:48:07","date_gmt":"2023-11-09T08:48:07","guid":{"rendered":"https:\/\/www.bontempi.it\/product\/enea-03-91\/"},"modified":"2024-04-28T11:59:21","modified_gmt":"2024-04-28T09:59:21","slug":"enea-03-91","status":"publish","type":"product","link":"https:\/\/www.bontempi.it\/fr\/enea-0391\/","title":{"rendered":"Enea &#8211; 03.91"},"content":{"rendered":"<p>Bahut\/comode avec structure en bois laqu\u00e9, 4 tiroirs et frontales en Verre tremp\u00e9 laqu\u00e9.<\/p>\n","protected":false},"excerpt":{"rendered":"<p>Bahut\/comode avec structure en bois laqu\u00e9, 4 tiroirs et frontales en Verre tremp\u00e9 laqu\u00e9.<\/p>\n","protected":false},"featured_media":0,"template":"","line":[74053],"kind":[70972],"room":[71446,71459,71460],"material":[67899,67901,67910,67914,68554],"color":[60635,75331,77336,77345],"certification":[],"class_list":["post-128721","product","type-product","status-publish","hentry","line-enea-fr","kind-storage-units-fr","room-hall","room-living-fr","room-hall-fr","material-c163-fr","material-c136-fr","material-c169-fr","material-c167-fr","material-c164-fr","color-beige-fr","color-sand-fr","color-white-fr","color-chocolate-fr"],"acf":{"sku":"03.91","line":[74053],"is_accessory":false,"is_configurable":true,"kind":[70972],"rooms":[71446,71459,71460],"seats":"","dimensions":{"diameter":"","x":"160","z":"53","y":"50"},"finishing":{"top":{"67899":67899,"67910":67910,"67914":67914,"68554":68554},"structure":[],"lower_cuff":[],"upper_cuff":[],"matchable_top":[],"builtin_revolving_central_top":[],"throat":[],"lampshade":[],"back":[],"sitting":[],"cushions":[],"decorative_inner":[],"decorative_inserts":[],"side":[],"support":[],"front_doors":{"67899":67899,"67901":67901,"67910":67910,"67914":67914,"68554":68554},"top_front_doors":[],"seat_structure":[],"top_structure":[],"covering":[],"optional_shelf":[],"mirror":[],"side_panels":[],"centerpiece":[]},"colors":{"top":{"77336":77336,"75331":75331,"77345":77345,"60635":60635},"structure":[],"lower_cuff":[],"upper_cuff":[],"matchable_top":[],"builtin_revolving_central_top":[],"throat":[],"lampshade":[],"back":[],"sitting":[],"cushions":[],"decorative_inner":[],"decorative_inserts":[],"side":[],"support":[],"front_doors":{"77336":77336,"77345":77345,"75331":75331,"60635":60635},"top_front_doors":[],"seat_structure":[],"top_structure":[],"covering":[],"optional_shelf":[],"mirror":[],"side_panels":[],"centerpiece":[]},"accessories":"","related":[126265,126266,126267,126268,126270,126271,126284,126285],"gallery":[59757,61085,25950],"product_sheet":"https:\/\/www.bontempi.it\/wp-content\/uploads\/2023\/03\/Enea-03.90-91.pdf","attachments":null,"videos":null,"silhouette":32503},"_links":{"self":[{"href":"https:\/\/www.bontempi.it\/fr\/wp-json\/wp\/v2\/product\/128721","targetHints":{"allow":["GET"]}}],"collection":[{"href":"https:\/\/www.bontempi.it\/fr\/wp-json\/wp\/v2\/product"}],"about":[{"href":"https:\/\/www.bontempi.it\/fr\/wp-json\/wp\/v2\/types\/product"}],"acf:attachment":[{"embeddable":true,"href":"https:\/\/www.bontempi.it\/fr\/wp-json\/wp\/v2\/media\/25950"},{"embeddable":true,"href":"https:\/\/www.bontempi.it\/fr\/wp-json\/wp\/v2\/media\/61085"},{"embeddable":true,"href":"https:\/\/www.bontempi.it\/fr\/wp-json\/wp\/v2\/media\/59757"}],"acf:post":[{"embeddable":true,"href":"https:\/\/www.bontempi.it\/fr\/wp-json\/wp\/v2\/product\/126285"},{"embeddable":true,"href":"https:\/\/www.bontempi.it\/fr\/wp-json\/wp\/v2\/product\/126284"},{"embeddable":true,"href":"https:\/\/www.bontempi.it\/fr\/wp-json\/wp\/v2\/product\/126271"},{"embeddable":true,"href":"https:\/\/www.bontempi.it\/fr\/wp-json\/wp\/v2\/product\/126270"},{"embeddable":true,"href":"https:\/\/www.bontempi.it\/fr\/wp-json\/wp\/v2\/product\/126268"},{"embeddable":true,"href":"https:\/\/www.bontempi.it\/fr\/wp-json\/wp\/v2\/product\/126267"},{"embeddable":true,"href":"https:\/\/www.bontempi.it\/fr\/wp-json\/wp\/v2\/product\/126266"},{"embeddable":true,"href":"https:\/\/www.bontempi.it\/fr\/wp-json\/wp\/v2\/product\/126265"}],"acf:term":[{"embeddable":true,"taxonomy":"room","href":"https:\/\/www.bontempi.it\/fr\/wp-json\/wp\/v2\/room\/71460"},{"embeddable":true,"taxonomy":"room","href":"https:\/\/www.bontempi.it\/fr\/wp-json\/wp\/v2\/room\/71459"},{"embeddable":true,"taxonomy":"room","href":"https:\/\/www.bontempi.it\/fr\/wp-json\/wp\/v2\/room\/71446"},{"embeddable":true,"taxonomy":"kind","href":"https:\/\/www.bontempi.it\/fr\/wp-json\/wp\/v2\/kind\/70972"},{"embeddable":true,"taxonomy":"line","href":"https:\/\/www.bontempi.it\/fr\/wp-json\/wp\/v2\/line\/74053"}],"wp:attachment":[{"href":"https:\/\/www.bontempi.it\/fr\/wp-json\/wp\/v2\/media?parent=128721"}],"wp:term":[{"taxonomy":"line","embeddable":true,"href":"https:\/\/www.bontempi.it\/fr\/wp-json\/wp\/v2\/line?post=128721"},{"taxonomy":"kind","embeddable":true,"href":"https:\/\/www.bontempi.it\/fr\/wp-json\/wp\/v2\/kind?post=128721"},{"taxonomy":"room","embeddable":true,"href":"https:\/\/www.bontempi.it\/fr\/wp-json\/wp\/v2\/room?post=128721"},{"taxonomy":"material","embeddable":true,"href":"https:\/\/www.bontempi.it\/fr\/wp-json\/wp\/v2\/material?post=128721"},{"taxonomy":"color","embeddable":true,"href":"https:\/\/www.bontempi.it\/fr\/wp-json\/wp\/v2\/color?post=128721"},{"taxonomy":"certification","embeddable":true,"href":"https:\/\/www.bontempi.it\/fr\/wp-json\/wp\/v2\/certification?post=128721"}],"curies":[{"name":"wp","href":"https:\/\/api.w.org\/{rel}","templated":true}]}}