{"id":128704,"date":"2023-11-09T09:47:28","date_gmt":"2023-11-09T08:47:28","guid":{"rendered":"https:\/\/www.bontempi.it\/product\/diesis-02-89\/"},"modified":"2024-04-30T10:05:03","modified_gmt":"2024-04-30T08:05:03","slug":"diesis-02-89","status":"publish","type":"product","link":"https:\/\/www.bontempi.it\/fr\/diesis-0289\/","title":{"rendered":"Diesis &#8211; 02.89"},"content":{"rendered":"<p>Table structure en m\u00e9tal laqu\u00e9. Plateau en m\u00e9lamine, Unicolor anti-rayures, Verre ou Verre velvet anti-rayures.<\/p>\n","protected":false},"excerpt":{"rendered":"<p>Table structure en m\u00e9tal laqu\u00e9. Plateau en m\u00e9lamine, Unicolor anti-rayures, Verre ou Verre velvet anti-rayures.<\/p>\n","protected":false},"featured_media":0,"template":"","line":[74037],"kind":[70948,70941,70942],"room":[71461,71464],"material":[68029,68033,68040,68042,68044,76211,76820,76825,68013,68016],"color":[77336,77344,77345,77346,60635,75856],"certification":[],"class_list":["post-128704","product","type-product","status-publish","hentry","line-diesis-fr","kind-fixed-square-fr","kind-tables-fr","kind-fixed-fr","room-kitchen-fr","room-contract-fr","material-m097-fr","material-m055-fr","material-m028-fr","material-m312-fr","material-m307-fr","material-lf05-fr","material-lf02-fr","material-lf08-fr","material-m310-fr","material-m306-fr","color-white-fr","color-grey-fr","color-chocolate-fr","color-black-fr","color-beige-fr","color-transparent-fr"],"acf":{"sku":"02.89","line":[74037],"is_accessory":false,"is_configurable":false,"kind":[70941,70942,70948],"rooms":[71461,71464],"seats":"4","dimensions":{"diameter":"","x":"80","z":"80","y":"75"},"finishing":{"top":{"67884":67884,"67886":67886,"67890":67890,"67894":67894,"67903":67903,"67907":67907,"67916":67916,"68001":68001,"68002":68002,"68007":68007,"68476":68476,"68479":68479,"76815":76815,"76211":76211,"76825":76825,"76820":76820},"structure":{"68013":68013,"68016":68016,"68029":68029,"68033":68033,"68040":68040,"68042":68042,"68044":68044},"lower_cuff":[],"upper_cuff":[],"matchable_top":[],"builtin_revolving_central_top":[],"throat":[],"lampshade":[],"back":[],"sitting":[],"cushions":[],"decorative_inner":[],"decorative_inserts":[],"side":[],"support":[],"front_doors":[],"top_front_doors":[],"seat_structure":[],"top_structure":[],"covering":[],"optional_shelf":[],"mirror":[],"side_panels":[],"centerpiece":[]},"colors":{"top":{"77344":77344,"77336":77336,"77346":77346,"60635":60635,"75856":75856,"77345":77345},"structure":{"77344":77344,"77336":77336,"77346":77346,"77345":77345,"60635":60635},"lower_cuff":[],"upper_cuff":[],"matchable_top":[],"builtin_revolving_central_top":[],"throat":[],"lampshade":[],"back":[],"sitting":[],"cushions":[],"decorative_inner":[],"decorative_inserts":[],"side":[],"support":[],"front_doors":[],"top_front_doors":[],"seat_structure":[],"top_structure":[],"covering":[],"optional_shelf":[],"mirror":[],"side_panels":[],"centerpiece":[]},"accessories":"","related":[126275,126840,127244,127245,127246],"gallery":[59682],"product_sheet":"https:\/\/www.bontempi.it\/wp-content\/uploads\/2023\/03\/Diesis-02.89-90-91-92.pdf","attachments":null,"videos":null,"silhouette":29564},"_links":{"self":[{"href":"https:\/\/www.bontempi.it\/fr\/wp-json\/wp\/v2\/product\/128704","targetHints":{"allow":["GET"]}}],"collection":[{"href":"https:\/\/www.bontempi.it\/fr\/wp-json\/wp\/v2\/product"}],"about":[{"href":"https:\/\/www.bontempi.it\/fr\/wp-json\/wp\/v2\/types\/product"}],"acf:attachment":[{"embeddable":true,"href":"https:\/\/www.bontempi.it\/fr\/wp-json\/wp\/v2\/media\/59682"}],"acf:post":[{"embeddable":true,"href":"https:\/\/www.bontempi.it\/fr\/wp-json\/wp\/v2\/product\/127246"},{"embeddable":true,"href":"https:\/\/www.bontempi.it\/fr\/wp-json\/wp\/v2\/product\/127245"},{"embeddable":true,"href":"https:\/\/www.bontempi.it\/fr\/wp-json\/wp\/v2\/product\/127244"},{"embeddable":true,"href":"https:\/\/www.bontempi.it\/fr\/wp-json\/wp\/v2\/product\/126840"},{"embeddable":true,"href":"https:\/\/www.bontempi.it\/fr\/wp-json\/wp\/v2\/product\/126275"}],"acf:term":[{"embeddable":true,"taxonomy":"room","href":"https:\/\/www.bontempi.it\/fr\/wp-json\/wp\/v2\/room\/71464"},{"embeddable":true,"taxonomy":"room","href":"https:\/\/www.bontempi.it\/fr\/wp-json\/wp\/v2\/room\/71461"},{"embeddable":true,"taxonomy":"kind","href":"https:\/\/www.bontempi.it\/fr\/wp-json\/wp\/v2\/kind\/70948"},{"embeddable":true,"taxonomy":"kind","href":"https:\/\/www.bontempi.it\/fr\/wp-json\/wp\/v2\/kind\/70942"},{"embeddable":true,"taxonomy":"kind","href":"https:\/\/www.bontempi.it\/fr\/wp-json\/wp\/v2\/kind\/70941"},{"embeddable":true,"taxonomy":"line","href":"https:\/\/www.bontempi.it\/fr\/wp-json\/wp\/v2\/line\/74037"}],"wp:attachment":[{"href":"https:\/\/www.bontempi.it\/fr\/wp-json\/wp\/v2\/media?parent=128704"}],"wp:term":[{"taxonomy":"line","embeddable":true,"href":"https:\/\/www.bontempi.it\/fr\/wp-json\/wp\/v2\/line?post=128704"},{"taxonomy":"kind","embeddable":true,"href":"https:\/\/www.bontempi.it\/fr\/wp-json\/wp\/v2\/kind?post=128704"},{"taxonomy":"room","embeddable":true,"href":"https:\/\/www.bontempi.it\/fr\/wp-json\/wp\/v2\/room?post=128704"},{"taxonomy":"material","embeddable":true,"href":"https:\/\/www.bontempi.it\/fr\/wp-json\/wp\/v2\/material?post=128704"},{"taxonomy":"color","embeddable":true,"href":"https:\/\/www.bontempi.it\/fr\/wp-json\/wp\/v2\/color?post=128704"},{"taxonomy":"certification","embeddable":true,"href":"https:\/\/www.bontempi.it\/fr\/wp-json\/wp\/v2\/certification?post=128704"}],"curies":[{"name":"wp","href":"https:\/\/api.w.org\/{rel}","templated":true}]}}