{"id":128692,"date":"2023-11-09T09:47:28","date_gmt":"2023-11-09T08:47:28","guid":{"rendered":"https:\/\/www.bontempi.it\/product\/giro-02-35\/"},"modified":"2024-04-28T12:01:15","modified_gmt":"2024-04-28T10:01:15","slug":"giro-02-35","status":"publish","type":"product","link":"https:\/\/www.bontempi.it\/fr\/giro-0235\/","title":{"rendered":"Giro &#8211; 02.35"},"content":{"rendered":"<p>Table ronde avec allonges, m\u00e9canisme t\u00e9lescopique synchronis\u00e9 d&rsquo;ouverture, structure 4 pieds en m\u00e9tal laqu\u00e9 ou chrom\u00e9. Plateau et allonges en Verre ou Verre velvet anti-rayures.<\/p>\n","protected":false},"excerpt":{"rendered":"<p>Table ronde avec allonges, m\u00e9canisme t\u00e9lescopique synchronis\u00e9 d&rsquo;ouverture, structure 4 pieds en m\u00e9tal laqu\u00e9 ou chrom\u00e9. Plateau et allonges en Verre ou Verre velvet anti-rayures.<\/p>\n","protected":false},"featured_media":10143,"template":"","line":[74090],"kind":[70941,70943,70952,77609],"room":[71459],"material":[68033,68040,68042,68044,67903,67907,67916,68013,68016,68029],"color":[60635,75856,77345,77614,77615,77616],"certification":[],"class_list":["post-128692","product","type-product","status-publish","has-post-thumbnail","hentry","line-giro-fr","kind-tables-fr","kind-extendible-fr","kind-extendible-round-fr","kind-synchronized-fr","room-living-fr","material-m055-fr","material-m028-fr","material-m312-fr","material-m307-fr","material-c150-fr","material-c152-fr","material-c193-fr","material-m310-fr","material-m306-fr","material-m097-fr","color-beige-fr","color-transparent-fr","color-chocolate-fr","color-bianco-fr","color-nero-fr","color-grigio-fr"],"acf":{"sku":"02.35","line":[74090],"is_accessory":false,"is_configurable":false,"kind":[70941,77609,70943,70952],"rooms":[71459],"seats":"10","dimensions":{"diameter":"","x":"130\/210","z":"75","y":""},"finishing":{"top":[65912,65914,65922,65931,65935,65944],"structure":[66041,66044,66057,66061,66068,66070,66072],"lower_cuff":[],"upper_cuff":[],"matchable_top":[],"builtin_revolving_central_top":[],"throat":[],"lampshade":[],"back":[],"sitting":[],"cushions":[],"decorative_inner":[],"decorative_inserts":[],"side":[],"support":[],"front_doors":[],"top_front_doors":[],"seat_structure":[],"top_structure":[],"covering":[],"optional_shelf":[],"mirror":[],"side_panels":[],"centerpiece":[]},"colors":{"top":[58739,58741,58745,58749,58764,58767],"structure":[58739,58741,58745,58749,58767],"lower_cuff":[],"upper_cuff":[],"matchable_top":[],"builtin_revolving_central_top":[],"throat":[],"lampshade":[],"back":[],"sitting":[],"cushions":[],"decorative_inner":[],"decorative_inserts":[],"side":[],"support":[],"front_doors":[],"top_front_doors":[],"seat_structure":[],"top_structure":[],"covering":[],"optional_shelf":[],"mirror":[],"side_panels":[],"centerpiece":[]},"accessories":[126959],"related":[126278,127026],"gallery":[59967,19378],"product_sheet":"https:\/\/www.bontempi.it\/wp-content\/uploads\/2023\/03\/Giro-02.35.pdf","attachments":null,"videos":null,"silhouette":25584},"_links":{"self":[{"href":"https:\/\/www.bontempi.it\/fr\/wp-json\/wp\/v2\/product\/128692","targetHints":{"allow":["GET"]}}],"collection":[{"href":"https:\/\/www.bontempi.it\/fr\/wp-json\/wp\/v2\/product"}],"about":[{"href":"https:\/\/www.bontempi.it\/fr\/wp-json\/wp\/v2\/types\/product"}],"acf:attachment":[{"embeddable":true,"href":"https:\/\/www.bontempi.it\/fr\/wp-json\/wp\/v2\/media\/19378"},{"embeddable":true,"href":"https:\/\/www.bontempi.it\/fr\/wp-json\/wp\/v2\/media\/59967"}],"acf:post":[{"embeddable":true,"href":"https:\/\/www.bontempi.it\/fr\/wp-json\/wp\/v2\/product\/127026"},{"embeddable":true,"href":"https:\/\/www.bontempi.it\/fr\/wp-json\/wp\/v2\/product\/126278"},{"embeddable":true,"href":"https:\/\/www.bontempi.it\/fr\/wp-json\/wp\/v2\/product\/126959"}],"acf:term":[{"embeddable":true,"taxonomy":"room","href":"https:\/\/www.bontempi.it\/fr\/wp-json\/wp\/v2\/room\/71459"},{"embeddable":true,"taxonomy":"kind","href":"https:\/\/www.bontempi.it\/fr\/wp-json\/wp\/v2\/kind\/70952"},{"embeddable":true,"taxonomy":"kind","href":"https:\/\/www.bontempi.it\/fr\/wp-json\/wp\/v2\/kind\/70943"},{"embeddable":true,"taxonomy":"kind","href":"https:\/\/www.bontempi.it\/fr\/wp-json\/wp\/v2\/kind\/77609"},{"embeddable":true,"taxonomy":"kind","href":"https:\/\/www.bontempi.it\/fr\/wp-json\/wp\/v2\/kind\/70941"},{"embeddable":true,"taxonomy":"line","href":"https:\/\/www.bontempi.it\/fr\/wp-json\/wp\/v2\/line\/74090"}],"wp:featuredmedia":[{"embeddable":true,"href":"https:\/\/www.bontempi.it\/fr\/wp-json\/wp\/v2\/media\/10143"}],"wp:attachment":[{"href":"https:\/\/www.bontempi.it\/fr\/wp-json\/wp\/v2\/media?parent=128692"}],"wp:term":[{"taxonomy":"line","embeddable":true,"href":"https:\/\/www.bontempi.it\/fr\/wp-json\/wp\/v2\/line?post=128692"},{"taxonomy":"kind","embeddable":true,"href":"https:\/\/www.bontempi.it\/fr\/wp-json\/wp\/v2\/kind?post=128692"},{"taxonomy":"room","embeddable":true,"href":"https:\/\/www.bontempi.it\/fr\/wp-json\/wp\/v2\/room?post=128692"},{"taxonomy":"material","embeddable":true,"href":"https:\/\/www.bontempi.it\/fr\/wp-json\/wp\/v2\/material?post=128692"},{"taxonomy":"color","embeddable":true,"href":"https:\/\/www.bontempi.it\/fr\/wp-json\/wp\/v2\/color?post=128692"},{"taxonomy":"certification","embeddable":true,"href":"https:\/\/www.bontempi.it\/fr\/wp-json\/wp\/v2\/certification?post=128692"}],"curies":[{"name":"wp","href":"https:\/\/api.w.org\/{rel}","templated":true}]}}