{"id":128690,"date":"2023-11-09T09:47:28","date_gmt":"2023-11-09T08:47:28","guid":{"rendered":"https:\/\/www.bontempi.it\/product\/barone-01-91\/"},"modified":"2024-04-30T10:05:09","modified_gmt":"2024-04-30T08:05:09","slug":"barone-01-91","status":"publish","type":"product","link":"https:\/\/www.bontempi.it\/fr\/barone-0191\/","title":{"rendered":"Barone &#8211; 01.91"},"content":{"rendered":"<p>Table ronde, structure en m\u00e9tal laqu\u00e9 ou chrom\u00e9. Plateau en Bois plaqu\u00e9, Verre, Verre velvet anti-rayures ou SuperMarbree.<\/p>\n","protected":false},"excerpt":{"rendered":"<p>Table ronde, structure en m\u00e9tal laqu\u00e9 ou chrom\u00e9. Plateau en Bois plaqu\u00e9, Verre, Verre velvet anti-rayures ou SuperMarbree.<\/p>\n","protected":false},"featured_media":0,"template":"","line":[73983],"kind":[70941,70942,70947],"room":[71459,71464],"material":[68044,68267,68269,68009,75684,68013,68015,68016,68029,68031,68033,68034,68035,68036,68037,68040,68042],"color":[60635,75045,75630,75756,75856,77336,77344,77345,77346,77347,77348],"certification":[],"class_list":["post-128690","product","type-product","status-publish","hentry","line-barone-fr","kind-tables-fr","kind-fixed-fr","kind-fixed-round-fr","room-living-fr","room-contract-fr","material-m307-fr","material-cm010-fr","material-cm005-fr","material-g093-fr","material-cm027-fr","material-m310-fr","material-m326-fr","material-m306-fr","material-m097-fr","material-mc01-fr","material-m055-fr","material-m327-fr","material-m325-fr","material-m329-fr","material-m328-fr","material-m028-fr","material-m312-fr","color-beige-fr","color-multicolor-fr","color-silver-fr","color-orange-fr","color-transparent-fr","color-white-fr","color-grey-fr","color-chocolate-fr","color-black-fr","color-gold-fr","color-pink-gold-fr"],"acf":{"sku":"01.91","line":[73983],"is_accessory":false,"is_configurable":true,"kind":[70941,70942,70947],"rooms":[71459,71464],"seats":"9","dimensions":{"diameter":"150","x":"","z":"75","y":""},"finishing":{"top":{"67884":67884,"67886":67886,"67890":67890,"67894":67894,"67903":67903,"67907":67907,"67916":67916,"67919":67919,"67920":67920,"67959":67959,"67961":67961,"67963":67963,"67965":67965,"68255":68255,"68260":68260,"68262":68262,"68264":68264,"68267":68267,"68269":68269,"75684":75684,"77585":77585},"structure":{"68009":68009,"68013":68013,"68015":68015,"68016":68016,"68029":68029,"68031":68031,"68033":68033,"68034":68034,"68035":68035,"68036":68036,"68037":68037,"68040":68040,"68042":68042,"68044":68044},"lower_cuff":[],"upper_cuff":[],"matchable_top":[],"builtin_revolving_central_top":[],"throat":[],"lampshade":[],"back":[],"sitting":[],"cushions":[],"decorative_inner":[],"decorative_inserts":[],"side":[],"support":[],"front_doors":[],"top_front_doors":[],"seat_structure":[],"top_structure":[],"covering":[],"optional_shelf":[],"mirror":[],"side_panels":[],"centerpiece":[]},"colors":{"top":{"77344":77344,"77336":77336,"77346":77346,"60635":60635,"75856":75856,"77345":77345,"75045":75045,"75756":75756},"structure":{"77344":77344,"75630":75630,"77336":77336,"75045":75045,"77346":77346,"77347":77347,"77348":77348,"77345":77345,"60635":60635},"lower_cuff":[],"upper_cuff":[],"matchable_top":[],"builtin_revolving_central_top":[],"throat":[],"lampshade":[],"back":[],"sitting":[],"cushions":[],"decorative_inner":[],"decorative_inserts":[],"side":[],"support":[],"front_doors":[],"top_front_doors":[],"seat_structure":[],"top_structure":[],"covering":[],"optional_shelf":[],"mirror":[],"side_panels":[],"centerpiece":[]},"accessories":"","related":[126846,126962,126977,126988,127263],"gallery":[20034,20033,25869,25877,60900],"product_sheet":"","attachments":null,"videos":null,"silhouette":29572},"_links":{"self":[{"href":"https:\/\/www.bontempi.it\/fr\/wp-json\/wp\/v2\/product\/128690","targetHints":{"allow":["GET"]}}],"collection":[{"href":"https:\/\/www.bontempi.it\/fr\/wp-json\/wp\/v2\/product"}],"about":[{"href":"https:\/\/www.bontempi.it\/fr\/wp-json\/wp\/v2\/types\/product"}],"acf:attachment":[{"embeddable":true,"href":"https:\/\/www.bontempi.it\/fr\/wp-json\/wp\/v2\/media\/60900"},{"embeddable":true,"href":"https:\/\/www.bontempi.it\/fr\/wp-json\/wp\/v2\/media\/25877"},{"embeddable":true,"href":"https:\/\/www.bontempi.it\/fr\/wp-json\/wp\/v2\/media\/25869"},{"embeddable":true,"href":"https:\/\/www.bontempi.it\/fr\/wp-json\/wp\/v2\/media\/20033"},{"embeddable":true,"href":"https:\/\/www.bontempi.it\/fr\/wp-json\/wp\/v2\/media\/20034"}],"acf:post":[{"embeddable":true,"href":"https:\/\/www.bontempi.it\/fr\/wp-json\/wp\/v2\/product\/127263"},{"embeddable":true,"href":"https:\/\/www.bontempi.it\/fr\/wp-json\/wp\/v2\/product\/126988"},{"embeddable":true,"href":"https:\/\/www.bontempi.it\/fr\/wp-json\/wp\/v2\/product\/126977"},{"embeddable":true,"href":"https:\/\/www.bontempi.it\/fr\/wp-json\/wp\/v2\/product\/126962"},{"embeddable":true,"href":"https:\/\/www.bontempi.it\/fr\/wp-json\/wp\/v2\/product\/126846"}],"acf:term":[{"embeddable":true,"taxonomy":"room","href":"https:\/\/www.bontempi.it\/fr\/wp-json\/wp\/v2\/room\/71464"},{"embeddable":true,"taxonomy":"room","href":"https:\/\/www.bontempi.it\/fr\/wp-json\/wp\/v2\/room\/71459"},{"embeddable":true,"taxonomy":"kind","href":"https:\/\/www.bontempi.it\/fr\/wp-json\/wp\/v2\/kind\/70947"},{"embeddable":true,"taxonomy":"kind","href":"https:\/\/www.bontempi.it\/fr\/wp-json\/wp\/v2\/kind\/70942"},{"embeddable":true,"taxonomy":"kind","href":"https:\/\/www.bontempi.it\/fr\/wp-json\/wp\/v2\/kind\/70941"},{"embeddable":true,"taxonomy":"line","href":"https:\/\/www.bontempi.it\/fr\/wp-json\/wp\/v2\/line\/73983"}],"wp:attachment":[{"href":"https:\/\/www.bontempi.it\/fr\/wp-json\/wp\/v2\/media?parent=128690"}],"wp:term":[{"taxonomy":"line","embeddable":true,"href":"https:\/\/www.bontempi.it\/fr\/wp-json\/wp\/v2\/line?post=128690"},{"taxonomy":"kind","embeddable":true,"href":"https:\/\/www.bontempi.it\/fr\/wp-json\/wp\/v2\/kind?post=128690"},{"taxonomy":"room","embeddable":true,"href":"https:\/\/www.bontempi.it\/fr\/wp-json\/wp\/v2\/room?post=128690"},{"taxonomy":"material","embeddable":true,"href":"https:\/\/www.bontempi.it\/fr\/wp-json\/wp\/v2\/material?post=128690"},{"taxonomy":"color","embeddable":true,"href":"https:\/\/www.bontempi.it\/fr\/wp-json\/wp\/v2\/color?post=128690"},{"taxonomy":"certification","embeddable":true,"href":"https:\/\/www.bontempi.it\/fr\/wp-json\/wp\/v2\/certification?post=128690"}],"curies":[{"name":"wp","href":"https:\/\/api.w.org\/{rel}","templated":true}]}}