{"id":128680,"date":"2023-11-09T09:46:48","date_gmt":"2023-11-09T08:46:48","guid":{"rendered":"https:\/\/www.bontempi.it\/product\/alter-alto-outdoor-01-78out\/"},"modified":"2024-04-30T10:05:22","modified_gmt":"2024-04-30T08:05:22","slug":"alter-alto-outdoor-01-78out","status":"publish","type":"product","link":"https:\/\/www.bontempi.it\/fr\/alter-haut-pour-lexterieur-0178out\/","title":{"rendered":"Alter Haut pour l\u2019ext\u00e9rieur &#8211; 01.78OUT"},"content":{"rendered":"<p>Socle pour l&rsquo;ext\u00e9rieur en m\u00e9tal inox, disponible pour plateaux en stratifi\u00e9 ou alu compact.<\/p>\n","protected":false},"excerpt":{"rendered":"<p>Socle pour l&rsquo;ext\u00e9rieur en m\u00e9tal inox, disponible pour plateaux en stratifi\u00e9 ou alu compact.<\/p>\n","protected":false},"featured_media":0,"template":"","line":[73960],"kind":[70870,70941,70942,70947,70948],"room":[71450,71463,71464],"material":[68030,68039,68043,68230,68232,68234,68236,68239,68241],"color":[60635,77336,77344,77345,77346],"certification":[60763],"class_list":["post-128680","product","type-product","status-publish","hentry","line-alter-alto-outdoor-fr","kind-fixed-square","kind-tables-fr","kind-fixed-fr","kind-fixed-round-fr","kind-fixed-square-fr","room-contract","room-outdoor-fr","room-contract-fr","material-m097x-fr","material-m028x-fr","material-m312x-fr","material-ps05-fr","material-ps04-fr","material-ps02-fr","material-ps03-fr","material-pf01-fr","material-pl01-fr","color-beige-fr","color-white-fr","color-grey-fr","color-chocolate-fr","color-black-fr","certification-outdoor-tavoli-fr"],"acf":{"sku":"01.78OUT","line":[73960],"is_accessory":true,"is_configurable":true,"kind":[70870,70941,70942,70948,70947],"rooms":[71463,71464,71450],"seats":"","dimensions":{"diameter":"","x":"47","z":"47","y":"109.5"},"finishing":{"top":[],"structure":{"68014":68014,"68018":68018,"68030":68030,"68039":68039,"68043":68043},"lower_cuff":[],"upper_cuff":[],"matchable_top":{"68230":68230,"68232":68232,"68234":68234,"68236":68236,"68239":68239,"68241":68241},"builtin_revolving_central_top":[],"throat":[],"lampshade":[],"back":[],"sitting":[],"cushions":[],"decorative_inner":[],"decorative_inserts":[],"side":[],"support":[],"front_doors":[],"top_front_doors":[],"seat_structure":[],"top_structure":[],"covering":[],"optional_shelf":[],"mirror":[],"side_panels":[],"centerpiece":[]},"colors":{"top":[],"structure":{"77344":77344,"77336":77336,"77345":77345,"60635":60635},"lower_cuff":[],"upper_cuff":[],"matchable_top":{"77344":77344,"77336":77336,"77346":77346},"builtin_revolving_central_top":[],"throat":[],"lampshade":[],"back":[],"sitting":[],"cushions":[],"decorative_inner":[],"decorative_inserts":[],"side":[],"support":[],"front_doors":[],"top_front_doors":[],"seat_structure":[],"top_structure":[],"covering":[],"optional_shelf":[],"mirror":[],"side_panels":[],"centerpiece":[]},"accessories":"","related":[126227,126890,126891,126923],"gallery":[59232,25857,60372],"product_sheet":"https:\/\/www.bontempi.it\/wp-content\/uploads\/2023\/03\/Alter-01.78-Alto.pdf","attachments":null,"videos":null,"silhouette":36387},"_links":{"self":[{"href":"https:\/\/www.bontempi.it\/fr\/wp-json\/wp\/v2\/product\/128680","targetHints":{"allow":["GET"]}}],"collection":[{"href":"https:\/\/www.bontempi.it\/fr\/wp-json\/wp\/v2\/product"}],"about":[{"href":"https:\/\/www.bontempi.it\/fr\/wp-json\/wp\/v2\/types\/product"}],"acf:attachment":[{"embeddable":true,"href":"https:\/\/www.bontempi.it\/fr\/wp-json\/wp\/v2\/media\/60372"},{"embeddable":true,"href":"https:\/\/www.bontempi.it\/fr\/wp-json\/wp\/v2\/media\/25857"},{"embeddable":true,"href":"https:\/\/www.bontempi.it\/fr\/wp-json\/wp\/v2\/media\/59232"}],"acf:post":[{"embeddable":true,"href":"https:\/\/www.bontempi.it\/fr\/wp-json\/wp\/v2\/product\/126923"},{"embeddable":true,"href":"https:\/\/www.bontempi.it\/fr\/wp-json\/wp\/v2\/product\/126891"},{"embeddable":true,"href":"https:\/\/www.bontempi.it\/fr\/wp-json\/wp\/v2\/product\/126890"},{"embeddable":true,"href":"https:\/\/www.bontempi.it\/fr\/wp-json\/wp\/v2\/product\/126227"}],"acf:term":[{"embeddable":true,"taxonomy":"room","href":"https:\/\/www.bontempi.it\/fr\/wp-json\/wp\/v2\/room\/71450"},{"embeddable":true,"taxonomy":"room","href":"https:\/\/www.bontempi.it\/fr\/wp-json\/wp\/v2\/room\/71464"},{"embeddable":true,"taxonomy":"room","href":"https:\/\/www.bontempi.it\/fr\/wp-json\/wp\/v2\/room\/71463"},{"embeddable":true,"taxonomy":"kind","href":"https:\/\/www.bontempi.it\/fr\/wp-json\/wp\/v2\/kind\/70947"},{"embeddable":true,"taxonomy":"kind","href":"https:\/\/www.bontempi.it\/fr\/wp-json\/wp\/v2\/kind\/70948"},{"embeddable":true,"taxonomy":"kind","href":"https:\/\/www.bontempi.it\/fr\/wp-json\/wp\/v2\/kind\/70942"},{"embeddable":true,"taxonomy":"kind","href":"https:\/\/www.bontempi.it\/fr\/wp-json\/wp\/v2\/kind\/70941"},{"embeddable":true,"taxonomy":"kind","href":"https:\/\/www.bontempi.it\/fr\/wp-json\/wp\/v2\/kind\/70870"},{"embeddable":true,"taxonomy":"line","href":"https:\/\/www.bontempi.it\/fr\/wp-json\/wp\/v2\/line\/73960"}],"wp:attachment":[{"href":"https:\/\/www.bontempi.it\/fr\/wp-json\/wp\/v2\/media?parent=128680"}],"wp:term":[{"taxonomy":"line","embeddable":true,"href":"https:\/\/www.bontempi.it\/fr\/wp-json\/wp\/v2\/line?post=128680"},{"taxonomy":"kind","embeddable":true,"href":"https:\/\/www.bontempi.it\/fr\/wp-json\/wp\/v2\/kind?post=128680"},{"taxonomy":"room","embeddable":true,"href":"https:\/\/www.bontempi.it\/fr\/wp-json\/wp\/v2\/room?post=128680"},{"taxonomy":"material","embeddable":true,"href":"https:\/\/www.bontempi.it\/fr\/wp-json\/wp\/v2\/material?post=128680"},{"taxonomy":"color","embeddable":true,"href":"https:\/\/www.bontempi.it\/fr\/wp-json\/wp\/v2\/color?post=128680"},{"taxonomy":"certification","embeddable":true,"href":"https:\/\/www.bontempi.it\/fr\/wp-json\/wp\/v2\/certification?post=128680"}],"curies":[{"name":"wp","href":"https:\/\/api.w.org\/{rel}","templated":true}]}}