{"id":128678,"date":"2023-11-09T09:46:48","date_gmt":"2023-11-09T08:46:48","guid":{"rendered":"https:\/\/www.bontempi.it\/product\/rico-alto-outdoor-01-77out\/"},"modified":"2024-04-30T10:05:20","modified_gmt":"2024-04-30T08:05:20","slug":"rico-alto-outdoor-01-77out","status":"publish","type":"product","link":"https:\/\/www.bontempi.it\/fr\/rico-haut-pour-lexterieur-0177out\/","title":{"rendered":"Rico Haut pour l\u2019ext\u00e9rieur &#8211; 01.77OUT"},"content":{"rendered":"<p>Socle pour l&rsquo;ext\u00e9rieur en m\u00e9tal inox, disponible pour plateaux en stratifi\u00e9 ou alu compact.<\/p>\n","protected":false},"excerpt":{"rendered":"<p>Socle pour l&rsquo;ext\u00e9rieur en m\u00e9tal inox, disponible pour plateaux en stratifi\u00e9 ou alu compact.<\/p>\n","protected":false},"featured_media":0,"template":"","line":[74228],"kind":[70870,70941,70942,70947,70948],"room":[71450,71463,71464],"material":[68235,68237,68238,68240,68030,68039,68043,68231,68233],"color":[60635,77336,77344,77345,77346],"certification":[60763],"class_list":["post-128678","product","type-product","status-publish","hentry","line-rico-alto-outdoor-fr","kind-fixed-square","kind-tables-fr","kind-fixed-fr","kind-fixed-round-fr","kind-fixed-square-fr","room-contract","room-outdoor-fr","room-contract-fr","material-ps02x-fr","material-ps03x-fr","material-pf01x-fr","material-pl01x-fr","material-m097x-fr","material-m028x-fr","material-m312x-fr","material-ps05x-fr","material-ps04x-fr","color-beige-fr","color-white-fr","color-grey-fr","color-chocolate-fr","color-black-fr","certification-outdoor-tavoli-fr"],"acf":{"sku":"01.77OUT","line":[74228],"is_accessory":true,"is_configurable":true,"kind":[70870,70941,70942,70948,70947],"rooms":[71463,71464,71450],"seats":"","dimensions":{"diameter":"47","x":"","z":"108","y":""},"finishing":{"top":[],"structure":{"68014":68014,"68018":68018,"68030":68030,"68039":68039,"68043":68043},"lower_cuff":[],"upper_cuff":[],"matchable_top":{"68231":68231,"68233":68233,"68235":68235,"68237":68237,"68238":68238,"68240":68240},"builtin_revolving_central_top":[],"throat":[],"lampshade":[],"back":[],"sitting":[],"cushions":[],"decorative_inner":[],"decorative_inserts":[],"side":[],"support":[],"front_doors":[],"top_front_doors":[],"seat_structure":[],"top_structure":[],"covering":[],"optional_shelf":[],"mirror":[],"side_panels":[],"centerpiece":[]},"colors":{"top":[],"structure":{"77344":77344,"77336":77336,"77345":77345,"60635":60635},"lower_cuff":[],"upper_cuff":[],"matchable_top":{"77344":77344,"77336":77336,"77346":77346},"builtin_revolving_central_top":[],"throat":[],"lampshade":[],"back":[],"sitting":[],"cushions":[],"decorative_inner":[],"decorative_inserts":[],"side":[],"support":[],"front_doors":[],"top_front_doors":[],"seat_structure":[],"top_structure":[],"covering":[],"optional_shelf":[],"mirror":[],"side_panels":[],"centerpiece":[]},"accessories":"","related":[126225,126291,126294,126295,126973,126974],"gallery":[31045,25849],"product_sheet":"https:\/\/www.bontempi.it\/wp-content\/uploads\/2023\/03\/Rico-01.77-Alto.pdf","attachments":null,"videos":null,"silhouette":32483},"_links":{"self":[{"href":"https:\/\/www.bontempi.it\/fr\/wp-json\/wp\/v2\/product\/128678","targetHints":{"allow":["GET"]}}],"collection":[{"href":"https:\/\/www.bontempi.it\/fr\/wp-json\/wp\/v2\/product"}],"about":[{"href":"https:\/\/www.bontempi.it\/fr\/wp-json\/wp\/v2\/types\/product"}],"acf:attachment":[{"embeddable":true,"href":"https:\/\/www.bontempi.it\/fr\/wp-json\/wp\/v2\/media\/25849"},{"embeddable":true,"href":"https:\/\/www.bontempi.it\/fr\/wp-json\/wp\/v2\/media\/31045"}],"acf:post":[{"embeddable":true,"href":"https:\/\/www.bontempi.it\/fr\/wp-json\/wp\/v2\/product\/126974"},{"embeddable":true,"href":"https:\/\/www.bontempi.it\/fr\/wp-json\/wp\/v2\/product\/126973"},{"embeddable":true,"href":"https:\/\/www.bontempi.it\/fr\/wp-json\/wp\/v2\/product\/126295"},{"embeddable":true,"href":"https:\/\/www.bontempi.it\/fr\/wp-json\/wp\/v2\/product\/126294"},{"embeddable":true,"href":"https:\/\/www.bontempi.it\/fr\/wp-json\/wp\/v2\/product\/126291"},{"embeddable":true,"href":"https:\/\/www.bontempi.it\/fr\/wp-json\/wp\/v2\/product\/126225"}],"acf:term":[{"embeddable":true,"taxonomy":"room","href":"https:\/\/www.bontempi.it\/fr\/wp-json\/wp\/v2\/room\/71450"},{"embeddable":true,"taxonomy":"room","href":"https:\/\/www.bontempi.it\/fr\/wp-json\/wp\/v2\/room\/71464"},{"embeddable":true,"taxonomy":"room","href":"https:\/\/www.bontempi.it\/fr\/wp-json\/wp\/v2\/room\/71463"},{"embeddable":true,"taxonomy":"kind","href":"https:\/\/www.bontempi.it\/fr\/wp-json\/wp\/v2\/kind\/70947"},{"embeddable":true,"taxonomy":"kind","href":"https:\/\/www.bontempi.it\/fr\/wp-json\/wp\/v2\/kind\/70948"},{"embeddable":true,"taxonomy":"kind","href":"https:\/\/www.bontempi.it\/fr\/wp-json\/wp\/v2\/kind\/70942"},{"embeddable":true,"taxonomy":"kind","href":"https:\/\/www.bontempi.it\/fr\/wp-json\/wp\/v2\/kind\/70941"},{"embeddable":true,"taxonomy":"kind","href":"https:\/\/www.bontempi.it\/fr\/wp-json\/wp\/v2\/kind\/70870"},{"embeddable":true,"taxonomy":"line","href":"https:\/\/www.bontempi.it\/fr\/wp-json\/wp\/v2\/line\/74228"}],"wp:attachment":[{"href":"https:\/\/www.bontempi.it\/fr\/wp-json\/wp\/v2\/media?parent=128678"}],"wp:term":[{"taxonomy":"line","embeddable":true,"href":"https:\/\/www.bontempi.it\/fr\/wp-json\/wp\/v2\/line?post=128678"},{"taxonomy":"kind","embeddable":true,"href":"https:\/\/www.bontempi.it\/fr\/wp-json\/wp\/v2\/kind?post=128678"},{"taxonomy":"room","embeddable":true,"href":"https:\/\/www.bontempi.it\/fr\/wp-json\/wp\/v2\/room?post=128678"},{"taxonomy":"material","embeddable":true,"href":"https:\/\/www.bontempi.it\/fr\/wp-json\/wp\/v2\/material?post=128678"},{"taxonomy":"color","embeddable":true,"href":"https:\/\/www.bontempi.it\/fr\/wp-json\/wp\/v2\/color?post=128678"},{"taxonomy":"certification","embeddable":true,"href":"https:\/\/www.bontempi.it\/fr\/wp-json\/wp\/v2\/certification?post=128678"}],"curies":[{"name":"wp","href":"https:\/\/api.w.org\/{rel}","templated":true}]}}