{"id":128677,"date":"2023-11-09T09:46:48","date_gmt":"2023-11-09T08:46:48","guid":{"rendered":"https:\/\/www.bontempi.it\/product\/rico-alto-01-77\/"},"modified":"2024-04-30T10:05:19","modified_gmt":"2024-04-30T08:05:19","slug":"rico-alto-01-77","status":"publish","type":"product","link":"https:\/\/www.bontempi.it\/fr\/rico-haut-0177\/","title":{"rendered":"Rico Haut &#8211; 01.77"},"content":{"rendered":"<p>Socle en m\u00e9tal inox, disponible pour plateaux en stratifi\u00e9, alu compact ou m\u00e9lamin\u00e9.<\/p>\n","protected":false},"excerpt":{"rendered":"<p>Socle en m\u00e9tal inox, disponible pour plateaux en stratifi\u00e9, alu compact ou m\u00e9lamin\u00e9.<\/p>\n","protected":false},"featured_media":0,"template":"","line":[74227],"kind":[70870,70941,70942,70947,70948],"room":[71461,71464],"material":[68033,68040,68042,68048,68050,68052,68231,68233,68235,68237,68238,68240],"color":[60635,77336,77344,77345,77346,77349],"certification":[],"class_list":["post-128677","product","type-product","status-publish","hentry","line-rico-alto-fr","kind-fixed-square","kind-tables-fr","kind-fixed-fr","kind-fixed-round-fr","kind-fixed-square-fr","room-kitchen-fr","room-contract-fr","material-m055-fr","material-m028-fr","material-m312-fr","material-pn07x-fr","material-pn09x-fr","material-pn08x-fr","material-ps05x-fr","material-ps04x-fr","material-ps02x-fr","material-ps03x-fr","material-pf01x-fr","material-pl01x-fr","color-beige-fr","color-white-fr","color-grey-fr","color-chocolate-fr","color-black-fr","color-red-fr"],"acf":{"sku":"01.77","line":[74227],"is_accessory":true,"is_configurable":true,"kind":[70870,70941,70942,70948,70947],"rooms":[71461,71464],"seats":"","dimensions":{"diameter":"47","x":"","z":"108","y":""},"finishing":{"top":[],"structure":{"68013":68013,"68016":68016,"68029":68029,"68033":68033,"68040":68040,"68042":68042},"lower_cuff":[],"upper_cuff":[],"matchable_top":{"68048":68048,"68050":68050,"68052":68052,"68231":68231,"68233":68233,"68235":68235,"68237":68237,"68238":68238,"68240":68240},"builtin_revolving_central_top":[],"throat":[],"lampshade":[],"back":[],"sitting":[],"cushions":[],"decorative_inner":[],"decorative_inserts":[],"side":[],"support":[],"front_doors":[],"top_front_doors":[],"seat_structure":[],"top_structure":[],"covering":[],"optional_shelf":[],"mirror":[],"side_panels":[],"centerpiece":[]},"colors":{"top":[],"structure":{"77344":77344,"77336":77336,"77346":77346,"77345":77345,"60635":60635},"lower_cuff":[],"upper_cuff":[],"matchable_top":{"77336":77336,"77349":77349,"77344":77344,"77346":77346},"builtin_revolving_central_top":[],"throat":[],"lampshade":[],"back":[],"sitting":[],"cushions":[],"decorative_inner":[],"decorative_inserts":[],"side":[],"support":[],"front_doors":[],"top_front_doors":[],"seat_structure":[],"top_structure":[],"covering":[],"optional_shelf":[],"mirror":[],"side_panels":[],"centerpiece":[]},"accessories":"","related":[126226,126973,127015],"gallery":[31045,25849],"product_sheet":"https:\/\/www.bontempi.it\/wp-content\/uploads\/2023\/03\/Rico-01.77-Alto.pdf","attachments":null,"videos":null,"silhouette":32483},"_links":{"self":[{"href":"https:\/\/www.bontempi.it\/fr\/wp-json\/wp\/v2\/product\/128677","targetHints":{"allow":["GET"]}}],"collection":[{"href":"https:\/\/www.bontempi.it\/fr\/wp-json\/wp\/v2\/product"}],"about":[{"href":"https:\/\/www.bontempi.it\/fr\/wp-json\/wp\/v2\/types\/product"}],"acf:attachment":[{"embeddable":true,"href":"https:\/\/www.bontempi.it\/fr\/wp-json\/wp\/v2\/media\/25849"},{"embeddable":true,"href":"https:\/\/www.bontempi.it\/fr\/wp-json\/wp\/v2\/media\/31045"}],"acf:post":[{"embeddable":true,"href":"https:\/\/www.bontempi.it\/fr\/wp-json\/wp\/v2\/product\/127015"},{"embeddable":true,"href":"https:\/\/www.bontempi.it\/fr\/wp-json\/wp\/v2\/product\/126973"},{"embeddable":true,"href":"https:\/\/www.bontempi.it\/fr\/wp-json\/wp\/v2\/product\/126226"}],"acf:term":[{"embeddable":true,"taxonomy":"room","href":"https:\/\/www.bontempi.it\/fr\/wp-json\/wp\/v2\/room\/71464"},{"embeddable":true,"taxonomy":"room","href":"https:\/\/www.bontempi.it\/fr\/wp-json\/wp\/v2\/room\/71461"},{"embeddable":true,"taxonomy":"kind","href":"https:\/\/www.bontempi.it\/fr\/wp-json\/wp\/v2\/kind\/70947"},{"embeddable":true,"taxonomy":"kind","href":"https:\/\/www.bontempi.it\/fr\/wp-json\/wp\/v2\/kind\/70948"},{"embeddable":true,"taxonomy":"kind","href":"https:\/\/www.bontempi.it\/fr\/wp-json\/wp\/v2\/kind\/70942"},{"embeddable":true,"taxonomy":"kind","href":"https:\/\/www.bontempi.it\/fr\/wp-json\/wp\/v2\/kind\/70941"},{"embeddable":true,"taxonomy":"kind","href":"https:\/\/www.bontempi.it\/fr\/wp-json\/wp\/v2\/kind\/70870"},{"embeddable":true,"taxonomy":"line","href":"https:\/\/www.bontempi.it\/fr\/wp-json\/wp\/v2\/line\/74227"}],"wp:attachment":[{"href":"https:\/\/www.bontempi.it\/fr\/wp-json\/wp\/v2\/media?parent=128677"}],"wp:term":[{"taxonomy":"line","embeddable":true,"href":"https:\/\/www.bontempi.it\/fr\/wp-json\/wp\/v2\/line?post=128677"},{"taxonomy":"kind","embeddable":true,"href":"https:\/\/www.bontempi.it\/fr\/wp-json\/wp\/v2\/kind?post=128677"},{"taxonomy":"room","embeddable":true,"href":"https:\/\/www.bontempi.it\/fr\/wp-json\/wp\/v2\/room?post=128677"},{"taxonomy":"material","embeddable":true,"href":"https:\/\/www.bontempi.it\/fr\/wp-json\/wp\/v2\/material?post=128677"},{"taxonomy":"color","embeddable":true,"href":"https:\/\/www.bontempi.it\/fr\/wp-json\/wp\/v2\/color?post=128677"},{"taxonomy":"certification","embeddable":true,"href":"https:\/\/www.bontempi.it\/fr\/wp-json\/wp\/v2\/certification?post=128677"}],"curies":[{"name":"wp","href":"https:\/\/api.w.org\/{rel}","templated":true}]}}