{"id":128676,"date":"2023-11-09T09:46:48","date_gmt":"2023-11-09T08:46:48","guid":{"rendered":"https:\/\/www.bontempi.it\/product\/alter-basso-outdoor-01-76out\/"},"modified":"2024-04-30T10:05:18","modified_gmt":"2024-04-30T08:05:18","slug":"alter-basso-outdoor-01-76out","status":"publish","type":"product","link":"https:\/\/www.bontempi.it\/fr\/alter-bas-pour-lexterieur-0176out\/","title":{"rendered":"Alter Bas pour l\u2019ext\u00e9rieur &#8211; 01.76OUT"},"content":{"rendered":"<p>Socle pour l&rsquo;ext\u00e9rieur en m\u00e9tal inox, disponible pour plateaux en stratifi\u00e9 ou alu compact.<\/p>\n","protected":false},"excerpt":{"rendered":"<p>Socle pour l&rsquo;ext\u00e9rieur en m\u00e9tal inox, disponible pour plateaux en stratifi\u00e9 ou alu compact.<\/p>\n","protected":false},"featured_media":0,"template":"","line":[73962],"kind":[70941,70942,70947,70948,70870],"room":[71463,71464,71450],"material":[68039,68043,68230,68232,68234,68236,68239,68241,68030],"color":[77336,77344,77345,77346,60635],"certification":[60763],"class_list":["post-128676","product","type-product","status-publish","hentry","line-alter-basso-outdoor-fr","kind-tables-fr","kind-fixed-fr","kind-fixed-round-fr","kind-fixed-square-fr","kind-fixed-square","room-outdoor-fr","room-contract-fr","room-contract","material-m028x-fr","material-m312x-fr","material-ps05-fr","material-ps04-fr","material-ps02-fr","material-ps03-fr","material-pf01-fr","material-pl01-fr","material-m097x-fr","color-white-fr","color-grey-fr","color-chocolate-fr","color-black-fr","color-beige-fr","certification-outdoor-tavoli-fr"],"acf":{"sku":"01.76OUT","line":[73962],"is_accessory":true,"is_configurable":true,"kind":[70870,70941,70942,70948,70947],"rooms":[71463,71464,71450],"seats":"","dimensions":{"diameter":"","x":"47","z":"47","y":"74.5"},"finishing":{"top":[],"structure":{"68014":68014,"68018":68018,"68030":68030,"68039":68039,"68043":68043},"lower_cuff":[],"upper_cuff":[],"matchable_top":{"68230":68230,"68232":68232,"68234":68234,"68236":68236,"68239":68239,"68241":68241},"builtin_revolving_central_top":[],"throat":[],"lampshade":[],"back":[],"sitting":[],"cushions":[],"decorative_inner":[],"decorative_inserts":[],"side":[],"support":[],"front_doors":[],"top_front_doors":[],"seat_structure":[],"top_structure":[],"covering":[],"optional_shelf":[],"mirror":[],"side_panels":[],"centerpiece":[]},"colors":{"top":[],"structure":{"77344":77344,"77336":77336,"77345":77345,"60635":60635},"lower_cuff":[],"upper_cuff":[],"matchable_top":{"77344":77344,"77336":77336,"77346":77346},"builtin_revolving_central_top":[],"throat":[],"lampshade":[],"back":[],"sitting":[],"cushions":[],"decorative_inner":[],"decorative_inserts":[],"side":[],"support":[],"front_doors":[],"top_front_doors":[],"seat_structure":[],"top_structure":[],"covering":[],"optional_shelf":[],"mirror":[],"side_panels":[],"centerpiece":[]},"accessories":"","related":[126223,126799,126800,126919,127146,127147],"gallery":[7328],"product_sheet":"https:\/\/www.bontempi.it\/wp-content\/uploads\/2023\/03\/Alter-01.76-Basso.pdf","attachments":null,"videos":null,"silhouette":36379},"_links":{"self":[{"href":"https:\/\/www.bontempi.it\/fr\/wp-json\/wp\/v2\/product\/128676","targetHints":{"allow":["GET"]}}],"collection":[{"href":"https:\/\/www.bontempi.it\/fr\/wp-json\/wp\/v2\/product"}],"about":[{"href":"https:\/\/www.bontempi.it\/fr\/wp-json\/wp\/v2\/types\/product"}],"acf:attachment":[{"embeddable":true,"href":"https:\/\/www.bontempi.it\/fr\/wp-json\/wp\/v2\/media\/7328"}],"acf:post":[{"embeddable":true,"href":"https:\/\/www.bontempi.it\/fr\/wp-json\/wp\/v2\/product\/127147"},{"embeddable":true,"href":"https:\/\/www.bontempi.it\/fr\/wp-json\/wp\/v2\/product\/127146"},{"embeddable":true,"href":"https:\/\/www.bontempi.it\/fr\/wp-json\/wp\/v2\/product\/126919"},{"embeddable":true,"href":"https:\/\/www.bontempi.it\/fr\/wp-json\/wp\/v2\/product\/126800"},{"embeddable":true,"href":"https:\/\/www.bontempi.it\/fr\/wp-json\/wp\/v2\/product\/126799"},{"embeddable":true,"href":"https:\/\/www.bontempi.it\/fr\/wp-json\/wp\/v2\/product\/126223"}],"acf:term":[{"embeddable":true,"taxonomy":"room","href":"https:\/\/www.bontempi.it\/fr\/wp-json\/wp\/v2\/room\/71450"},{"embeddable":true,"taxonomy":"room","href":"https:\/\/www.bontempi.it\/fr\/wp-json\/wp\/v2\/room\/71464"},{"embeddable":true,"taxonomy":"room","href":"https:\/\/www.bontempi.it\/fr\/wp-json\/wp\/v2\/room\/71463"},{"embeddable":true,"taxonomy":"kind","href":"https:\/\/www.bontempi.it\/fr\/wp-json\/wp\/v2\/kind\/70947"},{"embeddable":true,"taxonomy":"kind","href":"https:\/\/www.bontempi.it\/fr\/wp-json\/wp\/v2\/kind\/70948"},{"embeddable":true,"taxonomy":"kind","href":"https:\/\/www.bontempi.it\/fr\/wp-json\/wp\/v2\/kind\/70942"},{"embeddable":true,"taxonomy":"kind","href":"https:\/\/www.bontempi.it\/fr\/wp-json\/wp\/v2\/kind\/70941"},{"embeddable":true,"taxonomy":"kind","href":"https:\/\/www.bontempi.it\/fr\/wp-json\/wp\/v2\/kind\/70870"},{"embeddable":true,"taxonomy":"line","href":"https:\/\/www.bontempi.it\/fr\/wp-json\/wp\/v2\/line\/73962"}],"wp:attachment":[{"href":"https:\/\/www.bontempi.it\/fr\/wp-json\/wp\/v2\/media?parent=128676"}],"wp:term":[{"taxonomy":"line","embeddable":true,"href":"https:\/\/www.bontempi.it\/fr\/wp-json\/wp\/v2\/line?post=128676"},{"taxonomy":"kind","embeddable":true,"href":"https:\/\/www.bontempi.it\/fr\/wp-json\/wp\/v2\/kind?post=128676"},{"taxonomy":"room","embeddable":true,"href":"https:\/\/www.bontempi.it\/fr\/wp-json\/wp\/v2\/room?post=128676"},{"taxonomy":"material","embeddable":true,"href":"https:\/\/www.bontempi.it\/fr\/wp-json\/wp\/v2\/material?post=128676"},{"taxonomy":"color","embeddable":true,"href":"https:\/\/www.bontempi.it\/fr\/wp-json\/wp\/v2\/color?post=128676"},{"taxonomy":"certification","embeddable":true,"href":"https:\/\/www.bontempi.it\/fr\/wp-json\/wp\/v2\/certification?post=128676"}],"curies":[{"name":"wp","href":"https:\/\/api.w.org\/{rel}","templated":true}]}}