{"id":128669,"date":"2023-11-09T09:46:48","date_gmt":"2023-11-09T08:46:48","guid":{"rendered":"https:\/\/www.bontempi.it\/product\/barone-01-58\/"},"modified":"2024-04-30T10:05:10","modified_gmt":"2024-04-30T08:05:10","slug":"barone-01-58","status":"publish","type":"product","link":"https:\/\/www.bontempi.it\/fr\/barone-0158\/","title":{"rendered":"Barone &#8211; 01.58"},"content":{"rendered":"<p>Table ronde structure en m\u00e9tal laqu\u00e9 ou chrom\u00e9. Plateau en Verre ou Verre velvet anti-rayures.<\/p>\n","protected":false},"excerpt":{"rendered":"<p>Table ronde structure en m\u00e9tal laqu\u00e9 ou chrom\u00e9. Plateau en Verre ou Verre velvet anti-rayures.<\/p>\n","protected":false},"featured_media":0,"template":"","line":[73983],"kind":[70941,70942,70947],"room":[71459],"material":[68044,68269,68271,68009,75684,68013,68015,68016,68029,68031,68033,68034,68035,68036,68037,68040,68042],"color":[60635,75045,75630,75756,75856,77336,77344,77345,77346,77347,77348],"certification":[],"class_list":["post-128669","product","type-product","status-publish","hentry","line-barone-fr","kind-tables-fr","kind-fixed-fr","kind-fixed-round-fr","room-living-fr","material-m307-fr","material-cm005-fr","material-cm025-fr","material-g093-fr","material-cm027-fr","material-m310-fr","material-m326-fr","material-m306-fr","material-m097-fr","material-mc01-fr","material-m055-fr","material-m327-fr","material-m325-fr","material-m329-fr","material-m328-fr","material-m028-fr","material-m312-fr","color-beige-fr","color-multicolor-fr","color-silver-fr","color-orange-fr","color-transparent-fr","color-white-fr","color-grey-fr","color-chocolate-fr","color-black-fr","color-gold-fr","color-pink-gold-fr"],"acf":{"sku":"01.58","line":[73983],"is_accessory":false,"is_configurable":true,"kind":[70941,70942,70947],"rooms":[71459],"seats":"7","dimensions":{"diameter":"130","x":"","z":"75","y":""},"finishing":{"top":{"67884":67884,"67886":67886,"67890":67890,"67894":67894,"67903":67903,"67907":67907,"67916":67916,"67919":67919,"67920":67920,"68244":68244,"68249":68249,"68255":68255,"68260":68260,"68262":68262,"68264":68264,"68267":68267,"68269":68269,"68271":68271,"75684":75684,"77585":77585},"structure":{"68009":68009,"68013":68013,"68015":68015,"68016":68016,"68029":68029,"68031":68031,"68033":68033,"68034":68034,"68035":68035,"68036":68036,"68037":68037,"68040":68040,"68042":68042,"68044":68044},"lower_cuff":[],"upper_cuff":[],"matchable_top":[],"builtin_revolving_central_top":[],"throat":[],"lampshade":[],"back":[],"sitting":[],"cushions":[],"decorative_inner":[],"decorative_inserts":[],"side":[],"support":[],"front_doors":[],"top_front_doors":[],"seat_structure":[],"top_structure":[],"covering":[],"optional_shelf":[],"mirror":[],"side_panels":[],"centerpiece":[]},"colors":{"top":{"77344":77344,"77336":77336,"77346":77346,"60635":60635,"75856":75856,"77345":77345,"75045":75045,"75756":75756},"structure":{"77344":77344,"75630":75630,"77336":77336,"75045":75045,"77346":77346,"77347":77347,"77348":77348,"77345":77345,"60635":60635},"lower_cuff":[],"upper_cuff":[],"matchable_top":[],"builtin_revolving_central_top":[],"throat":[],"lampshade":[],"back":[],"sitting":[],"cushions":[],"decorative_inner":[],"decorative_inserts":[],"side":[],"support":[],"front_doors":[],"top_front_doors":[],"seat_structure":[],"top_structure":[],"covering":[],"optional_shelf":[],"mirror":[],"side_panels":[],"centerpiece":[]},"accessories":"","related":[126229,126237,126238],"gallery":[29929],"product_sheet":"https:\/\/www.bontempi.it\/wp-content\/uploads\/2023\/03\/Barone-01.58-59.pdf","attachments":null,"videos":null,"silhouette":29572},"_links":{"self":[{"href":"https:\/\/www.bontempi.it\/fr\/wp-json\/wp\/v2\/product\/128669","targetHints":{"allow":["GET"]}}],"collection":[{"href":"https:\/\/www.bontempi.it\/fr\/wp-json\/wp\/v2\/product"}],"about":[{"href":"https:\/\/www.bontempi.it\/fr\/wp-json\/wp\/v2\/types\/product"}],"acf:attachment":[{"embeddable":true,"href":"https:\/\/www.bontempi.it\/fr\/wp-json\/wp\/v2\/media\/29929"}],"acf:post":[{"embeddable":true,"href":"https:\/\/www.bontempi.it\/fr\/wp-json\/wp\/v2\/product\/126238"},{"embeddable":true,"href":"https:\/\/www.bontempi.it\/fr\/wp-json\/wp\/v2\/product\/126237"},{"embeddable":true,"href":"https:\/\/www.bontempi.it\/fr\/wp-json\/wp\/v2\/product\/126229"}],"acf:term":[{"embeddable":true,"taxonomy":"room","href":"https:\/\/www.bontempi.it\/fr\/wp-json\/wp\/v2\/room\/71459"},{"embeddable":true,"taxonomy":"kind","href":"https:\/\/www.bontempi.it\/fr\/wp-json\/wp\/v2\/kind\/70947"},{"embeddable":true,"taxonomy":"kind","href":"https:\/\/www.bontempi.it\/fr\/wp-json\/wp\/v2\/kind\/70942"},{"embeddable":true,"taxonomy":"kind","href":"https:\/\/www.bontempi.it\/fr\/wp-json\/wp\/v2\/kind\/70941"},{"embeddable":true,"taxonomy":"line","href":"https:\/\/www.bontempi.it\/fr\/wp-json\/wp\/v2\/line\/73983"}],"wp:attachment":[{"href":"https:\/\/www.bontempi.it\/fr\/wp-json\/wp\/v2\/media?parent=128669"}],"wp:term":[{"taxonomy":"line","embeddable":true,"href":"https:\/\/www.bontempi.it\/fr\/wp-json\/wp\/v2\/line?post=128669"},{"taxonomy":"kind","embeddable":true,"href":"https:\/\/www.bontempi.it\/fr\/wp-json\/wp\/v2\/kind?post=128669"},{"taxonomy":"room","embeddable":true,"href":"https:\/\/www.bontempi.it\/fr\/wp-json\/wp\/v2\/room?post=128669"},{"taxonomy":"material","embeddable":true,"href":"https:\/\/www.bontempi.it\/fr\/wp-json\/wp\/v2\/material?post=128669"},{"taxonomy":"color","embeddable":true,"href":"https:\/\/www.bontempi.it\/fr\/wp-json\/wp\/v2\/color?post=128669"},{"taxonomy":"certification","embeddable":true,"href":"https:\/\/www.bontempi.it\/fr\/wp-json\/wp\/v2\/certification?post=128669"}],"curies":[{"name":"wp","href":"https:\/\/api.w.org\/{rel}","templated":true}]}}