{"id":128666,"date":"2023-11-09T09:46:48","date_gmt":"2023-11-09T08:46:48","guid":{"rendered":"https:\/\/www.bontempi.it\/product\/mago-01-34\/"},"modified":"2024-04-28T12:01:34","modified_gmt":"2024-04-28T10:01:34","slug":"mago-01-34","status":"publish","type":"product","link":"https:\/\/www.bontempi.it\/fr\/mago-0134\/","title":{"rendered":"Mago &#8211; 01.34"},"content":{"rendered":"<p>Table avec allonges, structure en m\u00e9tal laqu\u00e9 ou chrom\u00e9. Plateau en m\u00e9lamine, Unicolor anti-rayures, Verre ou Verre anti-rayures.<\/p>\n","protected":false},"excerpt":{"rendered":"<p>Table avec allonges, structure en m\u00e9tal laqu\u00e9 ou chrom\u00e9. Plateau en m\u00e9lamine, Unicolor anti-rayures, Verre ou Verre anti-rayures.<\/p>\n","protected":false},"featured_media":0,"template":"","line":[74148],"kind":[70941,70943,70950],"room":[71461],"material":[68042,68044,76211,76820,76825,68013,68016,68029,68033,68040],"color":[77346,60635,75856,77336,77344,77345],"certification":[],"class_list":["post-128666","product","type-product","status-publish","hentry","line-mago-fr","kind-tables-fr","kind-extendible-fr","kind-extendible-rectangular-fr","room-kitchen-fr","material-m312-fr","material-m307-fr","material-lf05-fr","material-lf02-fr","material-lf08-fr","material-m310-fr","material-m306-fr","material-m097-fr","material-m055-fr","material-m028-fr","color-black-fr","color-beige-fr","color-transparent-fr","color-white-fr","color-grey-fr","color-chocolate-fr"],"acf":{"sku":"01.34","line":[74148],"is_accessory":false,"is_configurable":false,"kind":[70941,70943,70950],"rooms":[71461],"seats":"6","dimensions":{"diameter":"","x":"100\/140","z":"70","y":"75"},"finishing":{"top":{"67884":67884,"67886":67886,"67894":67894,"67903":67903,"67907":67907,"67916":67916,"68001":68001,"68002":68002,"68003":68003,"68004":68004,"68005":68005,"68006":68006,"68007":68007,"68476":68476,"68479":68479,"76815":76815,"76211":76211,"76825":76825,"76820":76820},"structure":{"68013":68013,"68016":68016,"68029":68029,"68033":68033,"68040":68040,"68042":68042,"68044":68044},"lower_cuff":[],"upper_cuff":[],"matchable_top":[],"builtin_revolving_central_top":[],"throat":[],"lampshade":[],"back":[],"sitting":[],"cushions":[],"decorative_inner":[],"decorative_inserts":[],"side":[],"support":[],"front_doors":[],"top_front_doors":[],"seat_structure":[],"top_structure":[],"covering":[],"optional_shelf":[],"mirror":[],"side_panels":[],"centerpiece":[]},"colors":{"top":{"77344":77344,"77336":77336,"60635":60635,"75856":75856,"77346":77346,"77345":77345},"structure":{"77344":77344,"77336":77336,"77346":77346,"77345":77345,"60635":60635},"lower_cuff":[],"upper_cuff":[],"matchable_top":[],"builtin_revolving_central_top":[],"throat":[],"lampshade":[],"back":[],"sitting":[],"cushions":[],"decorative_inner":[],"decorative_inserts":[],"side":[],"support":[],"front_doors":[],"top_front_doors":[],"seat_structure":[],"top_structure":[],"covering":[],"optional_shelf":[],"mirror":[],"side_panels":[],"centerpiece":[]},"accessories":"","related":[126215,126216],"gallery":[19578,19579,18969],"product_sheet":"https:\/\/www.bontempi.it\/wp-content\/uploads\/2023\/03\/Mago-01.34-35-36.pdf","attachments":null,"videos":null,"silhouette":25579},"_links":{"self":[{"href":"https:\/\/www.bontempi.it\/fr\/wp-json\/wp\/v2\/product\/128666","targetHints":{"allow":["GET"]}}],"collection":[{"href":"https:\/\/www.bontempi.it\/fr\/wp-json\/wp\/v2\/product"}],"about":[{"href":"https:\/\/www.bontempi.it\/fr\/wp-json\/wp\/v2\/types\/product"}],"acf:attachment":[{"embeddable":true,"href":"https:\/\/www.bontempi.it\/fr\/wp-json\/wp\/v2\/media\/18969"},{"embeddable":true,"href":"https:\/\/www.bontempi.it\/fr\/wp-json\/wp\/v2\/media\/19579"},{"embeddable":true,"href":"https:\/\/www.bontempi.it\/fr\/wp-json\/wp\/v2\/media\/19578"}],"acf:post":[{"embeddable":true,"href":"https:\/\/www.bontempi.it\/fr\/wp-json\/wp\/v2\/product\/126216"},{"embeddable":true,"href":"https:\/\/www.bontempi.it\/fr\/wp-json\/wp\/v2\/product\/126215"}],"acf:term":[{"embeddable":true,"taxonomy":"room","href":"https:\/\/www.bontempi.it\/fr\/wp-json\/wp\/v2\/room\/71461"},{"embeddable":true,"taxonomy":"kind","href":"https:\/\/www.bontempi.it\/fr\/wp-json\/wp\/v2\/kind\/70950"},{"embeddable":true,"taxonomy":"kind","href":"https:\/\/www.bontempi.it\/fr\/wp-json\/wp\/v2\/kind\/70943"},{"embeddable":true,"taxonomy":"kind","href":"https:\/\/www.bontempi.it\/fr\/wp-json\/wp\/v2\/kind\/70941"},{"embeddable":true,"taxonomy":"line","href":"https:\/\/www.bontempi.it\/fr\/wp-json\/wp\/v2\/line\/74148"}],"wp:attachment":[{"href":"https:\/\/www.bontempi.it\/fr\/wp-json\/wp\/v2\/media?parent=128666"}],"wp:term":[{"taxonomy":"line","embeddable":true,"href":"https:\/\/www.bontempi.it\/fr\/wp-json\/wp\/v2\/line?post=128666"},{"taxonomy":"kind","embeddable":true,"href":"https:\/\/www.bontempi.it\/fr\/wp-json\/wp\/v2\/kind?post=128666"},{"taxonomy":"room","embeddable":true,"href":"https:\/\/www.bontempi.it\/fr\/wp-json\/wp\/v2\/room?post=128666"},{"taxonomy":"material","embeddable":true,"href":"https:\/\/www.bontempi.it\/fr\/wp-json\/wp\/v2\/material?post=128666"},{"taxonomy":"color","embeddable":true,"href":"https:\/\/www.bontempi.it\/fr\/wp-json\/wp\/v2\/color?post=128666"},{"taxonomy":"certification","embeddable":true,"href":"https:\/\/www.bontempi.it\/fr\/wp-json\/wp\/v2\/certification?post=128666"}],"curies":[{"name":"wp","href":"https:\/\/api.w.org\/{rel}","templated":true}]}}