{"id":25511,"date":"2022-02-28T18:10:44","date_gmt":"2022-02-28T17:10:44","guid":{"rendered":"http:\/\/bontempi.noooserver.com\/about\/"},"modified":"2025-07-14T16:48:53","modified_gmt":"2025-07-14T14:48:53","slug":"la-nostra-storia-fr","status":"publish","type":"page","link":"https:\/\/www.bontempi.it\/fr\/qui-somme-nous\/","title":{"rendered":"Qui somme nous"},"content":{"rendered":"<p>L\u2019am\u00e9lioration constante de la qualit\u00e9 de ses produits et de ses processus de production a conduit Bontempi \u00e0 la cr\u00e9ation d\u2019une installation galvanique, pour offrir \u00e0 ses clients la garantie \u00e0 vie sur les pi\u00e8ces chrom\u00e9es et plaqu\u00e9es or.<br \/>\nLe Jury de la XIVe \u00e9dition a d\u00e9cid\u00e9 de d\u00e9cerner le prix Compasso d\u2019Oro 1987 \u00e0 la chaise de s\u00e9jour \u00ab Delfina \u00bb pour l\u2019utilisation judicieuse de diff\u00e9rentes technologies dans une synth\u00e8se po\u00e9tique, \u00e9galement structurellement et ergonomiquement correcte. Ces derni\u00e8res ann\u00e9es, il y a une nouvelle expansion des unit\u00e9s de production, les techniques sont affin\u00e9es pour produire de plus en plus, de mani\u00e8re industrielle, des meubles de qualit\u00e9 suit le lancement de la nouvelle ligne LETTI DESIGN en 2002, avec une recherche de plus en plus marqu\u00e9e du design et du confort.<\/p>\n<p>Forte des excellents r\u00e9sultats obtenus dans le rembourrage, projet\u00e9s de plus en plus pour perfectionner les technologies et la production des mat\u00e9riaux, na\u00eet BONTEMPI DIVANI en 2004 ensemble a la nouvelle ligne de produits, INGENIA CASA, qui offre des solutions pratiques qui peuvent s\u2019ins\u00e9rer dans n\u2019importe quel style d\u2019habitation. Design jeune, excellente qualit\u00e9, produits fonctionnels, soign\u00e9s dans les formes et magistraux dans les productions, en ligne avec les tendances les plus actuelles, entre design et confort. Une nouvelle marque qui na\u00eet de la recherche incessante de solutions et de styles, offrant des solutions jour et nuit \u00e0 des prix tr\u00e8s comp\u00e9titifs.<\/p>\n","protected":false},"excerpt":{"rendered":"<p>L\u2019am\u00e9lioration constante de la qualit\u00e9 de ses produits et de ses processus de production a conduit Bontempi \u00e0 la cr\u00e9ation d\u2019une installation galvanique, pour offrir \u00e0 ses clients la garantie \u00e0 vie sur les pi\u00e8ces chrom\u00e9es et plaqu\u00e9es or. Le Jury de la XIVe \u00e9dition a d\u00e9cid\u00e9 de d\u00e9cerner le prix Compasso d\u2019Oro 1987 \u00e0 [&hellip;]<\/p>\n","protected":false},"author":1,"featured_media":0,"parent":0,"menu_order":0,"comment_status":"closed","ping_status":"closed","template":"page-about.php","meta":{"inline_featured_image":false,"footnotes":""},"class_list":["post-25511","page","type-page","status-publish","hentry"],"acf":{"lines_slider":[73276,73261,73274,75358,75707,75545,75784,75539,75361,73473,75544,75542,75355,73366,75712,73323,73319,73391],"gallery":""},"_links":{"self":[{"href":"https:\/\/www.bontempi.it\/fr\/wp-json\/wp\/v2\/pages\/25511","targetHints":{"allow":["GET"]}}],"collection":[{"href":"https:\/\/www.bontempi.it\/fr\/wp-json\/wp\/v2\/pages"}],"about":[{"href":"https:\/\/www.bontempi.it\/fr\/wp-json\/wp\/v2\/types\/page"}],"author":[{"embeddable":true,"href":"https:\/\/www.bontempi.it\/fr\/wp-json\/wp\/v2\/users\/1"}],"replies":[{"embeddable":true,"href":"https:\/\/www.bontempi.it\/fr\/wp-json\/wp\/v2\/comments?post=25511"}],"version-history":[{"count":6,"href":"https:\/\/www.bontempi.it\/fr\/wp-json\/wp\/v2\/pages\/25511\/revisions"}],"predecessor-version":[{"id":80960,"href":"https:\/\/www.bontempi.it\/fr\/wp-json\/wp\/v2\/pages\/25511\/revisions\/80960"}],"acf:term":[{"embeddable":true,"taxonomy":"line","href":"https:\/\/www.bontempi.it\/fr\/wp-json\/wp\/v2\/line\/73391"},{"embeddable":true,"taxonomy":"line","href":"https:\/\/www.bontempi.it\/fr\/wp-json\/wp\/v2\/line\/73319"},{"embeddable":true,"taxonomy":"line","href":"https:\/\/www.bontempi.it\/fr\/wp-json\/wp\/v2\/line\/73323"},{"embeddable":true,"taxonomy":"line","href":"https:\/\/www.bontempi.it\/fr\/wp-json\/wp\/v2\/line\/75712"},{"embeddable":true,"taxonomy":"line","href":"https:\/\/www.bontempi.it\/fr\/wp-json\/wp\/v2\/line\/73366"},{"embeddable":true,"taxonomy":"line","href":"https:\/\/www.bontempi.it\/fr\/wp-json\/wp\/v2\/line\/75355"},{"embeddable":true,"taxonomy":"line","href":"https:\/\/www.bontempi.it\/fr\/wp-json\/wp\/v2\/line\/75542"},{"embeddable":true,"taxonomy":"line","href":"https:\/\/www.bontempi.it\/fr\/wp-json\/wp\/v2\/line\/75544"},{"embeddable":true,"taxonomy":"line","href":"https:\/\/www.bontempi.it\/fr\/wp-json\/wp\/v2\/line\/73473"},{"embeddable":true,"taxonomy":"line","href":"https:\/\/www.bontempi.it\/fr\/wp-json\/wp\/v2\/line\/75361"},{"embeddable":true,"taxonomy":"line","href":"https:\/\/www.bontempi.it\/fr\/wp-json\/wp\/v2\/line\/75539"},{"embeddable":true,"taxonomy":"line","href":"https:\/\/www.bontempi.it\/fr\/wp-json\/wp\/v2\/line\/75784"},{"embeddable":true,"taxonomy":"line","href":"https:\/\/www.bontempi.it\/fr\/wp-json\/wp\/v2\/line\/75545"},{"embeddable":true,"taxonomy":"line","href":"https:\/\/www.bontempi.it\/fr\/wp-json\/wp\/v2\/line\/75707"},{"embeddable":true,"taxonomy":"line","href":"https:\/\/www.bontempi.it\/fr\/wp-json\/wp\/v2\/line\/75358"},{"embeddable":true,"taxonomy":"line","href":"https:\/\/www.bontempi.it\/fr\/wp-json\/wp\/v2\/line\/73274"},{"embeddable":true,"taxonomy":"line","href":"https:\/\/www.bontempi.it\/fr\/wp-json\/wp\/v2\/line\/73261"},{"embeddable":true,"taxonomy":"line","href":"https:\/\/www.bontempi.it\/fr\/wp-json\/wp\/v2\/line\/73276"}],"wp:attachment":[{"href":"https:\/\/www.bontempi.it\/fr\/wp-json\/wp\/v2\/media?parent=25511"}],"curies":[{"name":"wp","href":"https:\/\/api.w.org\/{rel}","templated":true}]}}