{"id":138481,"date":"2024-07-19T13:23:03","date_gmt":"2024-07-19T11:23:03","guid":{"rendered":"https:\/\/www.bontempi.it\/bontempi-space\/"},"modified":"2026-02-24T14:08:16","modified_gmt":"2026-02-24T13:08:16","slug":"bontempi-space","status":"publish","type":"page","link":"https:\/\/www.bontempi.it\/fr\/bontempi-space\/","title":{"rendered":"Bontempi Space"},"content":{"rendered":"","protected":false},"excerpt":{"rendered":"<p>D\u00e9couvrez l&rsquo;\u00e9l\u00e9gance, la sophistication et le caract\u00e8re unique de la qualit\u00e9 extraordinaire de la gamme de produits Bontempi.<\/p>\n","protected":false},"author":1,"featured_media":161088,"parent":0,"menu_order":0,"comment_status":"closed","ping_status":"closed","template":"page-bontempispace.php","meta":{"inline_featured_image":false,"footnotes":""},"class_list":["post-138481","page","type-page","status-publish","has-post-thumbnail","hentry"],"acf":{"brochure":138490,"content":{"what":{"title":"Qu'est-ce que l'espace Bontempi?","body":"L'Espace Bontempi est un espace d\u00e9di\u00e9 \u00e0 la pr\u00e9sentation de l'excellence de Bontempi. Un environnement o\u00f9 chaque \u00e9l\u00e9ment est soign\u00e9 dans les moindres d\u00e9tails pour offrir une exp\u00e9rience compl\u00e8te et sophistiqu\u00e9e. Chaque espace Bontempi est un exemple tangible de la fa\u00e7on dont notre philosophie du design peut transformer un espace en une \u0153uvre d'art fonctionnelle et \u00e9l\u00e9gante."},"why":{"title":"Pourquoi installer un espace Bontempi.","body":"L'espace Bontempi repr\u00e9sente la synth\u00e8se parfaite entre l'artisanat traditionnel et l'innovation contemporaine, exaltant la qualit\u00e9 et le raffinement du design italien. C'est un lieu o\u00f9 la vision esth\u00e9tique rencontre la fonctionnalit\u00e9, vous permettant d'appr\u00e9cier chaque d\u00e9tail de notre production."}},"kinds":{"title":"Les types d'espace Bontempi","body":"L'espace Bontempi est con\u00e7u pour s'adapter aux diff\u00e9rentes exigences en mati\u00e8re d'espace et de style. Nous proposons des solutions flexibles dans diff\u00e9rentes tailles qui s'int\u00e8grent harmonieusement dans votre salle d'exposition :","versions":[{"area":"30","images":[138438,138433],"body":"Une ambiance chaleureuse et sophistiqu\u00e9e, id\u00e9ale pour les espaces plus compacts, o\u00f9 chaque \u00e9l\u00e9ment exprime au mieux le concept de design fonctionnel."},{"area":"60","images":[138443,138448],"body":"Une zone polyvalente qui permet une plus grande articulation de l'espace, combinant diff\u00e9rentes zones d'utilisation en un environnement coh\u00e9rent et raffin\u00e9."},{"area":"100","images":[138453,138458],"body":"Une exposition plus \u00e9tendue et plus articul\u00e9e pr\u00e9sentant la gamme compl\u00e8te de nos solutions de vie, cr\u00e9ant un parcours exp\u00e9rientiel pour le visiteur."},{"area":"150","images":[138468,138463],"body":"Une exp\u00e9rience o\u00f9 chaque espace de la maison trouve son expression parfaite, offrant une vue \u00e0 360 degr\u00e9s de l'univers Bontempi."}]},"advantages":{"title":"Les avantages de l'espace Bontempi","body":"","list":[{"title":"Exp\u00e9rience immersive","body":"Offrez \u00e0 vos clients une exp\u00e9rience immersive dans le design Bontempi, en percevant la qualit\u00e9 et le raffinement de nos produits dans un contexte r\u00e9el."},{"title":"Polyvalence et personnalisation","body":"Nous adaptons l'espace Bontempi aux exigences sp\u00e9cifiques de votre salle d'exposition, avec des solutions sur mesure pour toutes les tailles et tous les styles d'espace."},{"title":"Soutien exclusif","body":"B\u00e9n\u00e9ficiez de notre soutien d\u00e9vou\u00e9, de la conception \u00e0 l'activation de l'espace Bontempi, en veillant \u00e0 ce que chaque d\u00e9tail soit parfaitement soign\u00e9 et conforme \u00e0 notre philosophie d'\u00e9l\u00e9gance intemporelle."}]},"socialwall":[137680,137102,137162,136621,123864,137730]},"_links":{"self":[{"href":"https:\/\/www.bontempi.it\/fr\/wp-json\/wp\/v2\/pages\/138481","targetHints":{"allow":["GET"]}}],"collection":[{"href":"https:\/\/www.bontempi.it\/fr\/wp-json\/wp\/v2\/pages"}],"about":[{"href":"https:\/\/www.bontempi.it\/fr\/wp-json\/wp\/v2\/types\/page"}],"author":[{"embeddable":true,"href":"https:\/\/www.bontempi.it\/fr\/wp-json\/wp\/v2\/users\/1"}],"replies":[{"embeddable":true,"href":"https:\/\/www.bontempi.it\/fr\/wp-json\/wp\/v2\/comments?post=138481"}],"version-history":[{"count":5,"href":"https:\/\/www.bontempi.it\/fr\/wp-json\/wp\/v2\/pages\/138481\/revisions"}],"predecessor-version":[{"id":138603,"href":"https:\/\/www.bontempi.it\/fr\/wp-json\/wp\/v2\/pages\/138481\/revisions\/138603"}],"acf:attachment":[{"embeddable":true,"href":"https:\/\/www.bontempi.it\/fr\/wp-json\/wp\/v2\/media\/137730"},{"embeddable":true,"href":"https:\/\/www.bontempi.it\/fr\/wp-json\/wp\/v2\/media\/123864"},{"embeddable":true,"href":"https:\/\/www.bontempi.it\/fr\/wp-json\/wp\/v2\/media\/136621"},{"embeddable":true,"href":"https:\/\/www.bontempi.it\/fr\/wp-json\/wp\/v2\/media\/137162"},{"embeddable":true,"href":"https:\/\/www.bontempi.it\/fr\/wp-json\/wp\/v2\/media\/137102"},{"embeddable":true,"href":"https:\/\/www.bontempi.it\/fr\/wp-json\/wp\/v2\/media\/137680"}],"wp:featuredmedia":[{"embeddable":true,"href":"https:\/\/www.bontempi.it\/fr\/wp-json\/wp\/v2\/media\/161088"}],"wp:attachment":[{"href":"https:\/\/www.bontempi.it\/fr\/wp-json\/wp\/v2\/media?parent=138481"}],"curies":[{"name":"wp","href":"https:\/\/api.w.org\/{rel}","templated":true}]}}