{"id":144498,"date":"2023-11-09T09:50:06","date_gmt":"2023-11-09T08:50:06","guid":{"rendered":"https:\/\/www.bontempi.it\/product\/vanity-06-45\/"},"modified":"2025-09-23T16:36:06","modified_gmt":"2025-09-23T14:36:06","slug":"vanity-06-45","status":"publish","type":"product","link":"https:\/\/www.bontempi.it\/es\/vanity-0645\/","title":{"rendered":"Vanity &#8211; 06.45"},"content":{"rendered":"<p>Escritorio con espejo y luz orientable, estructura de acero lacado, detalles decorativos (patas, tirador, caj\u00f3n y soportes del espejo y la luz) de acero lacado, tablero de superm\u00e1rmol y caj\u00f3n de madera lacada.<\/p>\n","protected":false},"excerpt":{"rendered":"<p>Escritorio con espejo y luz orientable, estructura de acero lacado, detalles decorativos (patas, tirador, caj\u00f3n y soportes del espejo y la luz) de acero lacado, tablero de superm\u00e1rmol y caj\u00f3n de madera lacada.<\/p>\n","protected":false},"featured_media":0,"template":"","line":[77214],"kind":[75907],"room":[75900,75902],"material":[76134,76136,76148,76149,76151,76154],"color":[75859,75861,75868,75869,75881,75887],"certification":[],"class_list":["post-144498","product","type-product","status-publish","hentry","line-vanity-es","kind-desk-consoles-es","room-contract-es","room-hall-es","material-l087-es","material-l079-es","material-l090-es","material-l092-es","material-l084-es","material-l093-es","color-beige-es","color-black-es","color-green-es","color-grey-es","color-rust-es","color-white-es"],"acf":{"sku":"06.45","line":[77214],"is_accessory":false,"is_configurable":true,"kind":[75907],"rooms":[75900,75902],"seats":"","dimensions":{"diameter":"","x":"125","z":"60","y":"75\/143"},"finishing":{"top":{"76177":76177,"76192":76192,"76194":76194,"76181":76181,"76184":76184,"76186":76186,"76188":76188},"structure":{"76233":76233,"76236":76236,"76237":76237,"76248":76248,"76252":76252,"76253":76253,"76254":76254,"76255":76255,"76256":76256,"76259":76259,"76261":76261,"76263":76263},"lower_cuff":[],"upper_cuff":[],"matchable_top":[],"builtin_revolving_central_top":[],"throat":[],"lampshade":[],"back":[],"sitting":[],"cushions":[],"decorative_inner":[],"decorative_inserts":{"76233":76233,"76236":76236,"76237":76237,"76248":76248,"76252":76252,"76253":76253,"76254":76254,"76255":76255,"76256":76256,"76259":76259,"76261":76261,"76263":76263},"side":[],"support":{"76134":76134,"76136":76136,"76148":76148,"76149":76149,"76151":76151,"76154":76154},"front_doors":[],"top_front_doors":[],"seat_structure":[],"top_structure":[],"covering":[],"optional_shelf":[],"mirror":[],"side_panels":[],"centerpiece":[]},"colors":{"top":{"75887":75887,"75865":75865,"75873":75873,"75861":75861},"structure":{"75869":75869,"75882":75882,"75887":75887,"75861":75861,"75867":75867,"75876":75876,"75865":75865,"75859":75859},"lower_cuff":[],"upper_cuff":[],"matchable_top":[],"builtin_revolving_central_top":[],"throat":[],"lampshade":[],"back":[],"sitting":[],"cushions":[],"decorative_inner":[],"decorative_inserts":{"75869":75869,"75882":75882,"75887":75887,"75861":75861,"75867":75867,"75876":75876,"75865":75865,"75859":75859},"side":[],"support":{"75869":75869,"75887":75887,"75861":75861,"75881":75881,"75859":75859,"75868":75868},"front_doors":[],"top_front_doors":[],"seat_structure":[],"top_structure":[],"covering":[],"optional_shelf":[],"mirror":[],"side_panels":[],"centerpiece":[]},"accessories":"","related":[127362],"gallery":[59128,26327,26323],"product_sheet":"https:\/\/www.bontempi.it\/wp-content\/uploads\/2023\/03\/Vanity-06.44-45.pdf","attachments":null,"videos":null,"silhouette":32595},"_links":{"self":[{"href":"https:\/\/www.bontempi.it\/es\/wp-json\/wp\/v2\/product\/144498","targetHints":{"allow":["GET"]}}],"collection":[{"href":"https:\/\/www.bontempi.it\/es\/wp-json\/wp\/v2\/product"}],"about":[{"href":"https:\/\/www.bontempi.it\/es\/wp-json\/wp\/v2\/types\/product"}],"acf:attachment":[{"embeddable":true,"href":"https:\/\/www.bontempi.it\/es\/wp-json\/wp\/v2\/media\/26323"},{"embeddable":true,"href":"https:\/\/www.bontempi.it\/es\/wp-json\/wp\/v2\/media\/26327"},{"embeddable":true,"href":"https:\/\/www.bontempi.it\/es\/wp-json\/wp\/v2\/media\/59128"}],"acf:post":[{"embeddable":true,"href":"https:\/\/www.bontempi.it\/es\/wp-json\/wp\/v2\/product\/127362"}],"acf:term":[{"embeddable":true,"taxonomy":"room","href":"https:\/\/www.bontempi.it\/es\/wp-json\/wp\/v2\/room\/75902"},{"embeddable":true,"taxonomy":"room","href":"https:\/\/www.bontempi.it\/es\/wp-json\/wp\/v2\/room\/75900"},{"embeddable":true,"taxonomy":"kind","href":"https:\/\/www.bontempi.it\/es\/wp-json\/wp\/v2\/kind\/75907"},{"embeddable":true,"taxonomy":"line","href":"https:\/\/www.bontempi.it\/es\/wp-json\/wp\/v2\/line\/77214"}],"wp:attachment":[{"href":"https:\/\/www.bontempi.it\/es\/wp-json\/wp\/v2\/media?parent=144498"}],"wp:term":[{"taxonomy":"line","embeddable":true,"href":"https:\/\/www.bontempi.it\/es\/wp-json\/wp\/v2\/line?post=144498"},{"taxonomy":"kind","embeddable":true,"href":"https:\/\/www.bontempi.it\/es\/wp-json\/wp\/v2\/kind?post=144498"},{"taxonomy":"room","embeddable":true,"href":"https:\/\/www.bontempi.it\/es\/wp-json\/wp\/v2\/room?post=144498"},{"taxonomy":"material","embeddable":true,"href":"https:\/\/www.bontempi.it\/es\/wp-json\/wp\/v2\/material?post=144498"},{"taxonomy":"color","embeddable":true,"href":"https:\/\/www.bontempi.it\/es\/wp-json\/wp\/v2\/color?post=144498"},{"taxonomy":"certification","embeddable":true,"href":"https:\/\/www.bontempi.it\/es\/wp-json\/wp\/v2\/certification?post=144498"}],"curies":[{"name":"wp","href":"https:\/\/api.w.org\/{rel}","templated":true}]}}