{"id":144491,"date":"2023-11-09T10:23:48","date_gmt":"2023-11-09T09:23:48","guid":{"rendered":"https:\/\/www.bontempi.it\/product\/universe-52-81\/"},"modified":"2025-09-23T16:35:59","modified_gmt":"2025-09-23T14:35:59","slug":"universe-52-81","status":"publish","type":"product","link":"https:\/\/www.bontempi.it\/es\/universe-5281\/","title":{"rendered":"Universe &#8211; 52.81"},"content":{"rendered":"<p>Mesa fija con tablero rectangular, estructura de acero lacado y detalles decorativos, tablero de contrachapado de madera, madera s\u00edmil maciza, madera maciza, cristal brillante, cristal antiara\u00f1azos y superm\u00e1rmol.<\/p>\n","protected":false},"excerpt":{"rendered":"<p>Mesa fija con tablero rectangular, estructura de acero lacado y detalles decorativos, tablero de contrachapado de madera, madera s\u00edmil maciza, madera maciza, cristal brillante, cristal antiara\u00f1azos y superm\u00e1rmol.<\/p>\n","protected":false},"featured_media":0,"template":"","line":[77211],"kind":[75927,75935,75940],"room":[],"material":[76233,76236,76237,76248,76252,76253,76254,76255,76256,76259,76261,76263],"color":[75859,75861,75865,75867,75869,75876,75882,75887],"certification":[75803],"class_list":["post-144491","product","type-product","status-publish","hentry","line-universe-es","kind-tables-es","kind-fixed-es","kind-fixed-rectangular-es","material-m310-es","material-m326-es","material-m306-es","material-m097-es","material-m055-es","material-m327-es","material-m325-es","material-m329-es","material-m328-es","material-m028-es","material-m312-es","material-m307-es","color-beige-es","color-black-es","color-chocolate-es","color-gold-es","color-grey-es","color-pink-gold-es","color-silver-es","color-white-es","certification-legno-massello-es"],"acf":{"sku":"52.81","line":[77211],"is_accessory":false,"is_configurable":true,"kind":[75927,75935,75940],"rooms":false,"seats":"8","dimensions":{"diameter":"","x":"200","z":"106","y":"75"},"finishing":{"top":{"75958":75958,"75961":75961,"75966":75966,"75972":75972,"76125":76125,"76127":76127,"76130":76130,"76161":76161,"76164":76164,"76177":76177,"76181":76181,"76184":76184},"structure":{"76233":76233,"76236":76236,"76237":76237,"76248":76248,"76252":76252,"76253":76253,"76254":76254,"76255":76255,"76256":76256,"76259":76259,"76261":76261,"76263":76263},"lower_cuff":[],"upper_cuff":[],"matchable_top":[],"builtin_revolving_central_top":[],"throat":[],"lampshade":[],"back":[],"sitting":[],"cushions":[],"decorative_inner":[],"decorative_inserts":{"76233":76233,"76236":76236,"76237":76237,"76248":76248,"76252":76252,"76253":76253,"76254":76254,"76255":76255,"76256":76256,"76259":76259,"76261":76261,"76263":76263},"side":[],"support":[],"front_doors":[],"top_front_doors":[],"seat_structure":[],"top_structure":[],"covering":[],"optional_shelf":[],"mirror":[],"side_panels":[],"centerpiece":[]},"colors":{"top":{"75869":75869,"75887":75887,"75861":75861,"75859":75859,"75865":75865,"75873":75873},"structure":{"75869":75869,"75882":75882,"75887":75887,"75861":75861,"75867":75867,"75876":75876,"75865":75865,"75859":75859},"lower_cuff":[],"upper_cuff":[],"matchable_top":[],"builtin_revolving_central_top":[],"throat":[],"lampshade":[],"back":[],"sitting":[],"cushions":[],"decorative_inner":[],"decorative_inserts":{"75869":75869,"75882":75882,"75887":75887,"75861":75861,"75867":75867,"75876":75876,"75865":75865,"75859":75859},"side":[],"support":[],"front_doors":[],"top_front_doors":[],"seat_structure":[],"top_structure":[],"covering":[],"optional_shelf":[],"mirror":[],"side_panels":[],"centerpiece":[]},"accessories":"","related":[126853,126855],"gallery":[63417],"product_sheet":"https:\/\/www.bontempi.it\/wp-content\/uploads\/2023\/03\/Universe-52.80-81-82-83-Rettangolare.pdf","attachments":null,"videos":null,"silhouette":25746},"_links":{"self":[{"href":"https:\/\/www.bontempi.it\/es\/wp-json\/wp\/v2\/product\/144491","targetHints":{"allow":["GET"]}}],"collection":[{"href":"https:\/\/www.bontempi.it\/es\/wp-json\/wp\/v2\/product"}],"about":[{"href":"https:\/\/www.bontempi.it\/es\/wp-json\/wp\/v2\/types\/product"}],"acf:attachment":[{"embeddable":true,"href":"https:\/\/www.bontempi.it\/es\/wp-json\/wp\/v2\/media\/63417"}],"acf:post":[{"embeddable":true,"href":"https:\/\/www.bontempi.it\/es\/wp-json\/wp\/v2\/product\/126855"},{"embeddable":true,"href":"https:\/\/www.bontempi.it\/es\/wp-json\/wp\/v2\/product\/126853"}],"acf:term":[{"embeddable":true,"taxonomy":"kind","href":"https:\/\/www.bontempi.it\/es\/wp-json\/wp\/v2\/kind\/75940"},{"embeddable":true,"taxonomy":"kind","href":"https:\/\/www.bontempi.it\/es\/wp-json\/wp\/v2\/kind\/75935"},{"embeddable":true,"taxonomy":"kind","href":"https:\/\/www.bontempi.it\/es\/wp-json\/wp\/v2\/kind\/75927"},{"embeddable":true,"taxonomy":"line","href":"https:\/\/www.bontempi.it\/es\/wp-json\/wp\/v2\/line\/77211"}],"wp:attachment":[{"href":"https:\/\/www.bontempi.it\/es\/wp-json\/wp\/v2\/media?parent=144491"}],"wp:term":[{"taxonomy":"line","embeddable":true,"href":"https:\/\/www.bontempi.it\/es\/wp-json\/wp\/v2\/line?post=144491"},{"taxonomy":"kind","embeddable":true,"href":"https:\/\/www.bontempi.it\/es\/wp-json\/wp\/v2\/kind?post=144491"},{"taxonomy":"room","embeddable":true,"href":"https:\/\/www.bontempi.it\/es\/wp-json\/wp\/v2\/room?post=144491"},{"taxonomy":"material","embeddable":true,"href":"https:\/\/www.bontempi.it\/es\/wp-json\/wp\/v2\/material?post=144491"},{"taxonomy":"color","embeddable":true,"href":"https:\/\/www.bontempi.it\/es\/wp-json\/wp\/v2\/color?post=144491"},{"taxonomy":"certification","embeddable":true,"href":"https:\/\/www.bontempi.it\/es\/wp-json\/wp\/v2\/certification?post=144491"}],"curies":[{"name":"wp","href":"https:\/\/api.w.org\/{rel}","templated":true}]}}