{"id":144482,"date":"2023-11-09T10:23:02","date_gmt":"2023-11-09T09:23:02","guid":{"rendered":"https:\/\/www.bontempi.it\/product\/tom-52-58\/"},"modified":"2025-09-23T16:35:48","modified_gmt":"2025-09-23T14:35:48","slug":"tom-52-58","status":"publish","type":"product","link":"https:\/\/www.bontempi.it\/es\/tom-5258\/","title":{"rendered":"Tom &#8211; 52.58"},"content":{"rendered":"<p>Mesa extensible con estructura de acero lacado, tablero de melamina, cristal brillante, cristal antiara\u00f1azos, supercer\u00e1mica y superm\u00e1rmol.<\/p>\n","protected":false},"excerpt":{"rendered":"<p>Mesa extensible con estructura de acero lacado, tablero de melamina, cristal brillante, cristal antiara\u00f1azos, supercer\u00e1mica y superm\u00e1rmol.<\/p>\n","protected":false},"featured_media":0,"template":"","line":[77207],"kind":[75927,75928,75933],"room":[75901],"material":[76233,76237,76248,76252,76259,76261,76263],"color":[75859,75861,75865,75869,75887],"certification":[],"class_list":["post-144482","product","type-product","status-publish","hentry","line-tom-es","kind-tables-es","kind-extendible-es","kind-extendible-rectangular-es","room-kitchen-es","material-m310-es","material-m306-es","material-m097-es","material-m055-es","material-m028-es","material-m312-es","material-m307-es","color-beige-es","color-black-es","color-chocolate-es","color-grey-es","color-white-es"],"acf":{"sku":"52.58","line":[77207],"is_accessory":false,"is_configurable":true,"kind":[75927,75928,75933],"rooms":[75901],"seats":"12","dimensions":{"diameter":"","x":"140\/193\/246\/299","z":"90","y":"75"},"finishing":{"top":{"75958":75958,"75961":75961,"75966":75966,"75972":75972,"75987":75987,"75990":75990,"76003":76003,"76206":76206,"76207":76207,"76214":76214,"76215":76215,"76216":76216,"76217":76217,"76218":76218,"76804":76804,"76807":76807,"76810":76810,"76869":76869,"76177":76177,"76192":76192,"76194":76194,"76181":76181,"76184":76184,"76186":76186,"76204":76204,"76818":76818,"76209":76209,"76828":76828,"76823":76823},"structure":{"76233":76233,"76237":76237,"76248":76248,"76252":76252,"76259":76259,"76261":76261,"76263":76263},"lower_cuff":[],"upper_cuff":[],"matchable_top":[],"builtin_revolving_central_top":[],"throat":[],"lampshade":[],"back":[],"sitting":[],"cushions":[],"decorative_inner":[],"decorative_inserts":[],"side":[],"support":[],"front_doors":[],"top_front_doors":[],"seat_structure":[],"top_structure":[],"covering":[],"optional_shelf":[],"mirror":[],"side_panels":[],"centerpiece":[]},"colors":{"top":{"75869":75869,"75887":75887,"75861":75861,"75859":75859,"75884":75884,"75865":75865,"75873":75873},"structure":{"75869":75869,"75887":75887,"75861":75861,"75865":75865,"75859":75859},"lower_cuff":[],"upper_cuff":[],"matchable_top":[],"builtin_revolving_central_top":[],"throat":[],"lampshade":[],"back":[],"sitting":[],"cushions":[],"decorative_inner":[],"decorative_inserts":[],"side":[],"support":[],"front_doors":[],"top_front_doors":[],"seat_structure":[],"top_structure":[],"covering":[],"optional_shelf":[],"mirror":[],"side_panels":[],"centerpiece":[]},"accessories":"","related":[126958,126959],"gallery":[9278],"product_sheet":"https:\/\/www.bontempi.it\/wp-content\/uploads\/2023\/03\/Tom-52.56-57-58-59.pdf","attachments":null,"videos":null,"silhouette":25735},"_links":{"self":[{"href":"https:\/\/www.bontempi.it\/es\/wp-json\/wp\/v2\/product\/144482","targetHints":{"allow":["GET"]}}],"collection":[{"href":"https:\/\/www.bontempi.it\/es\/wp-json\/wp\/v2\/product"}],"about":[{"href":"https:\/\/www.bontempi.it\/es\/wp-json\/wp\/v2\/types\/product"}],"acf:attachment":[{"embeddable":true,"href":"https:\/\/www.bontempi.it\/es\/wp-json\/wp\/v2\/media\/9278"}],"acf:post":[{"embeddable":true,"href":"https:\/\/www.bontempi.it\/es\/wp-json\/wp\/v2\/product\/126959"},{"embeddable":true,"href":"https:\/\/www.bontempi.it\/es\/wp-json\/wp\/v2\/product\/126958"}],"acf:term":[{"embeddable":true,"taxonomy":"room","href":"https:\/\/www.bontempi.it\/es\/wp-json\/wp\/v2\/room\/75901"},{"embeddable":true,"taxonomy":"kind","href":"https:\/\/www.bontempi.it\/es\/wp-json\/wp\/v2\/kind\/75933"},{"embeddable":true,"taxonomy":"kind","href":"https:\/\/www.bontempi.it\/es\/wp-json\/wp\/v2\/kind\/75928"},{"embeddable":true,"taxonomy":"kind","href":"https:\/\/www.bontempi.it\/es\/wp-json\/wp\/v2\/kind\/75927"},{"embeddable":true,"taxonomy":"line","href":"https:\/\/www.bontempi.it\/es\/wp-json\/wp\/v2\/line\/77207"}],"wp:attachment":[{"href":"https:\/\/www.bontempi.it\/es\/wp-json\/wp\/v2\/media?parent=144482"}],"wp:term":[{"taxonomy":"line","embeddable":true,"href":"https:\/\/www.bontempi.it\/es\/wp-json\/wp\/v2\/line?post=144482"},{"taxonomy":"kind","embeddable":true,"href":"https:\/\/www.bontempi.it\/es\/wp-json\/wp\/v2\/kind?post=144482"},{"taxonomy":"room","embeddable":true,"href":"https:\/\/www.bontempi.it\/es\/wp-json\/wp\/v2\/room?post=144482"},{"taxonomy":"material","embeddable":true,"href":"https:\/\/www.bontempi.it\/es\/wp-json\/wp\/v2\/material?post=144482"},{"taxonomy":"color","embeddable":true,"href":"https:\/\/www.bontempi.it\/es\/wp-json\/wp\/v2\/color?post=144482"},{"taxonomy":"certification","embeddable":true,"href":"https:\/\/www.bontempi.it\/es\/wp-json\/wp\/v2\/certification?post=144482"}],"curies":[{"name":"wp","href":"https:\/\/api.w.org\/{rel}","templated":true}]}}