{"id":144466,"date":"2023-11-09T10:15:46","date_gmt":"2023-11-09T09:15:46","guid":{"rendered":"https:\/\/www.bontempi.it\/product\/tai-40-08\/"},"modified":"2025-09-23T16:35:28","modified_gmt":"2025-09-23T14:35:28","slug":"tai-40-08","status":"publish","type":"product","link":"https:\/\/www.bontempi.it\/es\/tai-flex-4008\/","title":{"rendered":"Tai Flex &#8211; 40.08"},"content":{"rendered":"<p>Silla con respaldo flexible ergon\u00f3mico y estructura de acero lacado con aluminio, cuerpo acolchado y tapizado con piel ecol\u00f3gica premium, tejido Bouquet, tejido Gourmet, tejido Nordic, lana virgen pura, terciopelo supreme y piel premium, tambi\u00e9n disponible en versi\u00f3n con respaldo acolchado (solo en tejido Nordic, piel ecol\u00f3gica premium y piel premium).<\/p>\n","protected":false},"excerpt":{"rendered":"<p>Silla con respaldo flexible ergon\u00f3mico y estructura de acero lacado con aluminio, cuerpo acolchado y tapizado con piel ecol\u00f3gica premium, tejido Bouquet, tejido Gourmet, tejido Nordic, lana virgen pura, terciopelo supreme y piel premium, tambi\u00e9n disponible en versi\u00f3n con respaldo acolchado (solo en tejido Nordic, piel ecol\u00f3gica premium y piel premium).<\/p>\n","protected":false},"featured_media":0,"template":"","line":[77201],"kind":[75919,75921],"room":[75901],"material":[76073,76301,76335,76437,76464,76528,76587,76074,76303,76337,76439,76465,76530,76588,76075,76305,76339,76441,76466,76532,76798,76076,76307,76411,76443,76468,76534,76077,76309,76413,76445,76469,76536,76078,76311,76415,76447,76470,76538,76079,76313,76417,76449,76471,76540,76064,76080,76315,76419,76451,76472,76542,76065,76081,76317,76421,76455,76473,76544,76066,76092,76319,76423,76456,76474,76546,76067,76289,76321,76425,76457,76475,76548,76068,76291,76323,76427,76458,76476,76582,76069,76293,76325,76429,76460,76520,76583,76070,76295,76326,76431,76461,76522,76584,76071,76297,76329,76433,76462,76524,76585,76072,76299,76333,76435,76463,76526,76586],"color":[75875,75878,75879,75887,75888,75889,75859,75861,75862,75865,75866,75867,75868,75869,75871],"certification":[75801,75808,75809],"class_list":["post-144466","product","type-product","status-publish","hentry","line-tai-es","kind-seatings-es","kind-chairs-es","room-kitchen-es","material-trp07-es","material-pr13-es","material-pr06-es","material-tebq003-es","material-tego006-es","material-teno005-es","material-tesu006-es","material-trp09-es","material-pr16-es","material-pr18-es","material-tebq012-es","material-tego014-es","material-teno007-es","material-tesu007-es","material-trp05-es","material-pr07-es","material-pr19-es","material-tebq009-es","material-tego008-es","material-teno013-es","material-tns09-es","material-trp10-es","material-pr26-es","material-tebq020-es","material-tebq007-es","material-tego011-es","material-teno004-es","material-trp03-es","material-pr14-es","material-tebq004-es","material-tebq008-es","material-tego012-es","material-teno010-es","material-trp17-es","material-pr08-es","material-tebq013-es","material-tebq001-es","material-tego020-es","material-teno014-es","material-trp01-es","material-pr20-es","material-tebq016-es","material-tebq006-es","material-tego015-es","material-teno006-es","material-tego024-es","material-trp11-es","material-pr05-es","material-tebq017-es","material-tebq011-es","material-tego010-es","material-teno011-es","material-trp16-es","material-trp06-es","material-pr25-es","material-tebq005-es","material-tego022-es","material-tego025-es","material-teno012-es","material-trp02-es","material-tego021-es","material-pr11-es","material-tebq010-es","material-tego018-es","material-tego007-es","material-teno001-es","material-trp14-es","material-pr24-es","material-pr15-es","material-tebq002-es","material-tego009-es","material-tego002-es","material-teno008-es","material-trp12-es","material-pr10-es","material-pr23-es","material-tebq015-es","material-tego005-es","material-tego023-es","material-tesu001-es","material-trp04-es","material-pr12-es","material-pr21-es","material-tebq014-es","material-tego004-es","material-teno009-es","material-tesu002-es","material-trp08-es","material-pr02-es","material-pr22-es","material-tebq021-es","material-tego016-es","material-teno003-es","material-tesu003-es","material-trp15-es","material-pr03-es","material-pr04-es","material-tebq018-es","material-tego019-es","material-teno015-es","material-tesu004-es","material-trp13-es","material-pr01-es","material-pr17-es","material-tebq019-es","material-tego017-es","material-teno002-es","material-tesu005-es","color-orange-es","color-red-es","color-rose-es","color-white-es","color-white-black-es","color-yellow-es","color-beige-es","color-black-es","color-blue-es","color-chocolate-es","color-brown-es","color-gold-es","color-green-es","color-grey-es","color-light-blue-es","certification-en-16139-13-en-1728-12-es","certification-schienale-flessibile-es","certification-trapuntatura-es"],"acf":{"sku":"40.08","line":[77201],"is_accessory":false,"is_configurable":true,"kind":[75919,75921],"rooms":[75901],"seats":"","dimensions":{"diameter":"","x":"46","z":"58","y":"99\/46"},"finishing":{"top":[],"structure":{"76233":76233,"76236":76236,"76237":76237,"76248":76248,"76252":76252,"76253":76253,"76254":76254,"76255":76255,"76256":76256,"76259":76259,"76261":76261,"76263":76263},"lower_cuff":[],"upper_cuff":[],"matchable_top":[],"builtin_revolving_central_top":[],"throat":[],"lampshade":[],"back":[],"sitting":{"76345":76345,"76346":76346,"76344":76344,"76343":76343,"76342":76342,"76648":76648,"76652":76652,"76656":76656,"76650":76650,"76651":76651,"76655":76655,"76654":76654,"76649":76649,"76653":76653,"76861":76861,"76862":76862,"76864":76864,"76865":76865},"cushions":[],"decorative_inner":[],"decorative_inserts":[],"side":[],"support":[],"front_doors":[],"top_front_doors":[],"seat_structure":{"76065":76065,"76066":76066,"76067":76067,"76068":76068,"76069":76069,"76070":76070,"76071":76071,"76072":76072,"76073":76073,"76074":76074,"76075":76075,"76076":76076,"76077":76077,"76078":76078,"76079":76079,"76080":76080,"76081":76081,"76289":76289,"76291":76291,"76293":76293,"76295":76295,"76297":76297,"76299":76299,"76301":76301,"76303":76303,"76305":76305,"76307":76307,"76309":76309,"76311":76311,"76313":76313,"76315":76315,"76317":76317,"76319":76319,"76321":76321,"76323":76323,"76325":76325,"76326":76326,"76329":76329,"76333":76333,"76335":76335,"76337":76337,"76339":76339,"76411":76411,"76413":76413,"76415":76415,"76417":76417,"76419":76419,"76421":76421,"76423":76423,"76425":76425,"76427":76427,"76429":76429,"76431":76431,"76433":76433,"76435":76435,"76437":76437,"76439":76439,"76441":76441,"76443":76443,"76445":76445,"76447":76447,"76449":76449,"76451":76451,"76520":76520,"76522":76522,"76524":76524,"76526":76526,"76528":76528,"76530":76530,"76532":76532,"76534":76534,"76536":76536,"76538":76538,"76540":76540,"76542":76542,"76544":76544,"76546":76546,"76548":76548,"76064":76064,"76092":76092,"76798":76798,"76475":76475,"76460":76460,"76458":76458,"76464":76464,"76474":76474,"76466":76466,"76457":76457,"76472":76472,"76468":76468,"76469":76469,"76465":76465,"76471":76471,"76461":76461,"76463":76463,"76456":76456,"76462":76462,"76470":76470,"76455":76455,"76476":76476,"76473":76473,"76582":76582,"76583":76583,"76584":76584,"76585":76585,"76586":76586,"76587":76587,"76588":76588},"top_structure":[],"covering":[],"optional_shelf":[],"mirror":[],"side_panels":[],"centerpiece":[]},"colors":{"top":[],"structure":{"75869":75869,"75882":75882,"75887":75887,"75861":75861,"75867":75867,"75876":75876,"75865":75865,"75859":75859},"lower_cuff":[],"upper_cuff":[],"matchable_top":[],"builtin_revolving_central_top":[],"throat":[],"lampshade":[],"back":[],"sitting":{"75859":75859,"75887":75887,"75869":75869,"75861":75861,"75875":75875,"75889":75889,"75865":75865},"cushions":[],"decorative_inner":[],"decorative_inserts":[],"side":[],"support":[],"front_doors":[],"top_front_doors":[],"seat_structure":{"75878":75878,"75869":75869,"75871":75871,"75859":75859,"75887":75887,"75865":75865,"75889":75889,"75861":75861,"75867":75867,"75879":75879,"75868":75868,"75862":75862,"75866":75866,"75875":75875,"75888":75888},"top_structure":[],"covering":[],"optional_shelf":[],"mirror":[],"side_panels":[],"centerpiece":[]},"accessories":"","related":[126216,126217,126440,126692,126700,126702,126705,126706,126753,126762,126959,126960,127108,127251],"gallery":[31151],"product_sheet":"","attachments":null,"videos":null,"silhouette":7010},"_links":{"self":[{"href":"https:\/\/www.bontempi.it\/es\/wp-json\/wp\/v2\/product\/144466","targetHints":{"allow":["GET"]}}],"collection":[{"href":"https:\/\/www.bontempi.it\/es\/wp-json\/wp\/v2\/product"}],"about":[{"href":"https:\/\/www.bontempi.it\/es\/wp-json\/wp\/v2\/types\/product"}],"acf:attachment":[{"embeddable":true,"href":"https:\/\/www.bontempi.it\/es\/wp-json\/wp\/v2\/media\/31151"}],"acf:post":[{"embeddable":true,"href":"https:\/\/www.bontempi.it\/es\/wp-json\/wp\/v2\/product\/127251"},{"embeddable":true,"href":"https:\/\/www.bontempi.it\/es\/wp-json\/wp\/v2\/product\/127108"},{"embeddable":true,"href":"https:\/\/www.bontempi.it\/es\/wp-json\/wp\/v2\/product\/126960"},{"embeddable":true,"href":"https:\/\/www.bontempi.it\/es\/wp-json\/wp\/v2\/product\/126959"},{"embeddable":true,"href":"https:\/\/www.bontempi.it\/es\/wp-json\/wp\/v2\/product\/126762"},{"embeddable":true,"href":"https:\/\/www.bontempi.it\/es\/wp-json\/wp\/v2\/product\/126753"},{"embeddable":true,"href":"https:\/\/www.bontempi.it\/es\/wp-json\/wp\/v2\/product\/126706"},{"embeddable":true,"href":"https:\/\/www.bontempi.it\/es\/wp-json\/wp\/v2\/product\/126705"},{"embeddable":true,"href":"https:\/\/www.bontempi.it\/es\/wp-json\/wp\/v2\/product\/126702"},{"embeddable":true,"href":"https:\/\/www.bontempi.it\/es\/wp-json\/wp\/v2\/product\/126700"},{"embeddable":true,"href":"https:\/\/www.bontempi.it\/es\/wp-json\/wp\/v2\/product\/126692"},{"embeddable":true,"href":"https:\/\/www.bontempi.it\/es\/wp-json\/wp\/v2\/product\/126440"},{"embeddable":true,"href":"https:\/\/www.bontempi.it\/es\/wp-json\/wp\/v2\/product\/126217"},{"embeddable":true,"href":"https:\/\/www.bontempi.it\/es\/wp-json\/wp\/v2\/product\/126216"}],"acf:term":[{"embeddable":true,"taxonomy":"room","href":"https:\/\/www.bontempi.it\/es\/wp-json\/wp\/v2\/room\/75901"},{"embeddable":true,"taxonomy":"kind","href":"https:\/\/www.bontempi.it\/es\/wp-json\/wp\/v2\/kind\/75921"},{"embeddable":true,"taxonomy":"kind","href":"https:\/\/www.bontempi.it\/es\/wp-json\/wp\/v2\/kind\/75919"},{"embeddable":true,"taxonomy":"line","href":"https:\/\/www.bontempi.it\/es\/wp-json\/wp\/v2\/line\/77201"}],"wp:attachment":[{"href":"https:\/\/www.bontempi.it\/es\/wp-json\/wp\/v2\/media?parent=144466"}],"wp:term":[{"taxonomy":"line","embeddable":true,"href":"https:\/\/www.bontempi.it\/es\/wp-json\/wp\/v2\/line?post=144466"},{"taxonomy":"kind","embeddable":true,"href":"https:\/\/www.bontempi.it\/es\/wp-json\/wp\/v2\/kind?post=144466"},{"taxonomy":"room","embeddable":true,"href":"https:\/\/www.bontempi.it\/es\/wp-json\/wp\/v2\/room?post=144466"},{"taxonomy":"material","embeddable":true,"href":"https:\/\/www.bontempi.it\/es\/wp-json\/wp\/v2\/material?post=144466"},{"taxonomy":"color","embeddable":true,"href":"https:\/\/www.bontempi.it\/es\/wp-json\/wp\/v2\/color?post=144466"},{"taxonomy":"certification","embeddable":true,"href":"https:\/\/www.bontempi.it\/es\/wp-json\/wp\/v2\/certification?post=144466"}],"curies":[{"name":"wp","href":"https:\/\/api.w.org\/{rel}","templated":true}]}}