{"id":144436,"date":"2023-11-09T10:28:20","date_gmt":"2023-11-09T09:28:20","guid":{"rendered":"https:\/\/www.bontempi.it\/product\/soul-56-12\/"},"modified":"2025-09-23T16:34:56","modified_gmt":"2025-09-23T14:34:56","slug":"soul-56-12","status":"publish","type":"product","link":"https:\/\/www.bontempi.it\/es\/soul-5612\/","title":{"rendered":"Soul &#8211; 56.12"},"content":{"rendered":"<p>L\u00e1mpara de suspensi\u00f3n con flor\u00f3n cromado y cable transparente, estructura de acero lacado, pantalla de cristal soplado a mano.<\/p>\n","protected":false},"excerpt":{"rendered":"<p>L\u00e1mpara de suspensi\u00f3n con flor\u00f3n cromado y cable transparente, estructura de acero lacado, pantalla de cristal soplado a mano.<\/p>\n","protected":false},"featured_media":0,"template":"","line":[77194],"kind":[75911],"room":[75900,75901,75902],"material":[75953,75955],"color":[75865,75884],"certification":[],"class_list":["post-144436","product","type-product","status-publish","hentry","line-soul-es","kind-lighting-es","room-contract-es","room-kitchen-es","room-hall-es","material-v005-es","material-v001-es","color-chocolate-es","color-transparent-es"],"acf":{"sku":"56.12","line":[77194],"is_accessory":false,"is_configurable":true,"kind":[75911],"rooms":[75900,75901,75902],"seats":"","dimensions":{"diameter":"22","x":"","z":"26","y":""},"finishing":{"top":[],"structure":{"76224":76224,"76233":76233,"76236":76236,"76237":76237,"76248":76248,"76252":76252,"76253":76253,"76254":76254,"76255":76255,"76256":76256,"76259":76259,"76261":76261},"lower_cuff":[],"upper_cuff":[],"matchable_top":[],"builtin_revolving_central_top":[],"throat":[],"lampshade":{"75953":75953,"75955":75955},"back":[],"sitting":[],"cushions":[],"decorative_inner":[],"decorative_inserts":[],"side":[],"support":[],"front_doors":[],"top_front_doors":[],"seat_structure":[],"top_structure":[],"covering":[],"optional_shelf":[],"mirror":[],"side_panels":[],"centerpiece":[]},"colors":{"top":[],"structure":{"75869":75869,"75882":75882,"75887":75887,"75861":75861,"75867":75867,"75876":75876,"75865":75865,"75859":75859},"lower_cuff":[],"upper_cuff":[],"matchable_top":[],"builtin_revolving_central_top":[],"throat":[],"lampshade":{"75865":75865,"75884":75884},"back":[],"sitting":[],"cushions":[],"decorative_inner":[],"decorative_inserts":[],"side":[],"support":[],"front_doors":[],"top_front_doors":[],"seat_structure":[],"top_structure":[],"covering":[],"optional_shelf":[],"mirror":[],"side_panels":[],"centerpiece":[]},"accessories":"","related":[126440,126462,126645,126916,126917,126961,127244,127245],"gallery":[26930,26922,26918,26938,26942,26946,26950,60980],"product_sheet":"","attachments":null,"videos":null,"silhouette":25068},"_links":{"self":[{"href":"https:\/\/www.bontempi.it\/es\/wp-json\/wp\/v2\/product\/144436","targetHints":{"allow":["GET"]}}],"collection":[{"href":"https:\/\/www.bontempi.it\/es\/wp-json\/wp\/v2\/product"}],"about":[{"href":"https:\/\/www.bontempi.it\/es\/wp-json\/wp\/v2\/types\/product"}],"acf:attachment":[{"embeddable":true,"href":"https:\/\/www.bontempi.it\/es\/wp-json\/wp\/v2\/media\/60980"},{"embeddable":true,"href":"https:\/\/www.bontempi.it\/es\/wp-json\/wp\/v2\/media\/26950"},{"embeddable":true,"href":"https:\/\/www.bontempi.it\/es\/wp-json\/wp\/v2\/media\/26946"},{"embeddable":true,"href":"https:\/\/www.bontempi.it\/es\/wp-json\/wp\/v2\/media\/26942"},{"embeddable":true,"href":"https:\/\/www.bontempi.it\/es\/wp-json\/wp\/v2\/media\/26938"},{"embeddable":true,"href":"https:\/\/www.bontempi.it\/es\/wp-json\/wp\/v2\/media\/26918"},{"embeddable":true,"href":"https:\/\/www.bontempi.it\/es\/wp-json\/wp\/v2\/media\/26922"},{"embeddable":true,"href":"https:\/\/www.bontempi.it\/es\/wp-json\/wp\/v2\/media\/26930"}],"acf:post":[{"embeddable":true,"href":"https:\/\/www.bontempi.it\/es\/wp-json\/wp\/v2\/product\/127245"},{"embeddable":true,"href":"https:\/\/www.bontempi.it\/es\/wp-json\/wp\/v2\/product\/127244"},{"embeddable":true,"href":"https:\/\/www.bontempi.it\/es\/wp-json\/wp\/v2\/product\/126961"},{"embeddable":true,"href":"https:\/\/www.bontempi.it\/es\/wp-json\/wp\/v2\/product\/126917"},{"embeddable":true,"href":"https:\/\/www.bontempi.it\/es\/wp-json\/wp\/v2\/product\/126916"},{"embeddable":true,"href":"https:\/\/www.bontempi.it\/es\/wp-json\/wp\/v2\/product\/126645"},{"embeddable":true,"href":"https:\/\/www.bontempi.it\/es\/wp-json\/wp\/v2\/product\/126462"},{"embeddable":true,"href":"https:\/\/www.bontempi.it\/es\/wp-json\/wp\/v2\/product\/126440"}],"acf:term":[{"embeddable":true,"taxonomy":"room","href":"https:\/\/www.bontempi.it\/es\/wp-json\/wp\/v2\/room\/75902"},{"embeddable":true,"taxonomy":"room","href":"https:\/\/www.bontempi.it\/es\/wp-json\/wp\/v2\/room\/75901"},{"embeddable":true,"taxonomy":"room","href":"https:\/\/www.bontempi.it\/es\/wp-json\/wp\/v2\/room\/75900"},{"embeddable":true,"taxonomy":"kind","href":"https:\/\/www.bontempi.it\/es\/wp-json\/wp\/v2\/kind\/75911"},{"embeddable":true,"taxonomy":"line","href":"https:\/\/www.bontempi.it\/es\/wp-json\/wp\/v2\/line\/77194"}],"wp:attachment":[{"href":"https:\/\/www.bontempi.it\/es\/wp-json\/wp\/v2\/media?parent=144436"}],"wp:term":[{"taxonomy":"line","embeddable":true,"href":"https:\/\/www.bontempi.it\/es\/wp-json\/wp\/v2\/line?post=144436"},{"taxonomy":"kind","embeddable":true,"href":"https:\/\/www.bontempi.it\/es\/wp-json\/wp\/v2\/kind?post=144436"},{"taxonomy":"room","embeddable":true,"href":"https:\/\/www.bontempi.it\/es\/wp-json\/wp\/v2\/room?post=144436"},{"taxonomy":"material","embeddable":true,"href":"https:\/\/www.bontempi.it\/es\/wp-json\/wp\/v2\/material?post=144436"},{"taxonomy":"color","embeddable":true,"href":"https:\/\/www.bontempi.it\/es\/wp-json\/wp\/v2\/color?post=144436"},{"taxonomy":"certification","embeddable":true,"href":"https:\/\/www.bontempi.it\/es\/wp-json\/wp\/v2\/certification?post=144436"}],"curies":[{"name":"wp","href":"https:\/\/api.w.org\/{rel}","templated":true}]}}