{"id":144422,"date":"2023-11-09T10:08:09","date_gmt":"2023-11-09T09:08:09","guid":{"rendered":"https:\/\/www.bontempi.it\/product\/senso-20-94\/"},"modified":"2025-09-23T16:34:40","modified_gmt":"2025-09-23T14:34:40","slug":"senso-20-94","status":"publish","type":"product","link":"https:\/\/www.bontempi.it\/es\/senso-2094\/","title":{"rendered":"Senso &#8211; 20.94"},"content":{"rendered":"<p>Mesa extensible con estructura de acero lacado, aplicaciones decorativas de las patas y tablero de contrachapado de madera, cristal, cristal antiara\u00f1azos, supercer\u00e1mica y superm\u00e1rmol.<\/p>\n","protected":false},"excerpt":{"rendered":"<p>Mesa extensible con estructura de acero lacado, aplicaciones decorativas de las patas y tablero de contrachapado de madera, cristal, cristal antiara\u00f1azos, supercer\u00e1mica y superm\u00e1rmol.<\/p>\n","protected":false},"featured_media":10237,"template":"","line":[77183],"kind":[75927,75928,75933],"room":[75901],"material":[76106,76126,76128,76131,76180,76185,76805,76808,75959,76812,75962,75965,75967,75971,75986,75991,76002],"color":[75859,75861,75865,75869,75887],"certification":[],"class_list":["post-144422","product","type-product","status-publish","has-post-thumbnail","hentry","line-senso-es","kind-tables-es","kind-extendible-es","kind-extendible-rectangular-es","room-kitchen-es","material-l036g-es","material-l038g-es","material-l009g-es","material-l002g-es","material-cm007g-es","material-cm005g-es","material-cr002g-es","material-cr003g-es","material-c183g-es","material-cr005g-es","material-c180g-es","material-c186g-es","material-c185g-es","material-c181g-es","material-c150g-es","material-c152g-es","material-c193g-es","color-beige-es","color-black-es","color-chocolate-es","color-grey-es","color-white-es"],"acf":{"sku":"20.94","line":[77183],"is_accessory":false,"is_configurable":true,"kind":[75927,75928,75933],"rooms":[75901],"seats":"12","dimensions":{"diameter":"","x":"190\/240\/290","z":"100","y":"75"},"finishing":{"top":{"75958":75958,"75961":75961,"75966":75966,"75972":75972,"75987":75987,"75990":75990,"76003":76003,"76124":76124,"76125":76125,"76127":76127,"76130":76130,"76804":76804,"76806":76806,"76807":76807,"76809":76809,"76810":76810,"76811":76811,"76869":76869,"76813":76813,"76177":76177,"76190":76190,"76181":76181,"76184":76184,"76186":76186,"76187":76187,"76203":76203,"76204":76204},"structure":{"76233":76233,"76236":76236,"76237":76237,"76248":76248,"76252":76252,"76253":76253,"76254":76254,"76255":76255,"76256":76256,"76259":76259,"76261":76261,"76263":76263},"lower_cuff":[],"upper_cuff":[],"matchable_top":[],"builtin_revolving_central_top":[],"throat":[],"lampshade":[],"back":[],"sitting":[],"cushions":[],"decorative_inner":[],"decorative_inserts":{"75959":75959,"75962":75962,"75965":75965,"75967":75967,"75971":75971,"75986":75986,"75991":75991,"76002":76002,"76106":76106,"76126":76126,"76128":76128,"76131":76131,"76805":76805,"76808":76808,"76812":76812,"76180":76180,"76185":76185},"side":[],"support":[],"front_doors":[],"top_front_doors":[],"seat_structure":[],"top_structure":[],"covering":[],"optional_shelf":[],"mirror":[],"side_panels":[],"centerpiece":[]},"colors":{"top":{"75869":75869,"75887":75887,"75861":75861,"75859":75859,"75884":75884,"75865":75865,"75873":75873},"structure":{"75869":75869,"75882":75882,"75887":75887,"75861":75861,"75867":75867,"75876":75876,"75865":75865,"75859":75859},"lower_cuff":[],"upper_cuff":[],"matchable_top":[],"builtin_revolving_central_top":[],"throat":[],"lampshade":[],"back":[],"sitting":[],"cushions":[],"decorative_inner":[],"decorative_inserts":{"75869":75869,"75887":75887,"75861":75861,"75859":75859,"75865":75865},"side":[],"support":[],"front_doors":[],"top_front_doors":[],"seat_structure":[],"top_structure":[],"covering":[],"optional_shelf":[],"mirror":[],"side_panels":[],"centerpiece":[]},"accessories":"","related":[126440,126462,126850,126916,126917,126965,127032,127244],"gallery":[60442,20028,60587,40554,20027,40025],"product_sheet":"https:\/\/www.bontempi.it\/wp-content\/uploads\/2023\/03\/Senso-20.92-93-94.pdf","attachments":null,"videos":null,"silhouette":25668},"_links":{"self":[{"href":"https:\/\/www.bontempi.it\/es\/wp-json\/wp\/v2\/product\/144422","targetHints":{"allow":["GET"]}}],"collection":[{"href":"https:\/\/www.bontempi.it\/es\/wp-json\/wp\/v2\/product"}],"about":[{"href":"https:\/\/www.bontempi.it\/es\/wp-json\/wp\/v2\/types\/product"}],"acf:attachment":[{"embeddable":true,"href":"https:\/\/www.bontempi.it\/es\/wp-json\/wp\/v2\/media\/40025"},{"embeddable":true,"href":"https:\/\/www.bontempi.it\/es\/wp-json\/wp\/v2\/media\/20027"},{"embeddable":true,"href":"https:\/\/www.bontempi.it\/es\/wp-json\/wp\/v2\/media\/40554"},{"embeddable":true,"href":"https:\/\/www.bontempi.it\/es\/wp-json\/wp\/v2\/media\/60587"},{"embeddable":true,"href":"https:\/\/www.bontempi.it\/es\/wp-json\/wp\/v2\/media\/20028"},{"embeddable":true,"href":"https:\/\/www.bontempi.it\/es\/wp-json\/wp\/v2\/media\/60442"}],"acf:post":[{"embeddable":true,"href":"https:\/\/www.bontempi.it\/es\/wp-json\/wp\/v2\/product\/127244"},{"embeddable":true,"href":"https:\/\/www.bontempi.it\/es\/wp-json\/wp\/v2\/product\/127032"},{"embeddable":true,"href":"https:\/\/www.bontempi.it\/es\/wp-json\/wp\/v2\/product\/126965"},{"embeddable":true,"href":"https:\/\/www.bontempi.it\/es\/wp-json\/wp\/v2\/product\/126917"},{"embeddable":true,"href":"https:\/\/www.bontempi.it\/es\/wp-json\/wp\/v2\/product\/126916"},{"embeddable":true,"href":"https:\/\/www.bontempi.it\/es\/wp-json\/wp\/v2\/product\/126850"},{"embeddable":true,"href":"https:\/\/www.bontempi.it\/es\/wp-json\/wp\/v2\/product\/126462"},{"embeddable":true,"href":"https:\/\/www.bontempi.it\/es\/wp-json\/wp\/v2\/product\/126440"}],"acf:term":[{"embeddable":true,"taxonomy":"room","href":"https:\/\/www.bontempi.it\/es\/wp-json\/wp\/v2\/room\/75901"},{"embeddable":true,"taxonomy":"kind","href":"https:\/\/www.bontempi.it\/es\/wp-json\/wp\/v2\/kind\/75933"},{"embeddable":true,"taxonomy":"kind","href":"https:\/\/www.bontempi.it\/es\/wp-json\/wp\/v2\/kind\/75928"},{"embeddable":true,"taxonomy":"kind","href":"https:\/\/www.bontempi.it\/es\/wp-json\/wp\/v2\/kind\/75927"},{"embeddable":true,"taxonomy":"line","href":"https:\/\/www.bontempi.it\/es\/wp-json\/wp\/v2\/line\/77183"}],"wp:featuredmedia":[{"embeddable":true,"href":"https:\/\/www.bontempi.it\/es\/wp-json\/wp\/v2\/media\/10237"}],"wp:attachment":[{"href":"https:\/\/www.bontempi.it\/es\/wp-json\/wp\/v2\/media?parent=144422"}],"wp:term":[{"taxonomy":"line","embeddable":true,"href":"https:\/\/www.bontempi.it\/es\/wp-json\/wp\/v2\/line?post=144422"},{"taxonomy":"kind","embeddable":true,"href":"https:\/\/www.bontempi.it\/es\/wp-json\/wp\/v2\/kind?post=144422"},{"taxonomy":"room","embeddable":true,"href":"https:\/\/www.bontempi.it\/es\/wp-json\/wp\/v2\/room?post=144422"},{"taxonomy":"material","embeddable":true,"href":"https:\/\/www.bontempi.it\/es\/wp-json\/wp\/v2\/material?post=144422"},{"taxonomy":"color","embeddable":true,"href":"https:\/\/www.bontempi.it\/es\/wp-json\/wp\/v2\/color?post=144422"},{"taxonomy":"certification","embeddable":true,"href":"https:\/\/www.bontempi.it\/es\/wp-json\/wp\/v2\/certification?post=144422"}],"curies":[{"name":"wp","href":"https:\/\/api.w.org\/{rel}","templated":true}]}}