{"id":144392,"date":"2024-05-21T11:14:08","date_gmt":"2024-05-21T09:14:08","guid":{"rendered":"https:\/\/www.bontempi.it\/product\/rain-56-58\/"},"modified":"2025-09-23T16:34:03","modified_gmt":"2025-09-23T14:34:03","slug":"rain-56-58","status":"publish","type":"product","link":"https:\/\/www.bontempi.it\/es\/rain-5658\/","title":{"rendered":"Rain &#8211; 56.58"},"content":{"rendered":"<p>L\u00e1mpara de suspensi\u00f3n con estructura de lat\u00f3n natural para composiciones en racimo que se puede combinar con el flor\u00f3n m\u00faltiple 56.57RS Rain, vendido por separado, con cristal de borosilicato ahumado en el exterior y cristal milrayas en el interior.<\/p>\n","protected":false},"excerpt":{"rendered":"<p>L\u00e1mpara de suspensi\u00f3n con estructura de lat\u00f3n natural para composiciones en racimo que se puede combinar con el flor\u00f3n m\u00faltiple 56.57RS Rain, vendido por separado, con cristal de borosilicato ahumado en el exterior y cristal milrayas en el interior.<\/p>\n","protected":false},"featured_media":136701,"template":"","line":[77172],"kind":[75911],"room":[75902],"material":[76257],"color":[75865],"certification":[],"class_list":["post-144392","product","type-product","status-publish","has-post-thumbnail","hentry","line-rain-es","kind-lighting-es","room-hall-es","material-m352-es","color-chocolate-es"],"acf":{"sku":"56.58","line":[77172],"is_accessory":false,"is_configurable":true,"kind":[75911],"rooms":[75902],"seats":"","dimensions":{"diameter":"22","x":"","z":"60","y":""},"finishing":{"top":[],"structure":{"76257":76257},"lower_cuff":[],"upper_cuff":[],"matchable_top":[],"builtin_revolving_central_top":[],"throat":[],"lampshade":[],"back":[],"sitting":[],"cushions":[],"decorative_inner":[],"decorative_inserts":[],"side":[],"support":[],"front_doors":[],"top_front_doors":[],"seat_structure":[],"top_structure":[],"covering":[],"optional_shelf":[],"mirror":[],"side_panels":[],"centerpiece":[]},"colors":{"top":[],"structure":{"75865":75865},"lower_cuff":[],"upper_cuff":[],"matchable_top":[],"builtin_revolving_central_top":[],"throat":[],"lampshade":[],"back":[],"sitting":[],"cushions":[],"decorative_inner":[],"decorative_inserts":[],"side":[],"support":[],"front_doors":[],"top_front_doors":[],"seat_structure":[],"top_structure":[],"covering":[],"optional_shelf":[],"mirror":[],"side_panels":[],"centerpiece":[]},"accessories":"","related":[127252,127263,127280],"gallery":[136706,136711],"product_sheet":"https:\/\/www.bontempi.it\/wp-content\/uploads\/2024\/07\/Rain-56.58.pdf","attachments":null,"videos":null,"silhouette":137279},"_links":{"self":[{"href":"https:\/\/www.bontempi.it\/es\/wp-json\/wp\/v2\/product\/144392","targetHints":{"allow":["GET"]}}],"collection":[{"href":"https:\/\/www.bontempi.it\/es\/wp-json\/wp\/v2\/product"}],"about":[{"href":"https:\/\/www.bontempi.it\/es\/wp-json\/wp\/v2\/types\/product"}],"acf:attachment":[{"embeddable":true,"href":"https:\/\/www.bontempi.it\/es\/wp-json\/wp\/v2\/media\/136711"},{"embeddable":true,"href":"https:\/\/www.bontempi.it\/es\/wp-json\/wp\/v2\/media\/136706"}],"acf:post":[{"embeddable":true,"href":"https:\/\/www.bontempi.it\/es\/wp-json\/wp\/v2\/product\/127280"},{"embeddable":true,"href":"https:\/\/www.bontempi.it\/es\/wp-json\/wp\/v2\/product\/127263"},{"embeddable":true,"href":"https:\/\/www.bontempi.it\/es\/wp-json\/wp\/v2\/product\/127252"}],"acf:term":[{"embeddable":true,"taxonomy":"room","href":"https:\/\/www.bontempi.it\/es\/wp-json\/wp\/v2\/room\/75902"},{"embeddable":true,"taxonomy":"kind","href":"https:\/\/www.bontempi.it\/es\/wp-json\/wp\/v2\/kind\/75911"},{"embeddable":true,"taxonomy":"line","href":"https:\/\/www.bontempi.it\/es\/wp-json\/wp\/v2\/line\/77172"}],"wp:featuredmedia":[{"embeddable":true,"href":"https:\/\/www.bontempi.it\/es\/wp-json\/wp\/v2\/media\/136701"}],"wp:attachment":[{"href":"https:\/\/www.bontempi.it\/es\/wp-json\/wp\/v2\/media?parent=144392"}],"wp:term":[{"taxonomy":"line","embeddable":true,"href":"https:\/\/www.bontempi.it\/es\/wp-json\/wp\/v2\/line?post=144392"},{"taxonomy":"kind","embeddable":true,"href":"https:\/\/www.bontempi.it\/es\/wp-json\/wp\/v2\/kind?post=144392"},{"taxonomy":"room","embeddable":true,"href":"https:\/\/www.bontempi.it\/es\/wp-json\/wp\/v2\/room?post=144392"},{"taxonomy":"material","embeddable":true,"href":"https:\/\/www.bontempi.it\/es\/wp-json\/wp\/v2\/material?post=144392"},{"taxonomy":"color","embeddable":true,"href":"https:\/\/www.bontempi.it\/es\/wp-json\/wp\/v2\/color?post=144392"},{"taxonomy":"certification","embeddable":true,"href":"https:\/\/www.bontempi.it\/es\/wp-json\/wp\/v2\/certification?post=144392"}],"curies":[{"name":"wp","href":"https:\/\/api.w.org\/{rel}","templated":true}]}}