{"id":144294,"date":"2023-11-09T09:52:13","date_gmt":"2023-11-09T08:52:13","guid":{"rendered":"https:\/\/www.bontempi.it\/product\/pagoda-07-59\/"},"modified":"2025-09-23T16:32:10","modified_gmt":"2025-09-23T14:32:10","slug":"pagoda-07-59","status":"publish","type":"product","link":"https:\/\/www.bontempi.it\/es\/pagoda-0759\/","title":{"rendered":"Pagoda &#8211; 07.59"},"content":{"rendered":"<p>Mesa de centro con estructura de acero lacado con dos tableros. Tablero superior de cristal y tablero inferior de cristal y cristal antiara\u00f1azos, supercer\u00e1mica y superm\u00e1rmol.<\/p>\n","protected":false},"excerpt":{"rendered":"<p>Mesa de centro con estructura de acero lacado con dos tableros. Tablero superior de cristal y tablero inferior de cristal y cristal antiara\u00f1azos, supercer\u00e1mica y superm\u00e1rmol.<\/p>\n","protected":false},"featured_media":0,"template":"","line":[77137],"kind":[75943,75946],"room":[],"material":[76181,76184,76186,76188,76192,76194,76204,75958,75961,75966,75972,76177],"color":[75887,75859,75861,75865,75869,75873],"certification":[],"class_list":["post-144294","product","type-product","status-publish","hentry","line-pagoda-es","kind-occasionals-es","kind-coffee-tables-es","material-cm009-es","material-cm010-es","material-cm005-es","material-cm025-es","material-cm012-es","material-cm032-es","material-cm027-es","material-c183s-es","material-c180s-es","material-c185s-es","material-c181s-es","material-cm003-es","color-white-es","color-beige-es","color-black-es","color-chocolate-es","color-grey-es","color-multicolor-es"],"acf":{"sku":"07.59","line":[77137],"is_accessory":false,"is_configurable":true,"kind":[75943,75946],"rooms":false,"seats":"","dimensions":{"diameter":"","x":"182","z":"92","y":"35"},"finishing":{"top":{"76005":76005,"76006":76006,"76007":76007},"structure":{"76233":76233,"76236":76236,"76237":76237,"76248":76248,"76252":76252,"76253":76253,"76254":76254,"76255":76255,"76256":76256,"76259":76259,"76261":76261,"76263":76263},"lower_cuff":[],"upper_cuff":[],"matchable_top":{"75958":75958,"75961":75961,"75966":75966,"75972":75972,"76177":76177,"76192":76192,"76194":76194,"76181":76181,"76184":76184,"76186":76186,"76188":76188,"76204":76204},"builtin_revolving_central_top":[],"throat":[],"lampshade":[],"back":[],"sitting":[],"cushions":[],"decorative_inner":[],"decorative_inserts":[],"side":[],"support":[],"front_doors":[],"top_front_doors":[],"seat_structure":[],"top_structure":[],"covering":[],"optional_shelf":[],"mirror":[],"side_panels":[],"centerpiece":[]},"colors":{"top":{"75884":75884},"structure":{"75869":75869,"75882":75882,"75887":75887,"75861":75861,"75867":75867,"75876":75876,"75865":75865,"75859":75859},"lower_cuff":[],"upper_cuff":[],"matchable_top":{"75869":75869,"75887":75887,"75861":75861,"75859":75859,"75865":75865,"75873":75873},"builtin_revolving_central_top":[],"throat":[],"lampshade":[],"back":[],"sitting":[],"cushions":[],"decorative_inner":[],"decorative_inserts":[],"side":[],"support":[],"front_doors":[],"top_front_doors":[],"seat_structure":[],"top_structure":[],"covering":[],"optional_shelf":[],"mirror":[],"side_panels":[],"centerpiece":[]},"accessories":"","related":[126441,126438,126395],"gallery":[104603,104608],"product_sheet":"https:\/\/www.bontempi.it\/wp-content\/uploads\/2023\/03\/Pagoda-07.59.pdf","attachments":null,"videos":null,"silhouette":103393},"_links":{"self":[{"href":"https:\/\/www.bontempi.it\/es\/wp-json\/wp\/v2\/product\/144294","targetHints":{"allow":["GET"]}}],"collection":[{"href":"https:\/\/www.bontempi.it\/es\/wp-json\/wp\/v2\/product"}],"about":[{"href":"https:\/\/www.bontempi.it\/es\/wp-json\/wp\/v2\/types\/product"}],"acf:attachment":[{"embeddable":true,"href":"https:\/\/www.bontempi.it\/es\/wp-json\/wp\/v2\/media\/104608"},{"embeddable":true,"href":"https:\/\/www.bontempi.it\/es\/wp-json\/wp\/v2\/media\/104603"}],"acf:post":[{"embeddable":true,"href":"https:\/\/www.bontempi.it\/es\/wp-json\/wp\/v2\/product\/126395"},{"embeddable":true,"href":"https:\/\/www.bontempi.it\/es\/wp-json\/wp\/v2\/product\/126438"},{"embeddable":true,"href":"https:\/\/www.bontempi.it\/es\/wp-json\/wp\/v2\/product\/126441"}],"acf:term":[{"embeddable":true,"taxonomy":"kind","href":"https:\/\/www.bontempi.it\/es\/wp-json\/wp\/v2\/kind\/75946"},{"embeddable":true,"taxonomy":"kind","href":"https:\/\/www.bontempi.it\/es\/wp-json\/wp\/v2\/kind\/75943"},{"embeddable":true,"taxonomy":"line","href":"https:\/\/www.bontempi.it\/es\/wp-json\/wp\/v2\/line\/77137"}],"wp:attachment":[{"href":"https:\/\/www.bontempi.it\/es\/wp-json\/wp\/v2\/media?parent=144294"}],"wp:term":[{"taxonomy":"line","embeddable":true,"href":"https:\/\/www.bontempi.it\/es\/wp-json\/wp\/v2\/line?post=144294"},{"taxonomy":"kind","embeddable":true,"href":"https:\/\/www.bontempi.it\/es\/wp-json\/wp\/v2\/kind?post=144294"},{"taxonomy":"room","embeddable":true,"href":"https:\/\/www.bontempi.it\/es\/wp-json\/wp\/v2\/room?post=144294"},{"taxonomy":"material","embeddable":true,"href":"https:\/\/www.bontempi.it\/es\/wp-json\/wp\/v2\/material?post=144294"},{"taxonomy":"color","embeddable":true,"href":"https:\/\/www.bontempi.it\/es\/wp-json\/wp\/v2\/color?post=144294"},{"taxonomy":"certification","embeddable":true,"href":"https:\/\/www.bontempi.it\/es\/wp-json\/wp\/v2\/certification?post=144294"}],"curies":[{"name":"wp","href":"https:\/\/api.w.org\/{rel}","templated":true}]}}