{"id":144280,"date":"2023-11-09T10:11:39","date_gmt":"2023-11-09T09:11:39","guid":{"rendered":"https:\/\/www.bontempi.it\/product\/nata-sgabello-34-35\/"},"modified":"2025-09-23T16:31:53","modified_gmt":"2025-09-23T14:31:53","slug":"nata-sgabello-34-35","status":"publish","type":"product","link":"https:\/\/www.bontempi.it\/es\/nata-taburete-3435\/","title":{"rendered":"Nata Taburete &#8211; 34.35"},"content":{"rendered":"<p>Taburete con estructura de acero lacado, cuerpo totalmente acolchado y tapizado con tela t\u00e9cnica, piel ecol\u00f3gica premium, tejido Bouquet, tejido Gourmet, tejido Nordic, lana virgen pura, terciopelo supreme y piel premium, ribete de colores a juego o a contraste, tambi\u00e9n disponible en versi\u00f3n con respaldo acolchado (solo en tejido Nordic, piel ecol\u00f3gica premium y piel premium).<\/p>\n","protected":false},"excerpt":{"rendered":"<p>Taburete con estructura de acero lacado, cuerpo totalmente acolchado y tapizado con tela t\u00e9cnica, piel ecol\u00f3gica premium, tejido Bouquet, tejido Gourmet, tejido Nordic, lana virgen pura, terciopelo supreme y piel premium, ribete de colores a juego o a contraste, tambi\u00e9n disponible en versi\u00f3n con respaldo acolchado (solo en tejido Nordic, piel ecol\u00f3gica premium y piel [&hellip;]<\/p>\n","protected":false},"featured_media":0,"template":"","line":[77131],"kind":[75919,75922],"room":[75900,75901],"material":[76293,76311,76329,76346,76441,76466,76532,76592,76691,76727,76294,76312,76330,76411,76443,76468,76534,76593,76693,76729,76295,76313,76331,76413,76445,76469,76536,76648,76699,76731,76296,76314,76332,76415,76447,76470,76538,76649,76701,76733,76297,76315,76333,76417,76449,76471,76540,76650,76703,76735,76298,76316,76334,76419,76451,76472,76542,76651,76705,76737,76299,76319,76335,76421,76455,76473,76544,76652,76707,76739,76300,76320,76336,76423,76456,76474,76546,76653,76709,76741,76301,76321,76337,76425,76457,76475,76548,76654,76711,76743,76302,76322,76338,76427,76458,76476,76583,76655,76713,76745,76064,76303,76323,76339,76429,76460,76520,76584,76656,76715,76798,76092,76304,76324,76340,76431,76461,76522,76585,76667,76717,76861,76289,76305,76325,76342,76433,76462,76524,76586,76673,76719,76862,76290,76306,76326,76343,76435,76463,76526,76587,76679,76721,76864,76291,76309,76327,76344,76437,76464,76528,76588,76681,76723,76865,76292,76310,76328,76345,76439,76465,76530,76591,76683,76725],"color":[75869,75871,75875,75878,75879,75886,75887,75888,75889,75859,75861,75862,75865,75866,75868],"certification":[75809],"class_list":["post-144280","product","type-product","status-publish","hentry","line-nata-footstool-es","kind-seatings-es","kind-footstool-es","room-contract-es","room-kitchen-es","material-pr12-es","material-pr08-es","material-pr04-es","material-pg01-es","material-tebq009-es","material-tego008-es","material-teno013-es","material-tt002-es","material-tve16t-es","material-tevs019-es","material-pr12t-es","material-pr08t-es","material-pr04t-es","material-tebq020-es","material-tebq007-es","material-tego011-es","material-teno004-es","material-tt001-es","material-tve02t-es","material-tevs014-es","material-pr02-es","material-pr20-es","material-pr09-es","material-tebq004-es","material-tebq008-es","material-tego012-es","material-teno010-es","material-vn06-es","material-tevs008-es","material-tevs015-es","material-pr02t-es","material-pr20t-es","material-pr09t-es","material-tebq013-es","material-tebq001-es","material-tego020-es","material-teno014-es","material-vn08-es","material-tevs016-es","material-tevs024-es","material-pr03-es","material-pr05-es","material-pr17-es","material-tebq016-es","material-tebq006-es","material-tego015-es","material-teno006-es","material-vn01-es","material-tevs017-es","material-tevs011-es","material-pr03t-es","material-pr05t-es","material-pr17t-es","material-tebq017-es","material-tebq011-es","material-tego010-es","material-teno011-es","material-vn04-es","material-tevs007-es","material-tevs001-es","material-pr01-es","material-pr11-es","material-pr06-es","material-tebq005-es","material-tego022-es","material-tego025-es","material-teno012-es","material-vn02-es","material-tevs022-es","material-tevs010-es","material-pr01t-es","material-pr11t-es","material-pr06t-es","material-tebq010-es","material-tego018-es","material-tego007-es","material-teno001-es","material-vn09-es","material-tevs021-es","material-tevs023-es","material-pr13-es","material-pr15-es","material-pr18-es","material-tebq002-es","material-tego009-es","material-tego002-es","material-teno008-es","material-vn07-es","material-tevs003-es","material-tevs004-es","material-pr13t-es","material-pr15t-es","material-pr18t-es","material-tebq015-es","material-tego005-es","material-tego023-es","material-tesu002-es","material-vn05-es","material-tevs002-es","material-tevs012-es","material-tego024-es","material-pr16-es","material-pr23-es","material-pr19-es","material-tebq014-es","material-tego004-es","material-teno009-es","material-tesu003-es","material-vn03-es","material-tevs009-es","material-tns09-es","material-tego021-es","material-pr16t-es","material-pr23t-es","material-pr19t-es","material-tebq021-es","material-tego016-es","material-teno003-es","material-tesu004-es","material-tve13t-es","material-tevs006-es","material-pg06-es","material-pr24-es","material-pr07-es","material-pr21-es","material-pg05-es","material-tebq018-es","material-tego019-es","material-teno015-es","material-tesu005-es","material-tve01t-es","material-tevs018-es","material-pg07-es","material-pr24t-es","material-pr07t-es","material-pr22-es","material-pg04-es","material-tebq019-es","material-tego017-es","material-teno002-es","material-tesu006-es","material-tve03t-es","material-tevs020-es","material-pg09-es","material-pr10-es","material-pr14-es","material-pr21t-es","material-pg03-es","material-tebq003-es","material-tego006-es","material-teno005-es","material-tesu007-es","material-tve18t-es","material-tevs005-es","material-pg10-es","material-pr10t-es","material-pr14t-es","material-pr22t-es","material-pg02-es","material-tebq012-es","material-tego014-es","material-teno007-es","material-tt004-es","material-tve05t-es","material-tevs013-es","color-grey-es","color-light-blue-es","color-orange-es","color-red-es","color-rose-es","color-viola-es","color-white-es","color-white-black-es","color-yellow-es","color-beige-es","color-black-es","color-blue-es","color-chocolate-es","color-brown-es","color-green-es","certification-trapuntatura-es"],"acf":{"sku":"34.35","line":[77131],"is_accessory":false,"is_configurable":true,"kind":[75919,75922],"rooms":[75900,75901],"seats":"","dimensions":{"diameter":"","x":"42","z":"51","y":"96\/67"},"finishing":{"top":[],"structure":{"76233":76233,"76236":76236,"76237":76237,"76248":76248,"76252":76252,"76253":76253,"76254":76254,"76255":76255,"76256":76256,"76259":76259,"76261":76261,"76263":76263},"lower_cuff":[],"upper_cuff":[],"matchable_top":[],"builtin_revolving_central_top":[],"throat":[],"lampshade":[],"back":[],"sitting":{"76289":76289,"76290":76290,"76291":76291,"76292":76292,"76293":76293,"76294":76294,"76295":76295,"76296":76296,"76297":76297,"76298":76298,"76299":76299,"76300":76300,"76301":76301,"76302":76302,"76303":76303,"76304":76304,"76305":76305,"76306":76306,"76309":76309,"76310":76310,"76311":76311,"76312":76312,"76313":76313,"76314":76314,"76315":76315,"76316":76316,"76319":76319,"76320":76320,"76321":76321,"76322":76322,"76323":76323,"76324":76324,"76325":76325,"76326":76326,"76328":76328,"76327":76327,"76329":76329,"76330":76330,"76331":76331,"76332":76332,"76333":76333,"76334":76334,"76335":76335,"76336":76336,"76337":76337,"76338":76338,"76339":76339,"76340":76340,"76411":76411,"76413":76413,"76415":76415,"76417":76417,"76419":76419,"76421":76421,"76423":76423,"76425":76425,"76427":76427,"76429":76429,"76431":76431,"76433":76433,"76435":76435,"76437":76437,"76439":76439,"76441":76441,"76443":76443,"76445":76445,"76447":76447,"76449":76449,"76451":76451,"76520":76520,"76522":76522,"76524":76524,"76526":76526,"76528":76528,"76530":76530,"76532":76532,"76534":76534,"76536":76536,"76538":76538,"76540":76540,"76542":76542,"76544":76544,"76546":76546,"76548":76548,"76591":76591,"76592":76592,"76593":76593,"76699":76699,"76701":76701,"76703":76703,"76705":76705,"76707":76707,"76709":76709,"76711":76711,"76713":76713,"76715":76715,"76717":76717,"76719":76719,"76721":76721,"76723":76723,"76725":76725,"76727":76727,"76729":76729,"76731":76731,"76733":76733,"76735":76735,"76737":76737,"76739":76739,"76741":76741,"76743":76743,"76745":76745,"76064":76064,"76092":76092,"76667":76667,"76673":76673,"76679":76679,"76681":76681,"76683":76683,"76691":76691,"76693":76693,"76798":76798,"76475":76475,"76460":76460,"76458":76458,"76464":76464,"76474":76474,"76466":76466,"76457":76457,"76472":76472,"76468":76468,"76469":76469,"76465":76465,"76471":76471,"76461":76461,"76463":76463,"76456":76456,"76462":76462,"76470":76470,"76455":76455,"76476":76476,"76473":76473,"76345":76345,"76346":76346,"76344":76344,"76343":76343,"76342":76342,"76648":76648,"76652":76652,"76656":76656,"76650":76650,"76651":76651,"76655":76655,"76654":76654,"76649":76649,"76653":76653,"76583":76583,"76584":76584,"76585":76585,"76586":76586,"76587":76587,"76588":76588,"76861":76861,"76862":76862,"76864":76864,"76865":76865},"cushions":[],"decorative_inner":[],"decorative_inserts":[],"side":[],"support":[],"front_doors":[],"top_front_doors":[],"seat_structure":[],"top_structure":[],"covering":[],"optional_shelf":[],"mirror":[],"side_panels":[],"centerpiece":[]},"colors":{"top":[],"structure":{"75869":75869,"75882":75882,"75887":75887,"75861":75861,"75867":75867,"75876":75876,"75865":75865,"75859":75859},"lower_cuff":[],"upper_cuff":[],"matchable_top":[],"builtin_revolving_central_top":[],"throat":[],"lampshade":[],"back":[],"sitting":{"75878":75878,"75869":75869,"75871":75871,"75859":75859,"75887":75887,"75865":75865,"75879":75879,"75889":75889,"75861":75861,"75868":75868,"75862":75862,"75866":75866,"75875":75875,"75886":75886,"75888":75888},"cushions":[],"decorative_inner":[],"decorative_inserts":[],"side":[],"support":[],"front_doors":[],"top_front_doors":[],"seat_structure":[],"top_structure":[],"covering":[],"optional_shelf":[],"mirror":[],"side_panels":[],"centerpiece":[]},"accessories":"","related":[126900],"gallery":[60412,60417],"product_sheet":"https:\/\/www.bontempi.it\/wp-content\/uploads\/2023\/03\/Nata-34.35-36.pdf","attachments":null,"videos":null,"silhouette":32867},"_links":{"self":[{"href":"https:\/\/www.bontempi.it\/es\/wp-json\/wp\/v2\/product\/144280","targetHints":{"allow":["GET"]}}],"collection":[{"href":"https:\/\/www.bontempi.it\/es\/wp-json\/wp\/v2\/product"}],"about":[{"href":"https:\/\/www.bontempi.it\/es\/wp-json\/wp\/v2\/types\/product"}],"acf:attachment":[{"embeddable":true,"href":"https:\/\/www.bontempi.it\/es\/wp-json\/wp\/v2\/media\/60417"},{"embeddable":true,"href":"https:\/\/www.bontempi.it\/es\/wp-json\/wp\/v2\/media\/60412"}],"acf:post":[{"embeddable":true,"href":"https:\/\/www.bontempi.it\/es\/wp-json\/wp\/v2\/product\/126900"}],"acf:term":[{"embeddable":true,"taxonomy":"room","href":"https:\/\/www.bontempi.it\/es\/wp-json\/wp\/v2\/room\/75901"},{"embeddable":true,"taxonomy":"room","href":"https:\/\/www.bontempi.it\/es\/wp-json\/wp\/v2\/room\/75900"},{"embeddable":true,"taxonomy":"kind","href":"https:\/\/www.bontempi.it\/es\/wp-json\/wp\/v2\/kind\/75922"},{"embeddable":true,"taxonomy":"kind","href":"https:\/\/www.bontempi.it\/es\/wp-json\/wp\/v2\/kind\/75919"},{"embeddable":true,"taxonomy":"line","href":"https:\/\/www.bontempi.it\/es\/wp-json\/wp\/v2\/line\/77131"}],"wp:attachment":[{"href":"https:\/\/www.bontempi.it\/es\/wp-json\/wp\/v2\/media?parent=144280"}],"wp:term":[{"taxonomy":"line","embeddable":true,"href":"https:\/\/www.bontempi.it\/es\/wp-json\/wp\/v2\/line?post=144280"},{"taxonomy":"kind","embeddable":true,"href":"https:\/\/www.bontempi.it\/es\/wp-json\/wp\/v2\/kind?post=144280"},{"taxonomy":"room","embeddable":true,"href":"https:\/\/www.bontempi.it\/es\/wp-json\/wp\/v2\/room?post=144280"},{"taxonomy":"material","embeddable":true,"href":"https:\/\/www.bontempi.it\/es\/wp-json\/wp\/v2\/material?post=144280"},{"taxonomy":"color","embeddable":true,"href":"https:\/\/www.bontempi.it\/es\/wp-json\/wp\/v2\/color?post=144280"},{"taxonomy":"certification","embeddable":true,"href":"https:\/\/www.bontempi.it\/es\/wp-json\/wp\/v2\/certification?post=144280"}],"curies":[{"name":"wp","href":"https:\/\/api.w.org\/{rel}","templated":true}]}}