{"id":144255,"date":"2023-11-09T10:26:05","date_gmt":"2023-11-09T09:26:05","guid":{"rendered":"https:\/\/www.bontempi.it\/product\/moon-alto-outdoor-53-22out\/"},"modified":"2025-09-23T16:31:22","modified_gmt":"2025-09-23T14:31:22","slug":"moon-alto-outdoor-53-22out","status":"publish","type":"product","link":"https:\/\/www.bontempi.it\/es\/moon-alto-outdoor-5322out\/","title":{"rendered":"Moon alto Outdoor &#8211; 53.22OUT"},"content":{"rendered":"<p>Mesa alta fija de exteriores con estructura de acero lacado, tablero de laminado, cristal, cristal antiara\u00f1azos, supercer\u00e1mica y superm\u00e1rmol.<\/p>\n","protected":false},"excerpt":{"rendered":"<p>Mesa alta fija de exteriores con estructura de acero lacado, tablero de laminado, cristal, cristal antiara\u00f1azos, supercer\u00e1mica y superm\u00e1rmol.<\/p>\n","protected":false},"featured_media":10213,"template":"","line":[77126],"kind":[75927,75935,75940],"room":[75900,75901,75903],"material":[76192,76194,76204,76234,76239,76249,76258,76262],"color":[75859,75865,75869,75884,75887,77624,77626],"certification":[75805],"class_list":["post-144255","product","type-product","status-publish","has-post-thumbnail","hentry","line-moon-high-outdoor-es","kind-tables-es","kind-fixed-es","kind-fixed-rectangular-es","room-contract-es","room-kitchen-es","room-outdoor-es","material-cm012-es","material-cm032-es","material-cm027-es","material-m310x-es","material-m306x-es","material-m097x-es","material-m028x-es","material-m312x-es","color-beige-es","color-chocolate-es","color-grey-es","color-transparent-es","color-white-es","color-bianco-es","color-grigio-es","certification-outdoor-tavoli-es"],"acf":{"sku":"53.22OUT","line":[77126],"is_accessory":false,"is_configurable":true,"kind":[75927,75935,75940],"rooms":[75900,75901,75903],"seats":"6","dimensions":{"diameter":"","x":"160","z":"80","y":"110"},"finishing":{"top":[65912,65914,65922,65931,65944,66260,66262,66272,66275,66277,66280,66288,66290,75664],"structure":[66042,66046,66058,66067,66071],"lower_cuff":[],"upper_cuff":[],"matchable_top":[],"builtin_revolving_central_top":[],"throat":[],"lampshade":[],"back":[],"sitting":[],"cushions":[],"decorative_inner":[],"decorative_inserts":[],"side":[],"support":[],"front_doors":[],"top_front_doors":[],"seat_structure":[],"top_structure":[],"covering":[],"optional_shelf":[],"mirror":[],"side_panels":[],"centerpiece":[]},"colors":{"top":[58739,58745,58749,58764,58767],"structure":[58739,58745,58749,58767],"lower_cuff":[],"upper_cuff":[],"matchable_top":[],"builtin_revolving_central_top":[],"throat":[],"lampshade":[],"back":[],"sitting":[],"cushions":[],"decorative_inner":[],"decorative_inserts":[],"side":[],"support":[],"front_doors":[],"top_front_doors":[],"seat_structure":[],"top_structure":[],"covering":[],"optional_shelf":[],"mirror":[],"side_panels":[],"centerpiece":[]},"accessories":"","related":[126896,126897,126923,127161,127171,127172,127177,127179],"gallery":[60402,60387],"product_sheet":"https:\/\/www.bontempi.it\/wp-content\/uploads\/2023\/03\/Moon-53.22OUT.pdf","attachments":null,"videos":null,"silhouette":25764},"_links":{"self":[{"href":"https:\/\/www.bontempi.it\/es\/wp-json\/wp\/v2\/product\/144255","targetHints":{"allow":["GET"]}}],"collection":[{"href":"https:\/\/www.bontempi.it\/es\/wp-json\/wp\/v2\/product"}],"about":[{"href":"https:\/\/www.bontempi.it\/es\/wp-json\/wp\/v2\/types\/product"}],"acf:attachment":[{"embeddable":true,"href":"https:\/\/www.bontempi.it\/es\/wp-json\/wp\/v2\/media\/60387"},{"embeddable":true,"href":"https:\/\/www.bontempi.it\/es\/wp-json\/wp\/v2\/media\/60402"}],"acf:post":[{"embeddable":true,"href":"https:\/\/www.bontempi.it\/es\/wp-json\/wp\/v2\/product\/127179"},{"embeddable":true,"href":"https:\/\/www.bontempi.it\/es\/wp-json\/wp\/v2\/product\/127177"},{"embeddable":true,"href":"https:\/\/www.bontempi.it\/es\/wp-json\/wp\/v2\/product\/127172"},{"embeddable":true,"href":"https:\/\/www.bontempi.it\/es\/wp-json\/wp\/v2\/product\/127171"},{"embeddable":true,"href":"https:\/\/www.bontempi.it\/es\/wp-json\/wp\/v2\/product\/127161"},{"embeddable":true,"href":"https:\/\/www.bontempi.it\/es\/wp-json\/wp\/v2\/product\/126923"},{"embeddable":true,"href":"https:\/\/www.bontempi.it\/es\/wp-json\/wp\/v2\/product\/126897"},{"embeddable":true,"href":"https:\/\/www.bontempi.it\/es\/wp-json\/wp\/v2\/product\/126896"}],"acf:term":[{"embeddable":true,"taxonomy":"room","href":"https:\/\/www.bontempi.it\/es\/wp-json\/wp\/v2\/room\/75903"},{"embeddable":true,"taxonomy":"room","href":"https:\/\/www.bontempi.it\/es\/wp-json\/wp\/v2\/room\/75901"},{"embeddable":true,"taxonomy":"room","href":"https:\/\/www.bontempi.it\/es\/wp-json\/wp\/v2\/room\/75900"},{"embeddable":true,"taxonomy":"kind","href":"https:\/\/www.bontempi.it\/es\/wp-json\/wp\/v2\/kind\/75940"},{"embeddable":true,"taxonomy":"kind","href":"https:\/\/www.bontempi.it\/es\/wp-json\/wp\/v2\/kind\/75935"},{"embeddable":true,"taxonomy":"kind","href":"https:\/\/www.bontempi.it\/es\/wp-json\/wp\/v2\/kind\/75927"},{"embeddable":true,"taxonomy":"line","href":"https:\/\/www.bontempi.it\/es\/wp-json\/wp\/v2\/line\/77126"}],"wp:featuredmedia":[{"embeddable":true,"href":"https:\/\/www.bontempi.it\/es\/wp-json\/wp\/v2\/media\/10213"}],"wp:attachment":[{"href":"https:\/\/www.bontempi.it\/es\/wp-json\/wp\/v2\/media?parent=144255"}],"wp:term":[{"taxonomy":"line","embeddable":true,"href":"https:\/\/www.bontempi.it\/es\/wp-json\/wp\/v2\/line?post=144255"},{"taxonomy":"kind","embeddable":true,"href":"https:\/\/www.bontempi.it\/es\/wp-json\/wp\/v2\/kind?post=144255"},{"taxonomy":"room","embeddable":true,"href":"https:\/\/www.bontempi.it\/es\/wp-json\/wp\/v2\/room?post=144255"},{"taxonomy":"material","embeddable":true,"href":"https:\/\/www.bontempi.it\/es\/wp-json\/wp\/v2\/material?post=144255"},{"taxonomy":"color","embeddable":true,"href":"https:\/\/www.bontempi.it\/es\/wp-json\/wp\/v2\/color?post=144255"},{"taxonomy":"certification","embeddable":true,"href":"https:\/\/www.bontempi.it\/es\/wp-json\/wp\/v2\/certification?post=144255"}],"curies":[{"name":"wp","href":"https:\/\/api.w.org\/{rel}","templated":true}]}}