{"id":144248,"date":"2023-11-09T10:26:05","date_gmt":"2023-11-09T09:26:05","guid":{"rendered":"https:\/\/www.bontempi.it\/product\/moon-alto-53-21\/"},"modified":"2025-09-23T16:31:15","modified_gmt":"2025-09-23T14:31:15","slug":"moon-alto-53-21","status":"publish","type":"product","link":"https:\/\/www.bontempi.it\/es\/moon-alto-5321\/","title":{"rendered":"Moon alto &#8211; 53.21"},"content":{"rendered":"<p>Mesa alta fija con estructura de acero lacado, tablero de laminado, cristal, cristal antiara\u00f1azos, supercer\u00e1mica y superm\u00e1rmol.<\/p>\n","protected":false},"excerpt":{"rendered":"<p>Mesa alta fija con estructura de acero lacado, tablero de laminado, cristal, cristal antiara\u00f1azos, supercer\u00e1mica y superm\u00e1rmol.<\/p>\n","protected":false},"featured_media":0,"template":"","line":[77125],"kind":[75927,75935,75940],"room":[75900,75901],"material":[76828,76209,76233,76236,76237,76248,76252,76253,76254,76255,76256,76259,76261,76263,76823],"color":[75859,75861,75865,75867,75869,75876,75882,75884,75887,77624,77625,77626],"certification":[75800],"class_list":["post-144248","product","type-product","status-publish","hentry","line-moon-high-es","kind-tables-es","kind-fixed-es","kind-fixed-rectangular-es","room-contract-es","room-kitchen-es","material-lf08-es","material-lf05-es","material-m310-es","material-m326-es","material-m306-es","material-m097-es","material-m055-es","material-m327-es","material-m325-es","material-m329-es","material-m328-es","material-m028-es","material-m312-es","material-m307-es","material-lf02-es","color-beige-es","color-black-es","color-chocolate-es","color-gold-es","color-grey-es","color-pink-gold-es","color-silver-es","color-transparent-es","color-white-es","color-bianco-es","color-nero-es","color-grigio-es","certification-en-15372-16-en-1730-12-es"],"acf":{"sku":"53.21","line":[77125],"is_accessory":false,"is_configurable":true,"kind":[75927,75935,75940],"rooms":[75900,75901],"seats":"6","dimensions":{"diameter":"","x":"140","z":"80","y":"110"},"finishing":{"top":[65912,65914,65922,65931,65944,66029,66030,66031,66032,66035,66258,66260,66262,66264,66269,66272,66275,66277,66280,66288,66290,66297,75664,76109,76110,76111,76112],"structure":[66041,66043,66044,66057,66061,66062,66063,66064,66065,66068,66070,66072],"lower_cuff":[],"upper_cuff":[],"matchable_top":[],"builtin_revolving_central_top":[],"throat":[],"lampshade":[],"back":[],"sitting":[],"cushions":[],"decorative_inner":[],"decorative_inserts":[],"side":[],"support":[],"front_doors":[],"top_front_doors":[],"seat_structure":[],"top_structure":[],"covering":[],"optional_shelf":[],"mirror":[],"side_panels":[],"centerpiece":[]},"colors":{"top":[58739,58741,58745,58749,58764,58767],"structure":[58739,58741,58745,58747,58749,58756,58762,58767],"lower_cuff":[],"upper_cuff":[],"matchable_top":[],"builtin_revolving_central_top":[],"throat":[],"lampshade":[],"back":[],"sitting":[],"cushions":[],"decorative_inner":[],"decorative_inserts":[],"side":[],"support":[],"front_doors":[],"top_front_doors":[],"seat_structure":[],"top_structure":[],"covering":[],"optional_shelf":[],"mirror":[],"side_panels":[],"centerpiece":[]},"accessories":"","related":[127161,127171,127179,127180],"gallery":[60387],"product_sheet":"https:\/\/www.bontempi.it\/wp-content\/uploads\/2023\/03\/Moon-53.21.pdf","attachments":null,"videos":null,"silhouette":25764},"_links":{"self":[{"href":"https:\/\/www.bontempi.it\/es\/wp-json\/wp\/v2\/product\/144248","targetHints":{"allow":["GET"]}}],"collection":[{"href":"https:\/\/www.bontempi.it\/es\/wp-json\/wp\/v2\/product"}],"about":[{"href":"https:\/\/www.bontempi.it\/es\/wp-json\/wp\/v2\/types\/product"}],"acf:attachment":[{"embeddable":true,"href":"https:\/\/www.bontempi.it\/es\/wp-json\/wp\/v2\/media\/60387"}],"acf:post":[{"embeddable":true,"href":"https:\/\/www.bontempi.it\/es\/wp-json\/wp\/v2\/product\/127180"},{"embeddable":true,"href":"https:\/\/www.bontempi.it\/es\/wp-json\/wp\/v2\/product\/127179"},{"embeddable":true,"href":"https:\/\/www.bontempi.it\/es\/wp-json\/wp\/v2\/product\/127171"},{"embeddable":true,"href":"https:\/\/www.bontempi.it\/es\/wp-json\/wp\/v2\/product\/127161"}],"acf:term":[{"embeddable":true,"taxonomy":"room","href":"https:\/\/www.bontempi.it\/es\/wp-json\/wp\/v2\/room\/75901"},{"embeddable":true,"taxonomy":"room","href":"https:\/\/www.bontempi.it\/es\/wp-json\/wp\/v2\/room\/75900"},{"embeddable":true,"taxonomy":"kind","href":"https:\/\/www.bontempi.it\/es\/wp-json\/wp\/v2\/kind\/75940"},{"embeddable":true,"taxonomy":"kind","href":"https:\/\/www.bontempi.it\/es\/wp-json\/wp\/v2\/kind\/75935"},{"embeddable":true,"taxonomy":"kind","href":"https:\/\/www.bontempi.it\/es\/wp-json\/wp\/v2\/kind\/75927"},{"embeddable":true,"taxonomy":"line","href":"https:\/\/www.bontempi.it\/es\/wp-json\/wp\/v2\/line\/77125"}],"wp:attachment":[{"href":"https:\/\/www.bontempi.it\/es\/wp-json\/wp\/v2\/media?parent=144248"}],"wp:term":[{"taxonomy":"line","embeddable":true,"href":"https:\/\/www.bontempi.it\/es\/wp-json\/wp\/v2\/line?post=144248"},{"taxonomy":"kind","embeddable":true,"href":"https:\/\/www.bontempi.it\/es\/wp-json\/wp\/v2\/kind?post=144248"},{"taxonomy":"room","embeddable":true,"href":"https:\/\/www.bontempi.it\/es\/wp-json\/wp\/v2\/room?post=144248"},{"taxonomy":"material","embeddable":true,"href":"https:\/\/www.bontempi.it\/es\/wp-json\/wp\/v2\/material?post=144248"},{"taxonomy":"color","embeddable":true,"href":"https:\/\/www.bontempi.it\/es\/wp-json\/wp\/v2\/color?post=144248"},{"taxonomy":"certification","embeddable":true,"href":"https:\/\/www.bontempi.it\/es\/wp-json\/wp\/v2\/certification?post=144248"}],"curies":[{"name":"wp","href":"https:\/\/api.w.org\/{rel}","templated":true}]}}