{"id":144190,"date":"2023-11-09T10:25:15","date_gmt":"2023-11-09T09:25:15","guid":{"rendered":"https:\/\/www.bontempi.it\/product\/mirage-53-07\/"},"modified":"2025-09-23T16:30:05","modified_gmt":"2025-09-23T14:30:05","slug":"mirage-53-07","status":"publish","type":"product","link":"https:\/\/www.bontempi.it\/es\/mirage-5307\/","title":{"rendered":"Mirage &#8211; 53.07"},"content":{"rendered":"<p>Mesa extensible con tablero rectangular, estructura de aluminio lacado y tablero de cristal, cristal antiara\u00f1azos, supercer\u00e1mica y superm\u00e1rmol.<\/p>\n","protected":false},"excerpt":{"rendered":"<p>Mesa extensible con tablero rectangular, estructura de aluminio lacado y tablero de cristal, cristal antiara\u00f1azos, supercer\u00e1mica y superm\u00e1rmol.<\/p>\n","protected":false},"featured_media":0,"template":"","line":[77118],"kind":[75927,75928,75933],"room":[75901,75904],"material":[76263,76626,76632,76187,76203,76233,76236,76237,76248,76252,76254,76255,76256,76259,76261],"color":[75859,75861,75865,75867,75869,75876,75882,75884,75887,77624,77625,77626],"certification":[],"class_list":["post-144190","product","type-product","status-publish","hentry","line-mirage-es","kind-tables-es","kind-extendible-es","kind-extendible-rectangular-es","room-kitchen-es","room-living-es","material-m307-es","material-cr001a-es","material-m331-es","material-cm005a-es","material-cm027a-es","material-m310-es","material-m326-es","material-m306-es","material-m097-es","material-m055-es","material-m325-es","material-m329-es","material-m328-es","material-m028-es","material-m312-es","color-beige-es","color-black-es","color-chocolate-es","color-gold-es","color-grey-es","color-pink-gold-es","color-silver-es","color-transparent-es","color-white-es","color-bianco-es","color-nero-es","color-grigio-es"],"acf":{"sku":"53.07","line":[77118],"is_accessory":false,"is_configurable":true,"kind":[75927,75928,75933],"rooms":[75901,75904],"seats":"10","dimensions":{"diameter":"","x":"160\/225","z":"90","y":"75"},"finishing":{"top":[65912,65914,65918,65922,65931,65935,65944,66273,66276,66278,66281,66287,66289,66291,66298,66570,75655],"structure":[66041,66044,66057,66061,66062,66064,66068,66070,66072],"lower_cuff":[],"upper_cuff":[],"matchable_top":[],"builtin_revolving_central_top":[],"throat":[],"lampshade":[],"back":[],"sitting":[],"cushions":[],"decorative_inner":[],"decorative_inserts":[],"side":[],"support":[66041,66043,66044,66057,66061,66063,66064,66065,66068,66070,66072,66639],"front_doors":[],"top_front_doors":[],"seat_structure":[],"top_structure":[],"covering":[],"optional_shelf":[],"mirror":[],"side_panels":[],"centerpiece":[]},"colors":{"top":[58739,58741,58745,58749,58764,58767],"structure":[58739,58741,58745,58749,58756,58767],"lower_cuff":[],"upper_cuff":[],"matchable_top":[],"builtin_revolving_central_top":[],"throat":[],"lampshade":[],"back":[],"sitting":[],"cushions":[],"decorative_inner":[],"decorative_inserts":[],"side":[],"support":[58739,58741,58745,58747,58749,58756,58762,58767],"front_doors":[],"top_front_doors":[],"seat_structure":[],"top_structure":[],"covering":[],"optional_shelf":[],"mirror":[],"side_panels":[],"centerpiece":[]},"accessories":"","related":[127362],"gallery":[30769],"product_sheet":"https:\/\/www.bontempi.it\/wp-content\/uploads\/2023\/03\/Mirage-53.07-08.pdf","attachments":null,"videos":[{"label":"Montaggio ed uso","file":""}],"silhouette":25758},"_links":{"self":[{"href":"https:\/\/www.bontempi.it\/es\/wp-json\/wp\/v2\/product\/144190","targetHints":{"allow":["GET"]}}],"collection":[{"href":"https:\/\/www.bontempi.it\/es\/wp-json\/wp\/v2\/product"}],"about":[{"href":"https:\/\/www.bontempi.it\/es\/wp-json\/wp\/v2\/types\/product"}],"acf:attachment":[{"embeddable":true,"href":"https:\/\/www.bontempi.it\/es\/wp-json\/wp\/v2\/media\/30769"}],"acf:post":[{"embeddable":true,"href":"https:\/\/www.bontempi.it\/es\/wp-json\/wp\/v2\/product\/127362"}],"acf:term":[{"embeddable":true,"taxonomy":"room","href":"https:\/\/www.bontempi.it\/es\/wp-json\/wp\/v2\/room\/75904"},{"embeddable":true,"taxonomy":"room","href":"https:\/\/www.bontempi.it\/es\/wp-json\/wp\/v2\/room\/75901"},{"embeddable":true,"taxonomy":"kind","href":"https:\/\/www.bontempi.it\/es\/wp-json\/wp\/v2\/kind\/75933"},{"embeddable":true,"taxonomy":"kind","href":"https:\/\/www.bontempi.it\/es\/wp-json\/wp\/v2\/kind\/75928"},{"embeddable":true,"taxonomy":"kind","href":"https:\/\/www.bontempi.it\/es\/wp-json\/wp\/v2\/kind\/75927"},{"embeddable":true,"taxonomy":"line","href":"https:\/\/www.bontempi.it\/es\/wp-json\/wp\/v2\/line\/77118"}],"wp:attachment":[{"href":"https:\/\/www.bontempi.it\/es\/wp-json\/wp\/v2\/media?parent=144190"}],"wp:term":[{"taxonomy":"line","embeddable":true,"href":"https:\/\/www.bontempi.it\/es\/wp-json\/wp\/v2\/line?post=144190"},{"taxonomy":"kind","embeddable":true,"href":"https:\/\/www.bontempi.it\/es\/wp-json\/wp\/v2\/kind?post=144190"},{"taxonomy":"room","embeddable":true,"href":"https:\/\/www.bontempi.it\/es\/wp-json\/wp\/v2\/room?post=144190"},{"taxonomy":"material","embeddable":true,"href":"https:\/\/www.bontempi.it\/es\/wp-json\/wp\/v2\/material?post=144190"},{"taxonomy":"color","embeddable":true,"href":"https:\/\/www.bontempi.it\/es\/wp-json\/wp\/v2\/color?post=144190"},{"taxonomy":"certification","embeddable":true,"href":"https:\/\/www.bontempi.it\/es\/wp-json\/wp\/v2\/certification?post=144190"}],"curies":[{"name":"wp","href":"https:\/\/api.w.org\/{rel}","templated":true}]}}