{"id":144157,"date":"2023-11-09T10:18:10","date_gmt":"2023-11-09T09:18:10","guid":{"rendered":"https:\/\/www.bontempi.it\/product\/margot-40-65\/"},"modified":"2025-09-23T16:29:25","modified_gmt":"2025-09-23T14:29:25","slug":"margot-40-65","status":"publish","type":"product","link":"https:\/\/www.bontempi.it\/es\/margot-4065\/","title":{"rendered":"Margot &#8211; 40.65"},"content":{"rendered":"<p>Silla con base de madera maciza, cuerpo simple, acolchada y tapizada con piel ecol\u00f3gica premium, tejido Bouquet, tejido Gourmet, tejido Nordic, lana virgen pura, terciopelo Supreme, piel premium, tambi\u00e9n disponible en versi\u00f3n con respaldo acolchado (solo en tejido Nordic, piel ecol\u00f3gica premium y piel premium).<\/p>\n","protected":false},"excerpt":{"rendered":"<p>Silla con base de madera maciza, cuerpo simple, acolchada y tapizada con piel ecol\u00f3gica premium, tejido Bouquet, tejido Gourmet, tejido Nordic, lana virgen pura, terciopelo Supreme, piel premium, tambi\u00e9n disponible en versi\u00f3n con respaldo acolchado (solo en tejido Nordic, piel ecol\u00f3gica premium y piel premium).<\/p>\n","protected":false},"featured_media":0,"template":"","line":[77111],"kind":[75919,75921],"room":[75900,75902,75904],"material":[76064,76313,76345,76439,76465,76530,76648,76092,76315,76346,76441,76466,76532,76649,76161,76319,76411,76443,76468,76534,76650,76163,76321,76413,76445,76469,76536,76651,76164,76323,76415,76447,76470,76538,76652,76289,76325,76417,76449,76471,76540,76653,76291,76326,76419,76451,76472,76542,76654,76293,76329,76421,76455,76473,76544,76655,76295,76331,76423,76456,76474,76546,76656,76297,76333,76425,76457,76475,76548,76798,76299,76335,76427,76458,76476,76583,76861,76301,76337,76429,76460,76520,76584,76862,76303,76339,76431,76461,76522,76585,76864,76305,76342,76433,76462,76524,76586,76865,76309,76343,76435,76463,76526,76587,76311,76344,76437,76464,76528,76588],"color":[75859,75861,75862,75865,75866,75868,75869,75871,75875,75878,75879,75887,75888,75889],"certification":[75809],"class_list":["post-144157","product","type-product","status-publish","hentry","line-margot-es","kind-seatings-es","kind-chairs-es","room-contract-es","room-hall-es","room-living-es","material-tego024-es","material-pr20-es","material-pg02-es","material-tebq012-es","material-tego014-es","material-teno007-es","material-vn06-es","material-tego021-es","material-pr05-es","material-pg01-es","material-tebq009-es","material-tego008-es","material-teno013-es","material-vn08-es","material-l006-es","material-pr11-es","material-tebq020-es","material-tebq007-es","material-tego011-es","material-teno004-es","material-vn01-es","material-l110-es","material-pr15-es","material-tebq004-es","material-tebq008-es","material-tego012-es","material-teno010-es","material-vn04-es","material-l109-es","material-pr23-es","material-tebq013-es","material-tebq001-es","material-tego020-es","material-teno014-es","material-vn02-es","material-pr24-es","material-pr21-es","material-tebq016-es","material-tebq006-es","material-tego015-es","material-teno006-es","material-vn09-es","material-pr10-es","material-pr22-es","material-tebq017-es","material-tebq011-es","material-tego010-es","material-teno011-es","material-vn07-es","material-pr12-es","material-pr04-es","material-tebq005-es","material-tego022-es","material-tego025-es","material-teno012-es","material-vn05-es","material-pr02-es","material-pr09-es","material-tebq010-es","material-tego018-es","material-tego007-es","material-teno001-es","material-vn03-es","material-pr03-es","material-pr17-es","material-tebq002-es","material-tego009-es","material-tego002-es","material-teno008-es","material-tns09-es","material-pr01-es","material-pr06-es","material-tebq015-es","material-tego005-es","material-tego023-es","material-tesu002-es","material-pg06-es","material-pr13-es","material-pr18-es","material-tebq014-es","material-tego004-es","material-teno009-es","material-tesu003-es","material-pg07-es","material-pr16-es","material-pr19-es","material-tebq021-es","material-tego016-es","material-teno003-es","material-tesu004-es","material-pg09-es","material-pr07-es","material-pg05-es","material-tebq018-es","material-tego019-es","material-teno015-es","material-tesu005-es","material-pg10-es","material-pr14-es","material-pg04-es","material-tebq019-es","material-tego017-es","material-teno002-es","material-tesu006-es","material-pr08-es","material-pg03-es","material-tebq003-es","material-tego006-es","material-teno005-es","material-tesu007-es","color-beige-es","color-black-es","color-blue-es","color-chocolate-es","color-brown-es","color-green-es","color-grey-es","color-light-blue-es","color-orange-es","color-red-es","color-rose-es","color-white-es","color-white-black-es","color-yellow-es","certification-trapuntatura-es"],"acf":{"sku":"40.65","line":[77111],"is_accessory":false,"is_configurable":true,"kind":[75919,75921],"rooms":[75900,75902,75904],"seats":"","dimensions":{"diameter":"","x":"51","z":"55","y":"87\/49"},"finishing":{"top":[],"structure":{"76130":76130,"76161":76161,"76163":76163,"76164":76164},"lower_cuff":[],"upper_cuff":[],"matchable_top":[],"builtin_revolving_central_top":[],"throat":[],"lampshade":[],"back":[],"sitting":{"76289":76289,"76291":76291,"76293":76293,"76295":76295,"76297":76297,"76299":76299,"76301":76301,"76303":76303,"76305":76305,"76309":76309,"76311":76311,"76313":76313,"76315":76315,"76319":76319,"76321":76321,"76323":76323,"76325":76325,"76326":76326,"76329":76329,"76331":76331,"76333":76333,"76335":76335,"76337":76337,"76339":76339,"76411":76411,"76413":76413,"76415":76415,"76417":76417,"76419":76419,"76421":76421,"76423":76423,"76425":76425,"76427":76427,"76429":76429,"76431":76431,"76433":76433,"76435":76435,"76437":76437,"76439":76439,"76441":76441,"76443":76443,"76445":76445,"76447":76447,"76449":76449,"76451":76451,"76520":76520,"76522":76522,"76524":76524,"76526":76526,"76528":76528,"76530":76530,"76532":76532,"76534":76534,"76536":76536,"76538":76538,"76540":76540,"76542":76542,"76544":76544,"76546":76546,"76548":76548,"76064":76064,"76092":76092,"76798":76798,"76475":76475,"76460":76460,"76458":76458,"76464":76464,"76474":76474,"76466":76466,"76457":76457,"76472":76472,"76468":76468,"76469":76469,"76465":76465,"76471":76471,"76461":76461,"76463":76463,"76456":76456,"76462":76462,"76470":76470,"76455":76455,"76476":76476,"76473":76473,"76345":76345,"76346":76346,"76344":76344,"76343":76343,"76342":76342,"76648":76648,"76652":76652,"76656":76656,"76650":76650,"76651":76651,"76655":76655,"76654":76654,"76649":76649,"76653":76653,"76583":76583,"76584":76584,"76585":76585,"76586":76586,"76587":76587,"76588":76588,"76861":76861,"76862":76862,"76864":76864,"76865":76865},"cushions":[],"decorative_inner":[],"decorative_inserts":[],"side":[],"support":[],"front_doors":[],"top_front_doors":[],"seat_structure":[],"top_structure":[],"covering":[],"optional_shelf":[],"mirror":[],"side_panels":[],"centerpiece":[]},"colors":{"top":[],"structure":{"75865":75865,"75861":75861,"75859":75859},"lower_cuff":[],"upper_cuff":[],"matchable_top":[],"builtin_revolving_central_top":[],"throat":[],"lampshade":[],"back":[],"sitting":{"75878":75878,"75869":75869,"75871":75871,"75859":75859,"75887":75887,"75865":75865,"75879":75879,"75889":75889,"75861":75861,"75868":75868,"75862":75862,"75866":75866,"75875":75875,"75888":75888},"cushions":[],"decorative_inner":[],"decorative_inserts":[],"side":[],"support":[],"front_doors":[],"top_front_doors":[],"seat_structure":[],"top_structure":[],"covering":[],"optional_shelf":[],"mirror":[],"side_panels":[],"centerpiece":[]},"accessories":"","related":[126461,126689,126692,126694,126695,126705,126831,126983,126984,127008,127064,127102,127184,127195,127244,127255,127256,127263,127362],"gallery":[27573,11622,27575,27623,20222,20223,60267,11510,40744,27593],"product_sheet":"https:\/\/www.bontempi.it\/wp-content\/uploads\/2023\/03\/Margot-40.65.pdf","attachments":null,"videos":null,"silhouette":37180},"_links":{"self":[{"href":"https:\/\/www.bontempi.it\/es\/wp-json\/wp\/v2\/product\/144157","targetHints":{"allow":["GET"]}}],"collection":[{"href":"https:\/\/www.bontempi.it\/es\/wp-json\/wp\/v2\/product"}],"about":[{"href":"https:\/\/www.bontempi.it\/es\/wp-json\/wp\/v2\/types\/product"}],"acf:attachment":[{"embeddable":true,"href":"https:\/\/www.bontempi.it\/es\/wp-json\/wp\/v2\/media\/27593"},{"embeddable":true,"href":"https:\/\/www.bontempi.it\/es\/wp-json\/wp\/v2\/media\/40744"},{"embeddable":true,"href":"https:\/\/www.bontempi.it\/es\/wp-json\/wp\/v2\/media\/11510"},{"embeddable":true,"href":"https:\/\/www.bontempi.it\/es\/wp-json\/wp\/v2\/media\/60267"},{"embeddable":true,"href":"https:\/\/www.bontempi.it\/es\/wp-json\/wp\/v2\/media\/20223"},{"embeddable":true,"href":"https:\/\/www.bontempi.it\/es\/wp-json\/wp\/v2\/media\/20222"},{"embeddable":true,"href":"https:\/\/www.bontempi.it\/es\/wp-json\/wp\/v2\/media\/27623"},{"embeddable":true,"href":"https:\/\/www.bontempi.it\/es\/wp-json\/wp\/v2\/media\/27575"},{"embeddable":true,"href":"https:\/\/www.bontempi.it\/es\/wp-json\/wp\/v2\/media\/11622"},{"embeddable":true,"href":"https:\/\/www.bontempi.it\/es\/wp-json\/wp\/v2\/media\/27573"}],"acf:post":[{"embeddable":true,"href":"https:\/\/www.bontempi.it\/es\/wp-json\/wp\/v2\/product\/127362"},{"embeddable":true,"href":"https:\/\/www.bontempi.it\/es\/wp-json\/wp\/v2\/product\/127263"},{"embeddable":true,"href":"https:\/\/www.bontempi.it\/es\/wp-json\/wp\/v2\/product\/127256"},{"embeddable":true,"href":"https:\/\/www.bontempi.it\/es\/wp-json\/wp\/v2\/product\/127255"},{"embeddable":true,"href":"https:\/\/www.bontempi.it\/es\/wp-json\/wp\/v2\/product\/127244"},{"embeddable":true,"href":"https:\/\/www.bontempi.it\/es\/wp-json\/wp\/v2\/product\/127195"},{"embeddable":true,"href":"https:\/\/www.bontempi.it\/es\/wp-json\/wp\/v2\/product\/127184"},{"embeddable":true,"href":"https:\/\/www.bontempi.it\/es\/wp-json\/wp\/v2\/product\/127102"},{"embeddable":true,"href":"https:\/\/www.bontempi.it\/es\/wp-json\/wp\/v2\/product\/127064"},{"embeddable":true,"href":"https:\/\/www.bontempi.it\/es\/wp-json\/wp\/v2\/product\/127008"},{"embeddable":true,"href":"https:\/\/www.bontempi.it\/es\/wp-json\/wp\/v2\/product\/126984"},{"embeddable":true,"href":"https:\/\/www.bontempi.it\/es\/wp-json\/wp\/v2\/product\/126983"},{"embeddable":true,"href":"https:\/\/www.bontempi.it\/es\/wp-json\/wp\/v2\/product\/126831"},{"embeddable":true,"href":"https:\/\/www.bontempi.it\/es\/wp-json\/wp\/v2\/product\/126705"},{"embeddable":true,"href":"https:\/\/www.bontempi.it\/es\/wp-json\/wp\/v2\/product\/126695"},{"embeddable":true,"href":"https:\/\/www.bontempi.it\/es\/wp-json\/wp\/v2\/product\/126694"},{"embeddable":true,"href":"https:\/\/www.bontempi.it\/es\/wp-json\/wp\/v2\/product\/126692"},{"embeddable":true,"href":"https:\/\/www.bontempi.it\/es\/wp-json\/wp\/v2\/product\/126689"},{"embeddable":true,"href":"https:\/\/www.bontempi.it\/es\/wp-json\/wp\/v2\/product\/126461"}],"acf:term":[{"embeddable":true,"taxonomy":"room","href":"https:\/\/www.bontempi.it\/es\/wp-json\/wp\/v2\/room\/75904"},{"embeddable":true,"taxonomy":"room","href":"https:\/\/www.bontempi.it\/es\/wp-json\/wp\/v2\/room\/75902"},{"embeddable":true,"taxonomy":"room","href":"https:\/\/www.bontempi.it\/es\/wp-json\/wp\/v2\/room\/75900"},{"embeddable":true,"taxonomy":"kind","href":"https:\/\/www.bontempi.it\/es\/wp-json\/wp\/v2\/kind\/75921"},{"embeddable":true,"taxonomy":"kind","href":"https:\/\/www.bontempi.it\/es\/wp-json\/wp\/v2\/kind\/75919"},{"embeddable":true,"taxonomy":"line","href":"https:\/\/www.bontempi.it\/es\/wp-json\/wp\/v2\/line\/77111"}],"wp:attachment":[{"href":"https:\/\/www.bontempi.it\/es\/wp-json\/wp\/v2\/media?parent=144157"}],"wp:term":[{"taxonomy":"line","embeddable":true,"href":"https:\/\/www.bontempi.it\/es\/wp-json\/wp\/v2\/line?post=144157"},{"taxonomy":"kind","embeddable":true,"href":"https:\/\/www.bontempi.it\/es\/wp-json\/wp\/v2\/kind?post=144157"},{"taxonomy":"room","embeddable":true,"href":"https:\/\/www.bontempi.it\/es\/wp-json\/wp\/v2\/room?post=144157"},{"taxonomy":"material","embeddable":true,"href":"https:\/\/www.bontempi.it\/es\/wp-json\/wp\/v2\/material?post=144157"},{"taxonomy":"color","embeddable":true,"href":"https:\/\/www.bontempi.it\/es\/wp-json\/wp\/v2\/color?post=144157"},{"taxonomy":"certification","embeddable":true,"href":"https:\/\/www.bontempi.it\/es\/wp-json\/wp\/v2\/certification?post=144157"}],"curies":[{"name":"wp","href":"https:\/\/api.w.org\/{rel}","templated":true}]}}