{"id":144155,"date":"2023-11-09T10:16:56","date_gmt":"2023-11-09T09:16:56","guid":{"rendered":"https:\/\/www.bontempi.it\/product\/margot-40-45\/"},"modified":"2025-09-23T16:29:22","modified_gmt":"2025-09-23T14:29:22","slug":"margot-40-45","status":"publish","type":"product","link":"https:\/\/www.bontempi.it\/es\/margot-4045\/","title":{"rendered":"Margot &#8211; 40.45"},"content":{"rendered":"<p>Silla con base de madera maciza, cuerpo simple con reposabrazos, acolchada y tapizada con piel ecol\u00f3gica premium, tejido Bouquet, tejido Gourmet, tejido Nordic, lana virgen pura, terciopelo Supreme, piel premium, tambi\u00e9n disponible en versi\u00f3n con respaldo acolchado (solo en tejido Nordic, piel ecol\u00f3gica premium y piel premium).<\/p>\n","protected":false},"excerpt":{"rendered":"<p>Silla con base de madera maciza, cuerpo simple con reposabrazos, acolchada y tapizada con piel ecol\u00f3gica premium, tejido Bouquet, tejido Gourmet, tejido Nordic, lana virgen pura, terciopelo Supreme, piel premium, tambi\u00e9n disponible en versi\u00f3n con respaldo acolchado (solo en tejido Nordic, piel ecol\u00f3gica premium y piel premium).<\/p>\n","protected":false},"featured_media":0,"template":"","line":[77111],"kind":[75919,75921],"room":[75900,75902,75904],"material":[76161,76650,76163,76651,76164,76652,76342,76653,76343,76654,76344,76655,76345,76656,76346,76861,76583,76862,76584,76864,76585,76865,76586,76587,76588,76648,76649],"color":[75859,75861,75865,75869,75875,75887,75889],"certification":[75809],"class_list":["post-144155","product","type-product","status-publish","hentry","line-margot-es","kind-seatings-es","kind-chairs-es","room-contract-es","room-hall-es","room-living-es","material-l006-es","material-vn01-es","material-l110-es","material-vn04-es","material-l109-es","material-vn02-es","material-pg05-es","material-vn09-es","material-pg04-es","material-vn07-es","material-pg03-es","material-vn05-es","material-pg02-es","material-vn03-es","material-pg01-es","material-pg06-es","material-tesu002-es","material-pg07-es","material-tesu003-es","material-pg09-es","material-tesu004-es","material-pg10-es","material-tesu005-es","material-tesu006-es","material-tesu007-es","material-vn06-es","material-vn08-es","color-beige-es","color-black-es","color-chocolate-es","color-grey-es","color-orange-es","color-white-es","color-yellow-es","certification-trapuntatura-es"],"acf":{"sku":"40.45","line":[77111],"is_accessory":false,"is_configurable":true,"kind":[75919,75921],"rooms":[75900,75902,75904],"seats":"","dimensions":{"diameter":"","x":"55","z":"55","y":"87\/49"},"finishing":{"top":[],"structure":{"76130":76130,"76161":76161,"76163":76163,"76164":76164},"lower_cuff":[],"upper_cuff":[],"matchable_top":[],"builtin_revolving_central_top":[],"throat":[],"lampshade":[],"back":[],"sitting":{"76345":76345,"76346":76346,"76344":76344,"76343":76343,"76342":76342,"76648":76648,"76652":76652,"76656":76656,"76650":76650,"76651":76651,"76655":76655,"76654":76654,"76649":76649,"76653":76653,"76583":76583,"76584":76584,"76585":76585,"76586":76586,"76587":76587,"76588":76588,"76861":76861,"76862":76862,"76864":76864,"76865":76865},"cushions":[],"decorative_inner":[],"decorative_inserts":[],"side":[],"support":[],"front_doors":[],"top_front_doors":[],"seat_structure":[],"top_structure":[],"covering":[],"optional_shelf":[],"mirror":[],"side_panels":[],"centerpiece":[]},"colors":{"top":[],"structure":{"75865":75865,"75861":75861,"75859":75859},"lower_cuff":[],"upper_cuff":[],"matchable_top":[],"builtin_revolving_central_top":[],"throat":[],"lampshade":[],"back":[],"sitting":{"75859":75859,"75887":75887,"75869":75869,"75861":75861,"75875":75875,"75889":75889,"75865":75865},"cushions":[],"decorative_inner":[],"decorative_inserts":[],"side":[],"support":[],"front_doors":[],"top_front_doors":[],"seat_structure":[],"top_structure":[],"covering":[],"optional_shelf":[],"mirror":[],"side_panels":[],"centerpiece":[]},"accessories":"","related":[126705,126831,126838,126984,127007,127008,127102,127195,127244,127255,127256,127400,127362],"gallery":[27573,11622,27623,27575,27581,27585,27589,20222,27593,27599,40448],"product_sheet":"https:\/\/www.bontempi.it\/wp-content\/uploads\/2023\/03\/Margot-40.45.pdf","attachments":null,"videos":null,"silhouette":37152},"_links":{"self":[{"href":"https:\/\/www.bontempi.it\/es\/wp-json\/wp\/v2\/product\/144155","targetHints":{"allow":["GET"]}}],"collection":[{"href":"https:\/\/www.bontempi.it\/es\/wp-json\/wp\/v2\/product"}],"about":[{"href":"https:\/\/www.bontempi.it\/es\/wp-json\/wp\/v2\/types\/product"}],"acf:attachment":[{"embeddable":true,"href":"https:\/\/www.bontempi.it\/es\/wp-json\/wp\/v2\/media\/40448"},{"embeddable":true,"href":"https:\/\/www.bontempi.it\/es\/wp-json\/wp\/v2\/media\/27599"},{"embeddable":true,"href":"https:\/\/www.bontempi.it\/es\/wp-json\/wp\/v2\/media\/27593"},{"embeddable":true,"href":"https:\/\/www.bontempi.it\/es\/wp-json\/wp\/v2\/media\/20222"},{"embeddable":true,"href":"https:\/\/www.bontempi.it\/es\/wp-json\/wp\/v2\/media\/27589"},{"embeddable":true,"href":"https:\/\/www.bontempi.it\/es\/wp-json\/wp\/v2\/media\/27585"},{"embeddable":true,"href":"https:\/\/www.bontempi.it\/es\/wp-json\/wp\/v2\/media\/27581"},{"embeddable":true,"href":"https:\/\/www.bontempi.it\/es\/wp-json\/wp\/v2\/media\/27575"},{"embeddable":true,"href":"https:\/\/www.bontempi.it\/es\/wp-json\/wp\/v2\/media\/27623"},{"embeddable":true,"href":"https:\/\/www.bontempi.it\/es\/wp-json\/wp\/v2\/media\/11622"},{"embeddable":true,"href":"https:\/\/www.bontempi.it\/es\/wp-json\/wp\/v2\/media\/27573"}],"acf:post":[{"embeddable":true,"href":"https:\/\/www.bontempi.it\/es\/wp-json\/wp\/v2\/product\/127362"},{"embeddable":true,"href":"https:\/\/www.bontempi.it\/es\/wp-json\/wp\/v2\/product\/127400"},{"embeddable":true,"href":"https:\/\/www.bontempi.it\/es\/wp-json\/wp\/v2\/product\/127256"},{"embeddable":true,"href":"https:\/\/www.bontempi.it\/es\/wp-json\/wp\/v2\/product\/127255"},{"embeddable":true,"href":"https:\/\/www.bontempi.it\/es\/wp-json\/wp\/v2\/product\/127244"},{"embeddable":true,"href":"https:\/\/www.bontempi.it\/es\/wp-json\/wp\/v2\/product\/127195"},{"embeddable":true,"href":"https:\/\/www.bontempi.it\/es\/wp-json\/wp\/v2\/product\/127102"},{"embeddable":true,"href":"https:\/\/www.bontempi.it\/es\/wp-json\/wp\/v2\/product\/127008"},{"embeddable":true,"href":"https:\/\/www.bontempi.it\/es\/wp-json\/wp\/v2\/product\/127007"},{"embeddable":true,"href":"https:\/\/www.bontempi.it\/es\/wp-json\/wp\/v2\/product\/126984"},{"embeddable":true,"href":"https:\/\/www.bontempi.it\/es\/wp-json\/wp\/v2\/product\/126838"},{"embeddable":true,"href":"https:\/\/www.bontempi.it\/es\/wp-json\/wp\/v2\/product\/126831"},{"embeddable":true,"href":"https:\/\/www.bontempi.it\/es\/wp-json\/wp\/v2\/product\/126705"}],"acf:term":[{"embeddable":true,"taxonomy":"room","href":"https:\/\/www.bontempi.it\/es\/wp-json\/wp\/v2\/room\/75904"},{"embeddable":true,"taxonomy":"room","href":"https:\/\/www.bontempi.it\/es\/wp-json\/wp\/v2\/room\/75902"},{"embeddable":true,"taxonomy":"room","href":"https:\/\/www.bontempi.it\/es\/wp-json\/wp\/v2\/room\/75900"},{"embeddable":true,"taxonomy":"kind","href":"https:\/\/www.bontempi.it\/es\/wp-json\/wp\/v2\/kind\/75921"},{"embeddable":true,"taxonomy":"kind","href":"https:\/\/www.bontempi.it\/es\/wp-json\/wp\/v2\/kind\/75919"},{"embeddable":true,"taxonomy":"line","href":"https:\/\/www.bontempi.it\/es\/wp-json\/wp\/v2\/line\/77111"}],"wp:attachment":[{"href":"https:\/\/www.bontempi.it\/es\/wp-json\/wp\/v2\/media?parent=144155"}],"wp:term":[{"taxonomy":"line","embeddable":true,"href":"https:\/\/www.bontempi.it\/es\/wp-json\/wp\/v2\/line?post=144155"},{"taxonomy":"kind","embeddable":true,"href":"https:\/\/www.bontempi.it\/es\/wp-json\/wp\/v2\/kind?post=144155"},{"taxonomy":"room","embeddable":true,"href":"https:\/\/www.bontempi.it\/es\/wp-json\/wp\/v2\/room?post=144155"},{"taxonomy":"material","embeddable":true,"href":"https:\/\/www.bontempi.it\/es\/wp-json\/wp\/v2\/material?post=144155"},{"taxonomy":"color","embeddable":true,"href":"https:\/\/www.bontempi.it\/es\/wp-json\/wp\/v2\/color?post=144155"},{"taxonomy":"certification","embeddable":true,"href":"https:\/\/www.bontempi.it\/es\/wp-json\/wp\/v2\/certification?post=144155"}],"curies":[{"name":"wp","href":"https:\/\/api.w.org\/{rel}","templated":true}]}}