{"id":144111,"date":"2023-11-09T10:03:19","date_gmt":"2023-11-09T09:03:19","guid":{"rendered":"https:\/\/www.bontempi.it\/product\/lexington-ripiani-16-21\/"},"modified":"2025-09-23T16:28:15","modified_gmt":"2025-09-23T14:28:15","slug":"lexington-ripiani-16-21","status":"publish","type":"product","link":"https:\/\/www.bontempi.it\/es\/lexington-estante-1621\/","title":{"rendered":"Lexington estante &#8211; 16.21"},"content":{"rendered":"<p>Estante de librer\u00eda de acero lacado laminado con supercer\u00e1mica y superm\u00e1rmol.<\/p>\n","protected":false},"excerpt":{"rendered":"<p>Estante de librer\u00eda de acero lacado laminado con supercer\u00e1mica y superm\u00e1rmol.<\/p>\n","protected":false},"featured_media":0,"template":"","line":[77092,77094],"kind":[75906,75915,75916],"room":[75900,75904],"material":[76021,76037,76022,76023,76024,76025,76026,76011,76027,76012,76028,76013,76029,76014,76030,76015,76031,76016,76032,76017,76033,76018,76034,76019,76035,76020,76036],"color":[75859,75861,75865,75869,75871,75878,75887],"certification":[],"class_list":["post-144111","product","type-product","status-publish","hentry","line-lexington-es","line-lexington-shelves-es","kind-accessories-es","kind-bookcases-shelves-es","kind-bookcases-es","room-contract-es","room-living-es","material-q504-es","material-q235-es","material-q032-es","material-q439-es","material-q259-es","material-q437-es","material-q257-es","material-q410-es","material-q438-es","material-q406-es","material-q258-es","material-q239-es","material-q435-es","material-q436-es","material-q255-es","material-q256-es","material-q400-es","material-q429-es","material-q230-es","material-q440-es","material-q405-es","material-q260-es","material-q238-es","material-q401-es","material-q408-es","material-q232-es","material-q403-es","color-beige-es","color-black-es","color-chocolate-es","color-grey-es","color-light-blue-es","color-red-es","color-white-es"],"acf":{"sku":"16.21","line":[77094,77092],"is_accessory":true,"is_configurable":false,"kind":[75906,75915,75916],"rooms":[75900,75904],"seats":"","dimensions":{"diameter":"","x":"62","z":"41","y":"58"},"finishing":{"top":[],"structure":[],"lower_cuff":[],"upper_cuff":[],"matchable_top":[],"builtin_revolving_central_top":[],"throat":[],"lampshade":[],"back":[],"sitting":[],"cushions":[],"decorative_inner":[],"decorative_inserts":[],"side":[],"support":[],"front_doors":[],"top_front_doors":[],"seat_structure":[],"top_structure":[],"covering":{"76011":76011,"76012":76012,"76013":76013,"76014":76014,"76015":76015,"76016":76016,"76017":76017,"76018":76018,"76019":76019,"76020":76020,"76021":76021,"76022":76022,"76023":76023,"76024":76024,"76025":76025,"76026":76026,"76027":76027,"76028":76028,"76029":76029,"76030":76030,"76031":76031,"76032":76032,"76033":76033,"76034":76034,"76035":76035,"76036":76036,"76037":76037},"optional_shelf":[],"mirror":[],"side_panels":[],"centerpiece":[]},"colors":{"top":[],"structure":[],"lower_cuff":[],"upper_cuff":[],"matchable_top":[],"builtin_revolving_central_top":[],"throat":[],"lampshade":[],"back":[],"sitting":[],"cushions":[],"decorative_inner":[],"decorative_inserts":[],"side":[],"support":[],"front_doors":[],"top_front_doors":[],"seat_structure":[],"top_structure":[],"covering":{"75869":75869,"75859":75859,"75871":75871,"75887":75887,"75878":75878,"75865":75865,"75861":75861},"optional_shelf":[],"mirror":[],"side_panels":[],"centerpiece":[]},"accessories":"","related":[126689,126690,126692,126693,126695,126839,126848,126849,127007,127064],"gallery":[40510,40451],"product_sheet":"","attachments":null,"videos":null,"silhouette":36999},"_links":{"self":[{"href":"https:\/\/www.bontempi.it\/es\/wp-json\/wp\/v2\/product\/144111","targetHints":{"allow":["GET"]}}],"collection":[{"href":"https:\/\/www.bontempi.it\/es\/wp-json\/wp\/v2\/product"}],"about":[{"href":"https:\/\/www.bontempi.it\/es\/wp-json\/wp\/v2\/types\/product"}],"acf:attachment":[{"embeddable":true,"href":"https:\/\/www.bontempi.it\/es\/wp-json\/wp\/v2\/media\/40451"},{"embeddable":true,"href":"https:\/\/www.bontempi.it\/es\/wp-json\/wp\/v2\/media\/40510"}],"acf:post":[{"embeddable":true,"href":"https:\/\/www.bontempi.it\/es\/wp-json\/wp\/v2\/product\/127064"},{"embeddable":true,"href":"https:\/\/www.bontempi.it\/es\/wp-json\/wp\/v2\/product\/127007"},{"embeddable":true,"href":"https:\/\/www.bontempi.it\/es\/wp-json\/wp\/v2\/product\/126849"},{"embeddable":true,"href":"https:\/\/www.bontempi.it\/es\/wp-json\/wp\/v2\/product\/126848"},{"embeddable":true,"href":"https:\/\/www.bontempi.it\/es\/wp-json\/wp\/v2\/product\/126839"},{"embeddable":true,"href":"https:\/\/www.bontempi.it\/es\/wp-json\/wp\/v2\/product\/126695"},{"embeddable":true,"href":"https:\/\/www.bontempi.it\/es\/wp-json\/wp\/v2\/product\/126693"},{"embeddable":true,"href":"https:\/\/www.bontempi.it\/es\/wp-json\/wp\/v2\/product\/126692"},{"embeddable":true,"href":"https:\/\/www.bontempi.it\/es\/wp-json\/wp\/v2\/product\/126690"},{"embeddable":true,"href":"https:\/\/www.bontempi.it\/es\/wp-json\/wp\/v2\/product\/126689"}],"acf:term":[{"embeddable":true,"taxonomy":"room","href":"https:\/\/www.bontempi.it\/es\/wp-json\/wp\/v2\/room\/75904"},{"embeddable":true,"taxonomy":"room","href":"https:\/\/www.bontempi.it\/es\/wp-json\/wp\/v2\/room\/75900"},{"embeddable":true,"taxonomy":"kind","href":"https:\/\/www.bontempi.it\/es\/wp-json\/wp\/v2\/kind\/75916"},{"embeddable":true,"taxonomy":"kind","href":"https:\/\/www.bontempi.it\/es\/wp-json\/wp\/v2\/kind\/75915"},{"embeddable":true,"taxonomy":"kind","href":"https:\/\/www.bontempi.it\/es\/wp-json\/wp\/v2\/kind\/75906"},{"embeddable":true,"taxonomy":"line","href":"https:\/\/www.bontempi.it\/es\/wp-json\/wp\/v2\/line\/77092"},{"embeddable":true,"taxonomy":"line","href":"https:\/\/www.bontempi.it\/es\/wp-json\/wp\/v2\/line\/77094"}],"wp:attachment":[{"href":"https:\/\/www.bontempi.it\/es\/wp-json\/wp\/v2\/media?parent=144111"}],"wp:term":[{"taxonomy":"line","embeddable":true,"href":"https:\/\/www.bontempi.it\/es\/wp-json\/wp\/v2\/line?post=144111"},{"taxonomy":"kind","embeddable":true,"href":"https:\/\/www.bontempi.it\/es\/wp-json\/wp\/v2\/kind?post=144111"},{"taxonomy":"room","embeddable":true,"href":"https:\/\/www.bontempi.it\/es\/wp-json\/wp\/v2\/room?post=144111"},{"taxonomy":"material","embeddable":true,"href":"https:\/\/www.bontempi.it\/es\/wp-json\/wp\/v2\/material?post=144111"},{"taxonomy":"color","embeddable":true,"href":"https:\/\/www.bontempi.it\/es\/wp-json\/wp\/v2\/color?post=144111"},{"taxonomy":"certification","embeddable":true,"href":"https:\/\/www.bontempi.it\/es\/wp-json\/wp\/v2\/certification?post=144111"}],"curies":[{"name":"wp","href":"https:\/\/api.w.org\/{rel}","templated":true}]}}