{"id":144068,"date":"2023-11-09T10:08:09","date_gmt":"2023-11-09T09:08:09","guid":{"rendered":"https:\/\/www.bontempi.it\/product\/kelly-34-03\/"},"modified":"2025-09-23T16:27:27","modified_gmt":"2025-09-23T14:27:27","slug":"kelly-34-03","status":"publish","type":"product","link":"https:\/\/www.bontempi.it\/es\/kelly-3403\/","title":{"rendered":"Kelly &#8211; 34.03"},"content":{"rendered":"<p>Silla con estructura de madera maciza y detalles de estructura de acero lacado, cuerpo simple acolchado y tapizado con piel ecol\u00f3gica premium, tejido Bouquet, tejido Gourmet, tejido Nordic, lana virgen pura, terciopelo supreme, tejido Kvadrat y piel premium, ribete de colores a juego o a contraste, tambi\u00e9n disponible en versi\u00f3n con respaldo acolchado (solo en tejido Nordic, piel ecol\u00f3gica premium y piel premium).<\/p>\n","protected":false},"excerpt":{"rendered":"<p>Silla con estructura de madera maciza y detalles de estructura de acero lacado, cuerpo simple acolchado y tapizado con piel ecol\u00f3gica premium, tejido Bouquet, tejido Gourmet, tejido Nordic, lana virgen pura, terciopelo supreme, tejido Kvadrat y piel premium, ribete de colores a juego o a contraste, tambi\u00e9n disponible en versi\u00f3n con respaldo acolchado (solo en [&hellip;]<\/p>\n","protected":false},"featured_media":9978,"template":"","line":[77080],"kind":[75919,75921],"room":[],"material":[76233,76236,76237,76248,76252,76253,76254,76255,76256,76259,76261,76263],"color":[75859,75861,75865,75867,75869,75876,75882,75887],"certification":[75809],"class_list":["post-144068","product","type-product","status-publish","has-post-thumbnail","hentry","line-kelly-es","kind-seatings-es","kind-chairs-es","material-m310-es","material-m326-es","material-m306-es","material-m097-es","material-m055-es","material-m327-es","material-m325-es","material-m329-es","material-m328-es","material-m028-es","material-m312-es","material-m307-es","color-beige-es","color-black-es","color-chocolate-es","color-gold-es","color-grey-es","color-pink-gold-es","color-silver-es","color-white-es","certification-trapuntatura-es"],"acf":{"sku":"34.03","line":[77080],"is_accessory":false,"is_configurable":true,"kind":[75919,75921],"rooms":false,"seats":"","dimensions":{"diameter":"","x":"52","z":"60","y":"95\/48"},"finishing":{"top":[],"structure":{"76130":76130,"76161":76161,"76163":76163,"76164":76164},"lower_cuff":[],"upper_cuff":[],"matchable_top":[],"builtin_revolving_central_top":[],"throat":[],"lampshade":[],"back":[],"sitting":{"76345":76345,"76346":76346,"76344":76344,"76343":76343,"76342":76342,"76648":76648,"76652":76652,"76656":76656,"76650":76650,"76651":76651,"76655":76655,"76654":76654,"76649":76649,"76653":76653,"76583":76583,"76584":76584,"76585":76585,"76586":76586,"76587":76587,"76588":76588,"76861":76861,"76862":76862,"76864":76864,"76865":76865},"cushions":[],"decorative_inner":[],"decorative_inserts":[],"side":[],"support":{"76233":76233,"76236":76236,"76237":76237,"76248":76248,"76252":76252,"76253":76253,"76254":76254,"76255":76255,"76256":76256,"76259":76259,"76261":76261,"76263":76263},"front_doors":[],"top_front_doors":[],"seat_structure":[],"top_structure":[],"covering":[],"optional_shelf":[],"mirror":[],"side_panels":[],"centerpiece":[]},"colors":{"top":[],"structure":{"75865":75865,"75861":75861,"75859":75859},"lower_cuff":[],"upper_cuff":[],"matchable_top":[],"builtin_revolving_central_top":[],"throat":[],"lampshade":[],"back":[],"sitting":{"75859":75859,"75887":75887,"75869":75869,"75861":75861,"75875":75875,"75889":75889,"75865":75865},"cushions":[],"decorative_inner":[],"decorative_inserts":[],"side":[],"support":{"75869":75869,"75882":75882,"75887":75887,"75861":75861,"75867":75867,"75876":75876,"75865":75865,"75859":75859},"front_doors":[],"top_front_doors":[],"seat_structure":[],"top_structure":[],"covering":[],"optional_shelf":[],"mirror":[],"side_panels":[],"centerpiece":[]},"accessories":"","related":[126417,126462,126618,126649,126794,126838,127053,127151,127237,127242,127243],"gallery":[19486,60762,19489,19481,19484,19485,40446,60317,39813,40425,19482,19483],"product_sheet":"https:\/\/www.bontempi.it\/wp-content\/uploads\/2023\/03\/Kelly-34.03.pdf","attachments":null,"videos":null,"silhouette":25672},"_links":{"self":[{"href":"https:\/\/www.bontempi.it\/es\/wp-json\/wp\/v2\/product\/144068","targetHints":{"allow":["GET"]}}],"collection":[{"href":"https:\/\/www.bontempi.it\/es\/wp-json\/wp\/v2\/product"}],"about":[{"href":"https:\/\/www.bontempi.it\/es\/wp-json\/wp\/v2\/types\/product"}],"acf:attachment":[{"embeddable":true,"href":"https:\/\/www.bontempi.it\/es\/wp-json\/wp\/v2\/media\/19483"},{"embeddable":true,"href":"https:\/\/www.bontempi.it\/es\/wp-json\/wp\/v2\/media\/19482"},{"embeddable":true,"href":"https:\/\/www.bontempi.it\/es\/wp-json\/wp\/v2\/media\/40425"},{"embeddable":true,"href":"https:\/\/www.bontempi.it\/es\/wp-json\/wp\/v2\/media\/39813"},{"embeddable":true,"href":"https:\/\/www.bontempi.it\/es\/wp-json\/wp\/v2\/media\/60317"},{"embeddable":true,"href":"https:\/\/www.bontempi.it\/es\/wp-json\/wp\/v2\/media\/40446"},{"embeddable":true,"href":"https:\/\/www.bontempi.it\/es\/wp-json\/wp\/v2\/media\/19485"},{"embeddable":true,"href":"https:\/\/www.bontempi.it\/es\/wp-json\/wp\/v2\/media\/19484"},{"embeddable":true,"href":"https:\/\/www.bontempi.it\/es\/wp-json\/wp\/v2\/media\/19481"},{"embeddable":true,"href":"https:\/\/www.bontempi.it\/es\/wp-json\/wp\/v2\/media\/19489"},{"embeddable":true,"href":"https:\/\/www.bontempi.it\/es\/wp-json\/wp\/v2\/media\/60762"},{"embeddable":true,"href":"https:\/\/www.bontempi.it\/es\/wp-json\/wp\/v2\/media\/19486"}],"acf:post":[{"embeddable":true,"href":"https:\/\/www.bontempi.it\/es\/wp-json\/wp\/v2\/product\/127243"},{"embeddable":true,"href":"https:\/\/www.bontempi.it\/es\/wp-json\/wp\/v2\/product\/127242"},{"embeddable":true,"href":"https:\/\/www.bontempi.it\/es\/wp-json\/wp\/v2\/product\/127151"},{"embeddable":true,"href":"https:\/\/www.bontempi.it\/es\/wp-json\/wp\/v2\/product\/127053"},{"embeddable":true,"href":"https:\/\/www.bontempi.it\/es\/wp-json\/wp\/v2\/product\/126838"},{"embeddable":true,"href":"https:\/\/www.bontempi.it\/es\/wp-json\/wp\/v2\/product\/126794"},{"embeddable":true,"href":"https:\/\/www.bontempi.it\/es\/wp-json\/wp\/v2\/product\/126649"},{"embeddable":true,"href":"https:\/\/www.bontempi.it\/es\/wp-json\/wp\/v2\/product\/126618"},{"embeddable":true,"href":"https:\/\/www.bontempi.it\/es\/wp-json\/wp\/v2\/product\/126462"},{"embeddable":true,"href":"https:\/\/www.bontempi.it\/es\/wp-json\/wp\/v2\/product\/126417"}],"acf:term":[{"embeddable":true,"taxonomy":"kind","href":"https:\/\/www.bontempi.it\/es\/wp-json\/wp\/v2\/kind\/75921"},{"embeddable":true,"taxonomy":"kind","href":"https:\/\/www.bontempi.it\/es\/wp-json\/wp\/v2\/kind\/75919"},{"embeddable":true,"taxonomy":"line","href":"https:\/\/www.bontempi.it\/es\/wp-json\/wp\/v2\/line\/77080"}],"wp:featuredmedia":[{"embeddable":true,"href":"https:\/\/www.bontempi.it\/es\/wp-json\/wp\/v2\/media\/9978"}],"wp:attachment":[{"href":"https:\/\/www.bontempi.it\/es\/wp-json\/wp\/v2\/media?parent=144068"}],"wp:term":[{"taxonomy":"line","embeddable":true,"href":"https:\/\/www.bontempi.it\/es\/wp-json\/wp\/v2\/line?post=144068"},{"taxonomy":"kind","embeddable":true,"href":"https:\/\/www.bontempi.it\/es\/wp-json\/wp\/v2\/kind?post=144068"},{"taxonomy":"room","embeddable":true,"href":"https:\/\/www.bontempi.it\/es\/wp-json\/wp\/v2\/room?post=144068"},{"taxonomy":"material","embeddable":true,"href":"https:\/\/www.bontempi.it\/es\/wp-json\/wp\/v2\/material?post=144068"},{"taxonomy":"color","embeddable":true,"href":"https:\/\/www.bontempi.it\/es\/wp-json\/wp\/v2\/color?post=144068"},{"taxonomy":"certification","embeddable":true,"href":"https:\/\/www.bontempi.it\/es\/wp-json\/wp\/v2\/certification?post=144068"}],"curies":[{"name":"wp","href":"https:\/\/api.w.org\/{rel}","templated":true}]}}