{"id":144019,"date":"2023-11-09T10:20:41","date_gmt":"2023-11-09T09:20:41","guid":{"rendered":"https:\/\/www.bontempi.it\/product\/harmony-50-26\/"},"modified":"2025-09-23T16:26:22","modified_gmt":"2025-09-23T14:26:22","slug":"harmony-50-26","status":"publish","type":"product","link":"https:\/\/www.bontempi.it\/es\/harmony-5026\/","title":{"rendered":"Harmony &#8211; 50.26"},"content":{"rendered":"<p>Colch\u00f3n con l\u00e1minas HydraForm Eco &#038; Memory EcoFoam, hipoalerg\u00e9nico, sistema Cover Air, desenfundable.<\/p>\n","protected":false},"excerpt":{"rendered":"<p>Colch\u00f3n con l\u00e1minas HydraForm Eco &#038; Memory EcoFoam, hipoalerg\u00e9nico, sistema Cover Air, desenfundable.<\/p>\n","protected":false},"featured_media":0,"template":"","line":[77063],"kind":[75906],"room":[],"material":[],"color":[],"certification":[],"class_list":["post-144019","product","type-product","status-publish","hentry","line-harmony-es","kind-accessories-es"],"acf":{"sku":"50.26","line":[77063],"is_accessory":true,"is_configurable":false,"kind":[75906],"rooms":false,"seats":"","dimensions":{"diameter":"","x":"80\/85\/90\/120\/140\/150\/160\/170","z":"190\/195\/200","y":"18"},"finishing":{"top":[],"structure":[],"lower_cuff":[],"upper_cuff":[],"matchable_top":[],"builtin_revolving_central_top":[],"throat":[],"lampshade":[],"back":[],"sitting":[],"cushions":[],"decorative_inner":[],"decorative_inserts":[],"side":[],"support":[],"front_doors":[],"top_front_doors":[],"seat_structure":[],"top_structure":[],"covering":[],"optional_shelf":[],"mirror":[],"side_panels":[],"centerpiece":[]},"colors":{"top":[],"structure":[],"lower_cuff":[],"upper_cuff":[],"matchable_top":[],"builtin_revolving_central_top":[],"throat":[],"lampshade":[],"back":[],"sitting":[],"cushions":[],"decorative_inner":[],"decorative_inserts":[],"side":[],"support":[],"front_doors":[],"top_front_doors":[],"seat_structure":[],"top_structure":[],"covering":[],"optional_shelf":[],"mirror":[],"side_panels":[],"centerpiece":[]},"accessories":"","related":"","gallery":"","product_sheet":"","attachments":null,"videos":null,"silhouette":1177},"_links":{"self":[{"href":"https:\/\/www.bontempi.it\/es\/wp-json\/wp\/v2\/product\/144019","targetHints":{"allow":["GET"]}}],"collection":[{"href":"https:\/\/www.bontempi.it\/es\/wp-json\/wp\/v2\/product"}],"about":[{"href":"https:\/\/www.bontempi.it\/es\/wp-json\/wp\/v2\/types\/product"}],"acf:term":[{"embeddable":true,"taxonomy":"kind","href":"https:\/\/www.bontempi.it\/es\/wp-json\/wp\/v2\/kind\/75906"},{"embeddable":true,"taxonomy":"line","href":"https:\/\/www.bontempi.it\/es\/wp-json\/wp\/v2\/line\/77063"}],"wp:attachment":[{"href":"https:\/\/www.bontempi.it\/es\/wp-json\/wp\/v2\/media?parent=144019"}],"wp:term":[{"taxonomy":"line","embeddable":true,"href":"https:\/\/www.bontempi.it\/es\/wp-json\/wp\/v2\/line?post=144019"},{"taxonomy":"kind","embeddable":true,"href":"https:\/\/www.bontempi.it\/es\/wp-json\/wp\/v2\/kind?post=144019"},{"taxonomy":"room","embeddable":true,"href":"https:\/\/www.bontempi.it\/es\/wp-json\/wp\/v2\/room?post=144019"},{"taxonomy":"material","embeddable":true,"href":"https:\/\/www.bontempi.it\/es\/wp-json\/wp\/v2\/material?post=144019"},{"taxonomy":"color","embeddable":true,"href":"https:\/\/www.bontempi.it\/es\/wp-json\/wp\/v2\/color?post=144019"},{"taxonomy":"certification","embeddable":true,"href":"https:\/\/www.bontempi.it\/es\/wp-json\/wp\/v2\/certification?post=144019"}],"curies":[{"name":"wp","href":"https:\/\/api.w.org\/{rel}","templated":true}]}}