{"id":143924,"date":"2023-11-09T10:27:36","date_gmt":"2023-11-09T09:27:36","guid":{"rendered":"https:\/\/www.bontempi.it\/product\/duke-53-73\/"},"modified":"2025-09-23T16:24:29","modified_gmt":"2025-09-23T14:24:29","slug":"duke-53-73","status":"publish","type":"product","link":"https:\/\/www.bontempi.it\/es\/duke-5373\/","title":{"rendered":"Duke &#8211; 53.73"},"content":{"rendered":"<p>Mesa fija cuadrada con estructura de acero lacado, tablero de cristal, cristal antiara\u00f1azos, supercer\u00e1mica y superm\u00e1rmol.<\/p>\n","protected":false},"excerpt":{"rendered":"<p>Mesa fija cuadrada con estructura de acero lacado, tablero de cristal, cristal antiara\u00f1azos, supercer\u00e1mica y superm\u00e1rmol.<\/p>\n","protected":false},"featured_media":0,"template":"","line":[77025],"kind":[75939,75927,75935],"room":[],"material":[76248,76252,76259,76261,76263,76233,76237],"color":[75865,75869,75887,75859,75861],"certification":[],"class_list":["post-143924","product","type-product","status-publish","hentry","line-duke-es","kind-fixed-square-es","kind-tables-es","kind-fixed-es","material-m097-es","material-m055-es","material-m028-es","material-m312-es","material-m307-es","material-m310-es","material-m306-es","color-chocolate-es","color-grey-es","color-white-es","color-beige-es","color-black-es"],"acf":{"sku":"53.73","line":[77025],"is_accessory":false,"is_configurable":true,"kind":[75927,75935,75939],"rooms":false,"seats":"10\/12","dimensions":{"diameter":"140","x":"","z":"75","y":"140"},"finishing":{"top":{"75958":75958,"75961":75961,"75966":75966,"75972":75972,"75987":75987,"75990":75990,"76003":76003,"76804":76804,"76810":76810,"76177":76177,"76192":76192,"76194":76194,"76181":76181,"76184":76184,"76186":76186,"76204":76204},"structure":{"76233":76233,"76237":76237,"76248":76248,"76252":76252,"76259":76259,"76261":76261,"76263":76263},"lower_cuff":[],"upper_cuff":[],"matchable_top":[],"builtin_revolving_central_top":[],"throat":[],"lampshade":[],"back":[],"sitting":[],"cushions":[],"decorative_inner":[],"decorative_inserts":[],"side":[],"support":[],"front_doors":[],"top_front_doors":[],"seat_structure":[],"top_structure":[],"covering":[],"optional_shelf":[],"mirror":[],"side_panels":[],"centerpiece":[]},"colors":{"top":{"75869":75869,"75887":75887,"75861":75861,"75859":75859,"75884":75884,"75865":75865,"75873":75873},"structure":{"75869":75869,"75887":75887,"75861":75861,"75865":75865,"75859":75859},"lower_cuff":[],"upper_cuff":[],"matchable_top":[],"builtin_revolving_central_top":[],"throat":[],"lampshade":[],"back":[],"sitting":[],"cushions":[],"decorative_inner":[],"decorative_inserts":[],"side":[],"support":[],"front_doors":[],"top_front_doors":[],"seat_structure":[],"top_structure":[],"covering":[],"optional_shelf":[],"mirror":[],"side_panels":[],"centerpiece":[]},"accessories":"","related":[126794],"gallery":[104188,104193],"product_sheet":"https:\/\/www.bontempi.it\/wp-content\/uploads\/2023\/03\/Duke-53.73.pdf","attachments":null,"videos":null,"silhouette":103768},"_links":{"self":[{"href":"https:\/\/www.bontempi.it\/es\/wp-json\/wp\/v2\/product\/143924","targetHints":{"allow":["GET"]}}],"collection":[{"href":"https:\/\/www.bontempi.it\/es\/wp-json\/wp\/v2\/product"}],"about":[{"href":"https:\/\/www.bontempi.it\/es\/wp-json\/wp\/v2\/types\/product"}],"acf:attachment":[{"embeddable":true,"href":"https:\/\/www.bontempi.it\/es\/wp-json\/wp\/v2\/media\/104193"},{"embeddable":true,"href":"https:\/\/www.bontempi.it\/es\/wp-json\/wp\/v2\/media\/104188"}],"acf:post":[{"embeddable":true,"href":"https:\/\/www.bontempi.it\/es\/wp-json\/wp\/v2\/product\/126794"}],"acf:term":[{"embeddable":true,"taxonomy":"kind","href":"https:\/\/www.bontempi.it\/es\/wp-json\/wp\/v2\/kind\/75939"},{"embeddable":true,"taxonomy":"kind","href":"https:\/\/www.bontempi.it\/es\/wp-json\/wp\/v2\/kind\/75935"},{"embeddable":true,"taxonomy":"kind","href":"https:\/\/www.bontempi.it\/es\/wp-json\/wp\/v2\/kind\/75927"},{"embeddable":true,"taxonomy":"line","href":"https:\/\/www.bontempi.it\/es\/wp-json\/wp\/v2\/line\/77025"}],"wp:attachment":[{"href":"https:\/\/www.bontempi.it\/es\/wp-json\/wp\/v2\/media?parent=143924"}],"wp:term":[{"taxonomy":"line","embeddable":true,"href":"https:\/\/www.bontempi.it\/es\/wp-json\/wp\/v2\/line?post=143924"},{"taxonomy":"kind","embeddable":true,"href":"https:\/\/www.bontempi.it\/es\/wp-json\/wp\/v2\/kind?post=143924"},{"taxonomy":"room","embeddable":true,"href":"https:\/\/www.bontempi.it\/es\/wp-json\/wp\/v2\/room?post=143924"},{"taxonomy":"material","embeddable":true,"href":"https:\/\/www.bontempi.it\/es\/wp-json\/wp\/v2\/material?post=143924"},{"taxonomy":"color","embeddable":true,"href":"https:\/\/www.bontempi.it\/es\/wp-json\/wp\/v2\/color?post=143924"},{"taxonomy":"certification","embeddable":true,"href":"https:\/\/www.bontempi.it\/es\/wp-json\/wp\/v2\/certification?post=143924"}],"curies":[{"name":"wp","href":"https:\/\/api.w.org\/{rel}","templated":true}]}}