{"id":143921,"date":"2023-11-09T10:27:36","date_gmt":"2023-11-09T09:27:36","guid":{"rendered":"https:\/\/www.bontempi.it\/product\/duke-53-70\/"},"modified":"2025-09-23T16:24:25","modified_gmt":"2025-09-23T14:24:25","slug":"duke-53-70","status":"publish","type":"product","link":"https:\/\/www.bontempi.it\/es\/duke-5370\/","title":{"rendered":"Duke &#8211; 53.70"},"content":{"rendered":"<p>Mesa cuadrada extensible con estructura de aluminio lacado, tablero y extensi\u00f3n de cristal, cristal antiara\u00f1azos, supercer\u00e1mica y superm\u00e1rmol.<\/p>\n","protected":false},"excerpt":{"rendered":"<p>Mesa cuadrada extensible con estructura de aluminio lacado, tablero y extensi\u00f3n de cristal, cristal antiara\u00f1azos, supercer\u00e1mica y superm\u00e1rmol.<\/p>\n","protected":false},"featured_media":0,"template":"","line":[77025],"kind":[75927,75928,75932],"room":[],"material":[76252,76259,76261,76263,76233,76237,76248],"color":[75869,75887,75859,75861,75865],"certification":[],"class_list":["post-143921","product","type-product","status-publish","hentry","line-duke-es","kind-tables-es","kind-extendible-es","kind-extendible-square-es","material-m055-es","material-m028-es","material-m312-es","material-m307-es","material-m310-es","material-m306-es","material-m097-es","color-grey-es","color-white-es","color-beige-es","color-black-es","color-chocolate-es"],"acf":{"sku":"53.70","line":[77025],"is_accessory":false,"is_configurable":true,"kind":[75927,75928,75932],"rooms":false,"seats":"6","dimensions":{"diameter":"","x":"140\/200","z":"75","y":"140"},"finishing":{"top":{"75958":75958,"75961":75961,"75966":75966,"75972":75972,"75987":75987,"75990":75990,"76003":76003,"76806":76806,"76811":76811,"76190":76190,"76193":76193,"76195":76195,"76187":76187},"structure":{"76233":76233,"76237":76237,"76248":76248,"76252":76252,"76259":76259,"76261":76261,"76263":76263},"lower_cuff":[],"upper_cuff":[],"matchable_top":[],"builtin_revolving_central_top":[],"throat":[],"lampshade":[],"back":[],"sitting":[],"cushions":[],"decorative_inner":[],"decorative_inserts":[],"side":[],"support":[],"front_doors":[],"top_front_doors":[],"seat_structure":[],"top_structure":[],"covering":[],"optional_shelf":[],"mirror":[],"side_panels":[],"centerpiece":[]},"colors":{"top":{"75869":75869,"75887":75887,"75861":75861,"75859":75859,"75884":75884,"75865":75865},"structure":{"75869":75869,"75887":75887,"75861":75861,"75865":75865,"75859":75859},"lower_cuff":[],"upper_cuff":[],"matchable_top":[],"builtin_revolving_central_top":[],"throat":[],"lampshade":[],"back":[],"sitting":[],"cushions":[],"decorative_inner":[],"decorative_inserts":[],"side":[],"support":[],"front_doors":[],"top_front_doors":[],"seat_structure":[],"top_structure":[],"covering":[],"optional_shelf":[],"mirror":[],"side_panels":[],"centerpiece":[]},"accessories":"","related":[127151],"gallery":[104223,104198,104228,104208,104203,104218,104238,104243,104213],"product_sheet":"","attachments":null,"videos":null,"silhouette":103753},"_links":{"self":[{"href":"https:\/\/www.bontempi.it\/es\/wp-json\/wp\/v2\/product\/143921","targetHints":{"allow":["GET"]}}],"collection":[{"href":"https:\/\/www.bontempi.it\/es\/wp-json\/wp\/v2\/product"}],"about":[{"href":"https:\/\/www.bontempi.it\/es\/wp-json\/wp\/v2\/types\/product"}],"acf:attachment":[{"embeddable":true,"href":"https:\/\/www.bontempi.it\/es\/wp-json\/wp\/v2\/media\/104213"},{"embeddable":true,"href":"https:\/\/www.bontempi.it\/es\/wp-json\/wp\/v2\/media\/104243"},{"embeddable":true,"href":"https:\/\/www.bontempi.it\/es\/wp-json\/wp\/v2\/media\/104238"},{"embeddable":true,"href":"https:\/\/www.bontempi.it\/es\/wp-json\/wp\/v2\/media\/104218"},{"embeddable":true,"href":"https:\/\/www.bontempi.it\/es\/wp-json\/wp\/v2\/media\/104203"},{"embeddable":true,"href":"https:\/\/www.bontempi.it\/es\/wp-json\/wp\/v2\/media\/104208"},{"embeddable":true,"href":"https:\/\/www.bontempi.it\/es\/wp-json\/wp\/v2\/media\/104228"},{"embeddable":true,"href":"https:\/\/www.bontempi.it\/es\/wp-json\/wp\/v2\/media\/104198"},{"embeddable":true,"href":"https:\/\/www.bontempi.it\/es\/wp-json\/wp\/v2\/media\/104223"}],"acf:post":[{"embeddable":true,"href":"https:\/\/www.bontempi.it\/es\/wp-json\/wp\/v2\/product\/127151"}],"acf:term":[{"embeddable":true,"taxonomy":"kind","href":"https:\/\/www.bontempi.it\/es\/wp-json\/wp\/v2\/kind\/75932"},{"embeddable":true,"taxonomy":"kind","href":"https:\/\/www.bontempi.it\/es\/wp-json\/wp\/v2\/kind\/75928"},{"embeddable":true,"taxonomy":"kind","href":"https:\/\/www.bontempi.it\/es\/wp-json\/wp\/v2\/kind\/75927"},{"embeddable":true,"taxonomy":"line","href":"https:\/\/www.bontempi.it\/es\/wp-json\/wp\/v2\/line\/77025"}],"wp:attachment":[{"href":"https:\/\/www.bontempi.it\/es\/wp-json\/wp\/v2\/media?parent=143921"}],"wp:term":[{"taxonomy":"line","embeddable":true,"href":"https:\/\/www.bontempi.it\/es\/wp-json\/wp\/v2\/line?post=143921"},{"taxonomy":"kind","embeddable":true,"href":"https:\/\/www.bontempi.it\/es\/wp-json\/wp\/v2\/kind?post=143921"},{"taxonomy":"room","embeddable":true,"href":"https:\/\/www.bontempi.it\/es\/wp-json\/wp\/v2\/room?post=143921"},{"taxonomy":"material","embeddable":true,"href":"https:\/\/www.bontempi.it\/es\/wp-json\/wp\/v2\/material?post=143921"},{"taxonomy":"color","embeddable":true,"href":"https:\/\/www.bontempi.it\/es\/wp-json\/wp\/v2\/color?post=143921"},{"taxonomy":"certification","embeddable":true,"href":"https:\/\/www.bontempi.it\/es\/wp-json\/wp\/v2\/certification?post=143921"}],"curies":[{"name":"wp","href":"https:\/\/api.w.org\/{rel}","templated":true}]}}