{"id":143911,"date":"2023-11-09T10:20:41","date_gmt":"2023-11-09T09:20:41","guid":{"rendered":"https:\/\/www.bontempi.it\/product\/dream-50-23\/"},"modified":"2025-09-23T16:24:09","modified_gmt":"2025-09-23T14:24:09","slug":"dream-50-23","status":"publish","type":"product","link":"https:\/\/www.bontempi.it\/es\/dream-5023\/","title":{"rendered":"Dream &#8211; 50.23"},"content":{"rendered":"<p>Colch\u00f3n de muelles ensacados de alta densidad, gran capacidad de carga e hipoalerg\u00e9nico (800 muelles ensacados en la versi\u00f3n de matrimonio, movimiento independiente).<\/p>\n","protected":false},"excerpt":{"rendered":"<p>Colch\u00f3n de muelles ensacados de alta densidad, gran capacidad de carga e hipoalerg\u00e9nico (800 muelles ensacados en la versi\u00f3n de matrimonio, movimiento independiente).<\/p>\n","protected":false},"featured_media":0,"template":"","line":[],"kind":[75906],"room":[],"material":[],"color":[],"certification":[],"class_list":["post-143911","product","type-product","status-publish","hentry","kind-accessories-es"],"acf":{"sku":"50.23","line":false,"is_accessory":true,"is_configurable":false,"kind":[75906],"rooms":false,"seats":"","dimensions":{"diameter":"","x":"80\/85\/90\/120\/140\/150\/160\/170","z":"190\/195\/200","y":"23"},"finishing":{"top":[],"structure":[],"lower_cuff":[],"upper_cuff":[],"matchable_top":[],"builtin_revolving_central_top":[],"throat":[],"lampshade":[],"back":[],"sitting":[],"cushions":[],"decorative_inner":[],"decorative_inserts":[],"side":[],"support":[],"front_doors":[],"top_front_doors":[],"seat_structure":[],"top_structure":[],"covering":[],"optional_shelf":[],"mirror":[],"side_panels":[],"centerpiece":[]},"colors":{"top":[],"structure":[],"lower_cuff":[],"upper_cuff":[],"matchable_top":[],"builtin_revolving_central_top":[],"throat":[],"lampshade":[],"back":[],"sitting":[],"cushions":[],"decorative_inner":[],"decorative_inserts":[],"side":[],"support":[],"front_doors":[],"top_front_doors":[],"seat_structure":[],"top_structure":[],"covering":[],"optional_shelf":[],"mirror":[],"side_panels":[],"centerpiece":[]},"accessories":"","related":"","gallery":"","product_sheet":"","attachments":null,"videos":null,"silhouette":1177},"_links":{"self":[{"href":"https:\/\/www.bontempi.it\/es\/wp-json\/wp\/v2\/product\/143911","targetHints":{"allow":["GET"]}}],"collection":[{"href":"https:\/\/www.bontempi.it\/es\/wp-json\/wp\/v2\/product"}],"about":[{"href":"https:\/\/www.bontempi.it\/es\/wp-json\/wp\/v2\/types\/product"}],"acf:term":[{"embeddable":true,"taxonomy":"kind","href":"https:\/\/www.bontempi.it\/es\/wp-json\/wp\/v2\/kind\/75906"}],"wp:attachment":[{"href":"https:\/\/www.bontempi.it\/es\/wp-json\/wp\/v2\/media?parent=143911"}],"wp:term":[{"taxonomy":"line","embeddable":true,"href":"https:\/\/www.bontempi.it\/es\/wp-json\/wp\/v2\/line?post=143911"},{"taxonomy":"kind","embeddable":true,"href":"https:\/\/www.bontempi.it\/es\/wp-json\/wp\/v2\/kind?post=143911"},{"taxonomy":"room","embeddable":true,"href":"https:\/\/www.bontempi.it\/es\/wp-json\/wp\/v2\/room?post=143911"},{"taxonomy":"material","embeddable":true,"href":"https:\/\/www.bontempi.it\/es\/wp-json\/wp\/v2\/material?post=143911"},{"taxonomy":"color","embeddable":true,"href":"https:\/\/www.bontempi.it\/es\/wp-json\/wp\/v2\/color?post=143911"},{"taxonomy":"certification","embeddable":true,"href":"https:\/\/www.bontempi.it\/es\/wp-json\/wp\/v2\/certification?post=143911"}],"curies":[{"name":"wp","href":"https:\/\/api.w.org\/{rel}","templated":true}]}}