{"id":143880,"date":"2023-11-09T10:26:05","date_gmt":"2023-11-09T09:26:05","guid":{"rendered":"https:\/\/www.bontempi.it\/product\/delta-rotondo-53-24\/"},"modified":"2025-09-23T16:23:30","modified_gmt":"2025-09-23T14:23:30","slug":"delta-rotondo-53-24","status":"publish","type":"product","link":"https:\/\/www.bontempi.it\/es\/delta-redondo-5324\/","title":{"rendered":"Delta redondo &#8211; 53.24"},"content":{"rendered":"<p>Mesa redonda fija con estructura y detalles decorativos de acero lacado, tablero de contrachapado de madera, cristal, cristal antiara\u00f1azos, superm\u00e1rmol y supercer\u00e1mica.<\/p>\n","protected":false},"excerpt":{"rendered":"<p>Mesa redonda fija con estructura y detalles decorativos de acero lacado, tablero de contrachapado de madera, cristal, cristal antiara\u00f1azos, superm\u00e1rmol y supercer\u00e1mica.<\/p>\n","protected":false},"featured_media":10101,"template":"","line":[77015],"kind":[75927,75935,75942],"room":[75900,75904],"material":[76237,76248,76252,76253,76254,76255,76256,76259,76261,76263,77585,76186,76188,76204,76233,76236],"color":[75873,75875,75876,75882,75884,75887,77624,77625,77626,75859,75861,75865,75867,75869],"certification":[75800],"class_list":["post-143880","product","type-product","status-publish","has-post-thumbnail","hentry","line-delta-round-es","kind-tables-es","kind-fixed-es","kind-fixed-round-es","room-contract-es","room-living-es","material-m306-es","material-m097-es","material-m055-es","material-m327-es","material-m325-es","material-m329-es","material-m328-es","material-m028-es","material-m312-es","material-m307-es","material-cm015","material-cm005-es","material-cm025-es","material-cm027-es","material-m310-es","material-m326-es","color-multicolor-es","color-orange-es","color-pink-gold-es","color-silver-es","color-transparent-es","color-white-es","color-bianco-es","color-nero-es","color-grigio-es","color-beige-es","color-black-es","color-chocolate-es","color-gold-es","color-grey-es","certification-en-15372-16-en-1730-12-es"],"acf":{"sku":"53.24","line":[77015],"is_accessory":false,"is_configurable":true,"kind":[75927,75935,75942],"rooms":[75900,75904],"seats":"6\/8","dimensions":{"diameter":"150","x":"","z":"75","y":""},"finishing":{"top":[65912,65914,65918,65922,65931,65935,65944,65987,65989,65991,65993,66283,66288,66292,66295,66297,66299,75664],"structure":[66041,66043,66044,66057,66061,66062,66063,66064,66065,66068,66070,66072],"lower_cuff":[],"upper_cuff":[],"matchable_top":[],"builtin_revolving_central_top":[],"throat":[],"lampshade":[],"back":[],"sitting":[],"cushions":[],"decorative_inner":[],"decorative_inserts":[66041,66043,66044,66057,66061,66062,66063,66064,66065,66068,66070,66072,77585],"side":[],"support":[],"front_doors":[],"top_front_doors":[],"seat_structure":[],"top_structure":[],"covering":[],"optional_shelf":[],"mirror":[],"side_panels":[],"centerpiece":[]},"colors":{"top":[58739,58741,58745,58749,58753,58764,58767],"structure":[58739,58741,58745,58747,58749,58756,58762,58767],"lower_cuff":[],"upper_cuff":[],"matchable_top":[],"builtin_revolving_central_top":[],"throat":[],"lampshade":[],"back":[],"sitting":[],"cushions":[],"decorative_inner":[],"decorative_inserts":[58739,58741,58745,58747,58749,58755,58756,58762,58767],"side":[],"support":[],"front_doors":[],"top_front_doors":[],"seat_structure":[],"top_structure":[],"covering":[],"optional_shelf":[],"mirror":[],"side_panels":[],"centerpiece":[]},"accessories":"","related":[127008,127252],"gallery":"","product_sheet":"https:\/\/www.bontempi.it\/wp-content\/uploads\/2023\/03\/Delta-53.23-24-Tondo.pdf","attachments":null,"videos":null,"silhouette":25766},"_links":{"self":[{"href":"https:\/\/www.bontempi.it\/es\/wp-json\/wp\/v2\/product\/143880","targetHints":{"allow":["GET"]}}],"collection":[{"href":"https:\/\/www.bontempi.it\/es\/wp-json\/wp\/v2\/product"}],"about":[{"href":"https:\/\/www.bontempi.it\/es\/wp-json\/wp\/v2\/types\/product"}],"acf:post":[{"embeddable":true,"href":"https:\/\/www.bontempi.it\/es\/wp-json\/wp\/v2\/product\/127252"},{"embeddable":true,"href":"https:\/\/www.bontempi.it\/es\/wp-json\/wp\/v2\/product\/127008"}],"acf:term":[{"embeddable":true,"taxonomy":"room","href":"https:\/\/www.bontempi.it\/es\/wp-json\/wp\/v2\/room\/75904"},{"embeddable":true,"taxonomy":"room","href":"https:\/\/www.bontempi.it\/es\/wp-json\/wp\/v2\/room\/75900"},{"embeddable":true,"taxonomy":"kind","href":"https:\/\/www.bontempi.it\/es\/wp-json\/wp\/v2\/kind\/75942"},{"embeddable":true,"taxonomy":"kind","href":"https:\/\/www.bontempi.it\/es\/wp-json\/wp\/v2\/kind\/75935"},{"embeddable":true,"taxonomy":"kind","href":"https:\/\/www.bontempi.it\/es\/wp-json\/wp\/v2\/kind\/75927"},{"embeddable":true,"taxonomy":"line","href":"https:\/\/www.bontempi.it\/es\/wp-json\/wp\/v2\/line\/77015"}],"wp:featuredmedia":[{"embeddable":true,"href":"https:\/\/www.bontempi.it\/es\/wp-json\/wp\/v2\/media\/10101"}],"wp:attachment":[{"href":"https:\/\/www.bontempi.it\/es\/wp-json\/wp\/v2\/media?parent=143880"}],"wp:term":[{"taxonomy":"line","embeddable":true,"href":"https:\/\/www.bontempi.it\/es\/wp-json\/wp\/v2\/line?post=143880"},{"taxonomy":"kind","embeddable":true,"href":"https:\/\/www.bontempi.it\/es\/wp-json\/wp\/v2\/kind?post=143880"},{"taxonomy":"room","embeddable":true,"href":"https:\/\/www.bontempi.it\/es\/wp-json\/wp\/v2\/room?post=143880"},{"taxonomy":"material","embeddable":true,"href":"https:\/\/www.bontempi.it\/es\/wp-json\/wp\/v2\/material?post=143880"},{"taxonomy":"color","embeddable":true,"href":"https:\/\/www.bontempi.it\/es\/wp-json\/wp\/v2\/color?post=143880"},{"taxonomy":"certification","embeddable":true,"href":"https:\/\/www.bontempi.it\/es\/wp-json\/wp\/v2\/certification?post=143880"}],"curies":[{"name":"wp","href":"https:\/\/api.w.org\/{rel}","templated":true}]}}