{"id":143877,"date":"2023-11-09T10:26:05","date_gmt":"2023-11-09T09:26:05","guid":{"rendered":"https:\/\/www.bontempi.it\/product\/delta-53-33\/"},"modified":"2025-09-23T16:23:26","modified_gmt":"2025-09-23T14:23:26","slug":"delta-53-33","status":"publish","type":"product","link":"https:\/\/www.bontempi.it\/es\/delta-5333\/","title":{"rendered":"Delta &#8211; 53.33"},"content":{"rendered":"<p>Mesa rectangular extensible con estructura y detalles decorativos de acero lacado, tablero de contrachapado de madera, cristal, cristal antiara\u00f1azos, supercer\u00e1mica, superm\u00e1rmol.<\/p>\n","protected":false},"excerpt":{"rendered":"<p>Mesa rectangular extensible con estructura y detalles decorativos de acero lacado, tablero de contrachapado de madera, cristal, cristal antiara\u00f1azos, supercer\u00e1mica, superm\u00e1rmol.<\/p>\n","protected":false},"featured_media":0,"template":"","line":[77014],"kind":[75927,75928,75933],"room":[75900,75904],"material":[76248,76252,76253,76254,76255,76256,76259,76261,76263,75978,76203,76204,76233,76236,76237],"color":[75878,75882,75884,75887,77624,77625,77626,75859,75861,75865,75867,75869,75876],"certification":[],"class_list":["post-143877","product","type-product","status-publish","hentry","line-delta-es","kind-tables-es","kind-extendible-es","kind-extendible-rectangular-es","room-contract-es","room-living-es","material-m097-es","material-m055-es","material-m327-es","material-m325-es","material-m329-es","material-m328-es","material-m028-es","material-m312-es","material-m307-es","material-c130-es","material-cm027a-es","material-cm027-es","material-m310-es","material-m326-es","material-m306-es","color-red-es","color-silver-es","color-transparent-es","color-white-es","color-bianco-es","color-nero-es","color-grigio-es","color-beige-es","color-black-es","color-chocolate-es","color-gold-es","color-grey-es","color-pink-gold-es"],"acf":{"sku":"53.33","line":[77014],"is_accessory":false,"is_configurable":true,"kind":[75927,75928,75933],"rooms":[75900,75904],"seats":"10","dimensions":{"diameter":"","x":"160\/200\/240","z":"90","y":"75"},"finishing":{"top":[65912,65914,65918,65922,65931,65935,65944,65987,65989,65991,65993,66273,66276,66278,66281,66284,66287,66288,66293,66294,66298,66300,75426,75427,75429,75655,75664],"structure":[66041,66043,66044,66057,66061,66062,66063,66064,66065,66068,66070,66072],"lower_cuff":[],"upper_cuff":[],"matchable_top":[],"builtin_revolving_central_top":[],"throat":[],"lampshade":[],"back":[],"sitting":[],"cushions":[],"decorative_inner":[],"decorative_inserts":[66041,66043,66044,66057,66061,66062,66063,66064,66065,66068,66070,66072],"side":[],"support":[],"front_doors":[],"top_front_doors":[],"seat_structure":[],"top_structure":[],"covering":[],"optional_shelf":[],"mirror":[],"side_panels":[],"centerpiece":[]},"colors":{"top":[58739,58741,58745,58747,58749,58753,58758,58764,58767],"structure":[58739,58741,58745,58747,58749,58756,58762,58767],"lower_cuff":[],"upper_cuff":[],"matchable_top":[],"builtin_revolving_central_top":[],"throat":[],"lampshade":[],"back":[],"sitting":[],"cushions":[],"decorative_inner":[],"decorative_inserts":[58739,58741,58745,58747,58749,58756,58762,58767],"side":[],"support":[],"front_doors":[],"top_front_doors":[],"seat_structure":[],"top_structure":[],"covering":[],"optional_shelf":[],"mirror":[],"side_panels":[],"centerpiece":[]},"accessories":"","related":[126916,126917,127254],"gallery":[30305],"product_sheet":"https:\/\/www.bontempi.it\/wp-content\/uploads\/2023\/03\/Delta-53.33-34-35-Rett.Allungabile.pdf","attachments":null,"videos":null,"silhouette":25771},"_links":{"self":[{"href":"https:\/\/www.bontempi.it\/es\/wp-json\/wp\/v2\/product\/143877","targetHints":{"allow":["GET"]}}],"collection":[{"href":"https:\/\/www.bontempi.it\/es\/wp-json\/wp\/v2\/product"}],"about":[{"href":"https:\/\/www.bontempi.it\/es\/wp-json\/wp\/v2\/types\/product"}],"acf:attachment":[{"embeddable":true,"href":"https:\/\/www.bontempi.it\/es\/wp-json\/wp\/v2\/media\/30305"}],"acf:post":[{"embeddable":true,"href":"https:\/\/www.bontempi.it\/es\/wp-json\/wp\/v2\/product\/127254"},{"embeddable":true,"href":"https:\/\/www.bontempi.it\/es\/wp-json\/wp\/v2\/product\/126917"},{"embeddable":true,"href":"https:\/\/www.bontempi.it\/es\/wp-json\/wp\/v2\/product\/126916"}],"acf:term":[{"embeddable":true,"taxonomy":"room","href":"https:\/\/www.bontempi.it\/es\/wp-json\/wp\/v2\/room\/75904"},{"embeddable":true,"taxonomy":"room","href":"https:\/\/www.bontempi.it\/es\/wp-json\/wp\/v2\/room\/75900"},{"embeddable":true,"taxonomy":"kind","href":"https:\/\/www.bontempi.it\/es\/wp-json\/wp\/v2\/kind\/75933"},{"embeddable":true,"taxonomy":"kind","href":"https:\/\/www.bontempi.it\/es\/wp-json\/wp\/v2\/kind\/75928"},{"embeddable":true,"taxonomy":"kind","href":"https:\/\/www.bontempi.it\/es\/wp-json\/wp\/v2\/kind\/75927"},{"embeddable":true,"taxonomy":"line","href":"https:\/\/www.bontempi.it\/es\/wp-json\/wp\/v2\/line\/77014"}],"wp:attachment":[{"href":"https:\/\/www.bontempi.it\/es\/wp-json\/wp\/v2\/media?parent=143877"}],"wp:term":[{"taxonomy":"line","embeddable":true,"href":"https:\/\/www.bontempi.it\/es\/wp-json\/wp\/v2\/line?post=143877"},{"taxonomy":"kind","embeddable":true,"href":"https:\/\/www.bontempi.it\/es\/wp-json\/wp\/v2\/kind?post=143877"},{"taxonomy":"room","embeddable":true,"href":"https:\/\/www.bontempi.it\/es\/wp-json\/wp\/v2\/room?post=143877"},{"taxonomy":"material","embeddable":true,"href":"https:\/\/www.bontempi.it\/es\/wp-json\/wp\/v2\/material?post=143877"},{"taxonomy":"color","embeddable":true,"href":"https:\/\/www.bontempi.it\/es\/wp-json\/wp\/v2\/color?post=143877"},{"taxonomy":"certification","embeddable":true,"href":"https:\/\/www.bontempi.it\/es\/wp-json\/wp\/v2\/certification?post=143877"}],"curies":[{"name":"wp","href":"https:\/\/api.w.org\/{rel}","templated":true}]}}