{"id":143865,"date":"2023-11-09T10:30:48","date_gmt":"2023-11-09T09:30:48","guid":{"rendered":"https:\/\/www.bontempi.it\/product\/dakota-tav003\/"},"modified":"2025-09-23T16:23:11","modified_gmt":"2025-09-23T14:23:11","slug":"dakota-tav003","status":"publish","type":"product","link":"https:\/\/www.bontempi.it\/es\/dakota-tav003\/","title":{"rendered":"Dakota &#8211; TAV003"},"content":{"rendered":"<p>Mesa de centro de 200 \u00d7 30 cm con estructura de acero lacado, tablero de cristal aterciopelado antiara\u00f1azos, superm\u00e1rmol y contrachapado de madera.<\/p>\n","protected":false},"excerpt":{"rendered":"<p>Mesa de centro de 200 \u00d7 30 cm con estructura de acero lacado, tablero de cristal aterciopelado antiara\u00f1azos, superm\u00e1rmol y contrachapado de madera.<\/p>\n","protected":false},"featured_media":0,"template":"","line":[77011],"kind":[75906,75908],"room":[],"material":[76248,76252,76253,76254,76255,76256,76259,76261,76263,76233,76236,76237],"color":[75867,75869,75876,75882,75887,75859,75861,75865],"certification":[],"class_list":["post-143865","product","type-product","status-publish","hentry","line-dakota-es","kind-accessories-es","kind-sofas-es","material-m097-es","material-m055-es","material-m327-es","material-m325-es","material-m329-es","material-m328-es","material-m028-es","material-m312-es","material-m307-es","material-m310-es","material-m326-es","material-m306-es","color-gold-es","color-grey-es","color-pink-gold-es","color-silver-es","color-white-es","color-beige-es","color-black-es","color-chocolate-es"],"acf":{"sku":"DAKTAV03","line":[77011],"is_accessory":false,"is_configurable":false,"kind":[75908,75906],"rooms":false,"seats":"","dimensions":{"diameter":"","x":"200","z":"30","y":"24"},"finishing":{"top":{"75958":75958,"75961":75961,"75966":75966,"75972":75972,"76130":76130,"76177":76177,"76186":76186,"76188":76188},"structure":{"76233":76233,"76236":76236,"76237":76237,"76248":76248,"76252":76252,"76253":76253,"76254":76254,"76255":76255,"76256":76256,"76259":76259,"76261":76261,"76263":76263},"lower_cuff":[],"upper_cuff":[],"matchable_top":[],"builtin_revolving_central_top":[],"throat":[],"lampshade":[],"back":[],"sitting":[],"cushions":[],"decorative_inner":[],"decorative_inserts":[],"side":[],"support":[],"front_doors":[],"top_front_doors":[],"seat_structure":[],"top_structure":[],"covering":[],"optional_shelf":[],"mirror":[],"side_panels":[],"centerpiece":[]},"colors":{"top":{"75869":75869,"75887":75887,"75861":75861,"75859":75859,"75865":75865},"structure":{"75869":75869,"75882":75882,"75887":75887,"75861":75861,"75867":75867,"75876":75876,"75865":75865,"75859":75859},"lower_cuff":[],"upper_cuff":[],"matchable_top":[],"builtin_revolving_central_top":[],"throat":[],"lampshade":[],"back":[],"sitting":[],"cushions":[],"decorative_inner":[],"decorative_inserts":[],"side":[],"support":[],"front_doors":[],"top_front_doors":[],"seat_structure":[],"top_structure":[],"covering":[],"optional_shelf":[],"mirror":[],"side_panels":[],"centerpiece":[]},"accessories":"","related":"","gallery":[30257],"product_sheet":"","attachments":null,"videos":null,"silhouette":54812},"_links":{"self":[{"href":"https:\/\/www.bontempi.it\/es\/wp-json\/wp\/v2\/product\/143865","targetHints":{"allow":["GET"]}}],"collection":[{"href":"https:\/\/www.bontempi.it\/es\/wp-json\/wp\/v2\/product"}],"about":[{"href":"https:\/\/www.bontempi.it\/es\/wp-json\/wp\/v2\/types\/product"}],"acf:attachment":[{"embeddable":true,"href":"https:\/\/www.bontempi.it\/es\/wp-json\/wp\/v2\/media\/30257"}],"acf:term":[{"embeddable":true,"taxonomy":"kind","href":"https:\/\/www.bontempi.it\/es\/wp-json\/wp\/v2\/kind\/75906"},{"embeddable":true,"taxonomy":"kind","href":"https:\/\/www.bontempi.it\/es\/wp-json\/wp\/v2\/kind\/75908"},{"embeddable":true,"taxonomy":"line","href":"https:\/\/www.bontempi.it\/es\/wp-json\/wp\/v2\/line\/77011"}],"wp:attachment":[{"href":"https:\/\/www.bontempi.it\/es\/wp-json\/wp\/v2\/media?parent=143865"}],"wp:term":[{"taxonomy":"line","embeddable":true,"href":"https:\/\/www.bontempi.it\/es\/wp-json\/wp\/v2\/line?post=143865"},{"taxonomy":"kind","embeddable":true,"href":"https:\/\/www.bontempi.it\/es\/wp-json\/wp\/v2\/kind?post=143865"},{"taxonomy":"room","embeddable":true,"href":"https:\/\/www.bontempi.it\/es\/wp-json\/wp\/v2\/room?post=143865"},{"taxonomy":"material","embeddable":true,"href":"https:\/\/www.bontempi.it\/es\/wp-json\/wp\/v2\/material?post=143865"},{"taxonomy":"color","embeddable":true,"href":"https:\/\/www.bontempi.it\/es\/wp-json\/wp\/v2\/color?post=143865"},{"taxonomy":"certification","embeddable":true,"href":"https:\/\/www.bontempi.it\/es\/wp-json\/wp\/v2\/certification?post=143865"}],"curies":[{"name":"wp","href":"https:\/\/api.w.org\/{rel}","templated":true}]}}