{"id":143846,"date":"2023-11-09T10:05:11","date_gmt":"2023-11-09T09:05:11","guid":{"rendered":"https:\/\/www.bontempi.it\/product\/cruz-20-27\/"},"modified":"2025-09-23T16:22:47","modified_gmt":"2025-09-23T14:22:47","slug":"cruz-20-27","status":"publish","type":"product","link":"https:\/\/www.bontempi.it\/es\/cruz-2027\/","title":{"rendered":"Cruz &#8211; 20.27"},"content":{"rendered":"<p>Mesa extensible con estructura de acero lacado, tablero en contrachapado de madera y madera lacada, cristal, cristal antiara\u00f1azos, supercer\u00e1mica y superm\u00e1rmol.<\/p>\n","protected":false},"excerpt":{"rendered":"<p>Mesa extensible con estructura de acero lacado, tablero en contrachapado de madera y madera lacada, cristal, cristal antiara\u00f1azos, supercer\u00e1mica y superm\u00e1rmol.<\/p>\n","protected":false},"featured_media":0,"template":"","line":[77008],"kind":[75927,75928,75933],"room":[75901],"material":[76253,76254,76255,76256,76259,76261,76263,76233,76236,76237,76248,76252],"color":[75876,75882,75887,75859,75861,75865,75867,75869],"certification":[],"class_list":["post-143846","product","type-product","status-publish","hentry","line-cruz-es","kind-tables-es","kind-extendible-es","kind-extendible-rectangular-es","room-kitchen-es","material-m327-es","material-m325-es","material-m329-es","material-m328-es","material-m028-es","material-m312-es","material-m307-es","material-m310-es","material-m326-es","material-m306-es","material-m097-es","material-m055-es","color-pink-gold-es","color-silver-es","color-white-es","color-beige-es","color-black-es","color-chocolate-es","color-gold-es","color-grey-es"],"acf":{"sku":"20.27","line":[77008],"is_accessory":false,"is_configurable":true,"kind":[75927,75928,75933],"rooms":[75901],"seats":"12","dimensions":{"diameter":"","x":"190\/240\/290","z":"100","y":"75"},"finishing":{"top":{"75958":75958,"75961":75961,"75966":75966,"75972":75972,"75987":75987,"75990":75990,"76003":76003,"76124":76124,"76125":76125,"76127":76127,"76130":76130,"76804":76804,"76806":76806,"76807":76807,"76809":76809,"76810":76810,"76811":76811,"76869":76869,"76813":76813,"76177":76177,"76190":76190,"76192":76192,"76193":76193,"76194":76194,"76195":76195,"76181":76181,"76184":76184,"76186":76186,"76187":76187,"76188":76188,"76644":76644,"76204":76204,"77585":77585,"77587":77587},"structure":{"76233":76233,"76236":76236,"76237":76237,"76248":76248,"76252":76252,"76253":76253,"76254":76254,"76255":76255,"76256":76256,"76259":76259,"76261":76261,"76263":76263},"lower_cuff":[],"upper_cuff":[],"matchable_top":[],"builtin_revolving_central_top":[],"throat":[],"lampshade":[],"back":[],"sitting":[],"cushions":[],"decorative_inner":[],"decorative_inserts":[],"side":[],"support":[],"front_doors":[],"top_front_doors":[],"seat_structure":[],"top_structure":[],"covering":[],"optional_shelf":[],"mirror":[],"side_panels":[],"centerpiece":[]},"colors":{"top":{"75869":75869,"75887":75887,"75861":75861,"75859":75859,"75884":75884,"75865":75865,"75873":75873,"75875":75875},"structure":{"75869":75869,"75882":75882,"75887":75887,"75861":75861,"75867":75867,"75876":75876,"75865":75865,"75859":75859},"lower_cuff":[],"upper_cuff":[],"matchable_top":[],"builtin_revolving_central_top":[],"throat":[],"lampshade":[],"back":[],"sitting":[],"cushions":[],"decorative_inner":[],"decorative_inserts":[],"side":[],"support":[],"front_doors":[],"top_front_doors":[],"seat_structure":[],"top_structure":[],"covering":[],"optional_shelf":[],"mirror":[],"side_panels":[],"centerpiece":[]},"accessories":"","related":[126281,126645,126649,126859,126860,126928,126932,126948,126949,126977,127251],"gallery":[19061,19062,59582,19064,59577,59587,19063,60950,19066,19067,40720],"product_sheet":"https:\/\/www.bontempi.it\/wp-content\/uploads\/2023\/03\/Cruz-01.80-87-20.26-27.pdf","attachments":null,"videos":[{"label":"Montaggio ed uso","file":""}],"silhouette":25582},"_links":{"self":[{"href":"https:\/\/www.bontempi.it\/es\/wp-json\/wp\/v2\/product\/143846","targetHints":{"allow":["GET"]}}],"collection":[{"href":"https:\/\/www.bontempi.it\/es\/wp-json\/wp\/v2\/product"}],"about":[{"href":"https:\/\/www.bontempi.it\/es\/wp-json\/wp\/v2\/types\/product"}],"acf:attachment":[{"embeddable":true,"href":"https:\/\/www.bontempi.it\/es\/wp-json\/wp\/v2\/media\/40720"},{"embeddable":true,"href":"https:\/\/www.bontempi.it\/es\/wp-json\/wp\/v2\/media\/19067"},{"embeddable":true,"href":"https:\/\/www.bontempi.it\/es\/wp-json\/wp\/v2\/media\/19066"},{"embeddable":true,"href":"https:\/\/www.bontempi.it\/es\/wp-json\/wp\/v2\/media\/60950"},{"embeddable":true,"href":"https:\/\/www.bontempi.it\/es\/wp-json\/wp\/v2\/media\/19063"},{"embeddable":true,"href":"https:\/\/www.bontempi.it\/es\/wp-json\/wp\/v2\/media\/59587"},{"embeddable":true,"href":"https:\/\/www.bontempi.it\/es\/wp-json\/wp\/v2\/media\/59577"},{"embeddable":true,"href":"https:\/\/www.bontempi.it\/es\/wp-json\/wp\/v2\/media\/19064"},{"embeddable":true,"href":"https:\/\/www.bontempi.it\/es\/wp-json\/wp\/v2\/media\/59582"},{"embeddable":true,"href":"https:\/\/www.bontempi.it\/es\/wp-json\/wp\/v2\/media\/19062"},{"embeddable":true,"href":"https:\/\/www.bontempi.it\/es\/wp-json\/wp\/v2\/media\/19061"}],"acf:post":[{"embeddable":true,"href":"https:\/\/www.bontempi.it\/es\/wp-json\/wp\/v2\/product\/127251"},{"embeddable":true,"href":"https:\/\/www.bontempi.it\/es\/wp-json\/wp\/v2\/product\/126977"},{"embeddable":true,"href":"https:\/\/www.bontempi.it\/es\/wp-json\/wp\/v2\/product\/126949"},{"embeddable":true,"href":"https:\/\/www.bontempi.it\/es\/wp-json\/wp\/v2\/product\/126948"},{"embeddable":true,"href":"https:\/\/www.bontempi.it\/es\/wp-json\/wp\/v2\/product\/126932"},{"embeddable":true,"href":"https:\/\/www.bontempi.it\/es\/wp-json\/wp\/v2\/product\/126928"},{"embeddable":true,"href":"https:\/\/www.bontempi.it\/es\/wp-json\/wp\/v2\/product\/126860"},{"embeddable":true,"href":"https:\/\/www.bontempi.it\/es\/wp-json\/wp\/v2\/product\/126859"},{"embeddable":true,"href":"https:\/\/www.bontempi.it\/es\/wp-json\/wp\/v2\/product\/126649"},{"embeddable":true,"href":"https:\/\/www.bontempi.it\/es\/wp-json\/wp\/v2\/product\/126645"},{"embeddable":true,"href":"https:\/\/www.bontempi.it\/es\/wp-json\/wp\/v2\/product\/126281"}],"acf:term":[{"embeddable":true,"taxonomy":"room","href":"https:\/\/www.bontempi.it\/es\/wp-json\/wp\/v2\/room\/75901"},{"embeddable":true,"taxonomy":"kind","href":"https:\/\/www.bontempi.it\/es\/wp-json\/wp\/v2\/kind\/75933"},{"embeddable":true,"taxonomy":"kind","href":"https:\/\/www.bontempi.it\/es\/wp-json\/wp\/v2\/kind\/75928"},{"embeddable":true,"taxonomy":"kind","href":"https:\/\/www.bontempi.it\/es\/wp-json\/wp\/v2\/kind\/75927"},{"embeddable":true,"taxonomy":"line","href":"https:\/\/www.bontempi.it\/es\/wp-json\/wp\/v2\/line\/77008"}],"wp:attachment":[{"href":"https:\/\/www.bontempi.it\/es\/wp-json\/wp\/v2\/media?parent=143846"}],"wp:term":[{"taxonomy":"line","embeddable":true,"href":"https:\/\/www.bontempi.it\/es\/wp-json\/wp\/v2\/line?post=143846"},{"taxonomy":"kind","embeddable":true,"href":"https:\/\/www.bontempi.it\/es\/wp-json\/wp\/v2\/kind?post=143846"},{"taxonomy":"room","embeddable":true,"href":"https:\/\/www.bontempi.it\/es\/wp-json\/wp\/v2\/room?post=143846"},{"taxonomy":"material","embeddable":true,"href":"https:\/\/www.bontempi.it\/es\/wp-json\/wp\/v2\/material?post=143846"},{"taxonomy":"color","embeddable":true,"href":"https:\/\/www.bontempi.it\/es\/wp-json\/wp\/v2\/color?post=143846"},{"taxonomy":"certification","embeddable":true,"href":"https:\/\/www.bontempi.it\/es\/wp-json\/wp\/v2\/certification?post=143846"}],"curies":[{"name":"wp","href":"https:\/\/api.w.org\/{rel}","templated":true}]}}