{"id":143796,"date":"2023-11-09T10:29:44","date_gmt":"2023-11-09T09:29:44","guid":{"rendered":"https:\/\/www.bontempi.it\/product\/comet-56-40\/"},"modified":"2025-09-23T16:21:47","modified_gmt":"2025-09-23T14:21:47","slug":"comet-56-40","status":"publish","type":"product","link":"https:\/\/www.bontempi.it\/es\/comet-5640\/","title":{"rendered":"Comet &#8211; 56.40"},"content":{"rendered":"<p>L\u00e1mpara de suspensi\u00f3n con flor\u00f3n negro y estructura de acero lacado lat\u00f3n oscuro. Incluye mando a distancia t\u00e1ctil para regulador de intensidad -Alcance 30 m &#8211; Receptor opcional.<\/p>\n","protected":false},"excerpt":{"rendered":"<p>L\u00e1mpara de suspensi\u00f3n con flor\u00f3n negro y estructura de acero lacado lat\u00f3n oscuro. Incluye mando a distancia t\u00e1ctil para regulador de intensidad -Alcance 30 m &#8211; Receptor opcional.<\/p>\n","protected":false},"featured_media":0,"template":"","line":[77001],"kind":[75911],"room":[75901,75902],"material":[76259],"color":[75865],"certification":[],"class_list":["post-143796","product","type-product","status-publish","hentry","line-comet-es","kind-lighting-es","room-kitchen-es","room-hall-es","material-m028-es","color-chocolate-es"],"acf":{"sku":"56.40","line":[77001],"is_accessory":false,"is_configurable":true,"kind":[75911],"rooms":[75901,75902],"seats":"","dimensions":{"diameter":"100","x":"","z":"3","y":""},"finishing":{"top":[],"structure":{"76259":76259},"lower_cuff":[],"upper_cuff":[],"matchable_top":[],"builtin_revolving_central_top":[],"throat":[],"lampshade":[],"back":[],"sitting":[],"cushions":[],"decorative_inner":[],"decorative_inserts":[],"side":[],"support":[],"front_doors":[],"top_front_doors":[],"seat_structure":[],"top_structure":[],"covering":[],"optional_shelf":[],"mirror":[],"side_panels":[],"centerpiece":[]},"colors":{"top":[],"structure":{"75865":75865},"lower_cuff":[],"upper_cuff":[],"matchable_top":[],"builtin_revolving_central_top":[],"throat":[],"lampshade":[],"back":[],"sitting":[],"cushions":[],"decorative_inner":[],"decorative_inserts":[],"side":[],"support":[],"front_doors":[],"top_front_doors":[],"seat_structure":[],"top_structure":[],"covering":[],"optional_shelf":[],"mirror":[],"side_panels":[],"centerpiece":[]},"accessories":"","related":[127252,127242,127257],"gallery":[104223,104478,104058],"product_sheet":"https:\/\/www.bontempi.it\/wp-content\/uploads\/2023\/03\/Comet-56.38-39-40.pdf","attachments":null,"videos":null,"silhouette":103788},"_links":{"self":[{"href":"https:\/\/www.bontempi.it\/es\/wp-json\/wp\/v2\/product\/143796","targetHints":{"allow":["GET"]}}],"collection":[{"href":"https:\/\/www.bontempi.it\/es\/wp-json\/wp\/v2\/product"}],"about":[{"href":"https:\/\/www.bontempi.it\/es\/wp-json\/wp\/v2\/types\/product"}],"acf:attachment":[{"embeddable":true,"href":"https:\/\/www.bontempi.it\/es\/wp-json\/wp\/v2\/media\/104058"},{"embeddable":true,"href":"https:\/\/www.bontempi.it\/es\/wp-json\/wp\/v2\/media\/104478"},{"embeddable":true,"href":"https:\/\/www.bontempi.it\/es\/wp-json\/wp\/v2\/media\/104223"}],"acf:post":[{"embeddable":true,"href":"https:\/\/www.bontempi.it\/es\/wp-json\/wp\/v2\/product\/127257"},{"embeddable":true,"href":"https:\/\/www.bontempi.it\/es\/wp-json\/wp\/v2\/product\/127242"},{"embeddable":true,"href":"https:\/\/www.bontempi.it\/es\/wp-json\/wp\/v2\/product\/127252"}],"acf:term":[{"embeddable":true,"taxonomy":"room","href":"https:\/\/www.bontempi.it\/es\/wp-json\/wp\/v2\/room\/75902"},{"embeddable":true,"taxonomy":"room","href":"https:\/\/www.bontempi.it\/es\/wp-json\/wp\/v2\/room\/75901"},{"embeddable":true,"taxonomy":"kind","href":"https:\/\/www.bontempi.it\/es\/wp-json\/wp\/v2\/kind\/75911"},{"embeddable":true,"taxonomy":"line","href":"https:\/\/www.bontempi.it\/es\/wp-json\/wp\/v2\/line\/77001"}],"wp:attachment":[{"href":"https:\/\/www.bontempi.it\/es\/wp-json\/wp\/v2\/media?parent=143796"}],"wp:term":[{"taxonomy":"line","embeddable":true,"href":"https:\/\/www.bontempi.it\/es\/wp-json\/wp\/v2\/line?post=143796"},{"taxonomy":"kind","embeddable":true,"href":"https:\/\/www.bontempi.it\/es\/wp-json\/wp\/v2\/kind?post=143796"},{"taxonomy":"room","embeddable":true,"href":"https:\/\/www.bontempi.it\/es\/wp-json\/wp\/v2\/room?post=143796"},{"taxonomy":"material","embeddable":true,"href":"https:\/\/www.bontempi.it\/es\/wp-json\/wp\/v2\/material?post=143796"},{"taxonomy":"color","embeddable":true,"href":"https:\/\/www.bontempi.it\/es\/wp-json\/wp\/v2\/color?post=143796"},{"taxonomy":"certification","embeddable":true,"href":"https:\/\/www.bontempi.it\/es\/wp-json\/wp\/v2\/certification?post=143796"}],"curies":[{"name":"wp","href":"https:\/\/api.w.org\/{rel}","templated":true}]}}