{"id":143740,"date":"2023-11-09T10:03:19","date_gmt":"2023-11-09T09:03:19","guid":{"rendered":"https:\/\/www.bontempi.it\/product\/charlotte-a-parete-16-64\/"},"modified":"2025-09-23T16:20:40","modified_gmt":"2025-09-23T14:20:40","slug":"charlotte-a-parete-16-64","status":"publish","type":"product","link":"https:\/\/www.bontempi.it\/es\/charlotte-de-pared-1664\/","title":{"rendered":"Charlotte de pared &#8211; 16.64"},"content":{"rendered":"<p>Librer\u00eda con fijaci\u00f3n a pared lista para colocar hasta un m\u00e1ximo de 20 estantes y\/o unidades de almacenamiento opcionales, estructura, barras transversales y detalles decorativos de acero lacado.<\/p>\n","protected":false},"excerpt":{"rendered":"<p>Librer\u00eda con fijaci\u00f3n a pared lista para colocar hasta un m\u00e1ximo de 20 estantes y\/o unidades de almacenamiento opcionales, estructura, barras transversales y detalles decorativos de acero lacado.<\/p>\n","protected":false},"featured_media":0,"template":"","line":[76981,76982],"kind":[75915,75916],"room":[],"material":[76253,76254,76255,76256,76259,76261,76263,76233,76236,76237,76252],"color":[75869,75876,75882,75887,75859,75861,75865,75867],"certification":[],"class_list":["post-143740","product","type-product","status-publish","hentry","line-charlotte-es","line-charlotte-parete-es","kind-bookcases-shelves-es","kind-bookcases-es","material-m327-es","material-m325-es","material-m329-es","material-m328-es","material-m028-es","material-m312-es","material-m307-es","material-m310-es","material-m326-es","material-m306-es","material-m055-es","color-grey-es","color-pink-gold-es","color-silver-es","color-white-es","color-beige-es","color-black-es","color-chocolate-es","color-gold-es"],"acf":{"sku":"16.64","line":[76982,76981],"is_accessory":false,"is_configurable":true,"kind":[75915,75916],"rooms":false,"seats":"","dimensions":{"diameter":"","x":"410","z":"37","y":"233"},"finishing":{"top":[],"structure":{"76233":76233,"76236":76236,"76237":76237,"76252":76252,"76253":76253,"76254":76254,"76255":76255,"76256":76256,"76259":76259,"76261":76261,"76263":76263},"lower_cuff":[],"upper_cuff":[],"matchable_top":[],"builtin_revolving_central_top":[],"throat":[],"lampshade":[],"back":[],"sitting":[],"cushions":[],"decorative_inner":[],"decorative_inserts":{"76233":76233,"76236":76236,"76237":76237,"76252":76252,"76253":76253,"76254":76254,"76255":76255,"76256":76256,"76259":76259,"76261":76261,"76263":76263},"side":[],"support":[],"front_doors":[],"top_front_doors":[],"seat_structure":[],"top_structure":[],"covering":[],"optional_shelf":[],"mirror":[],"side_panels":[],"centerpiece":[]},"colors":{"top":[],"structure":{"75869":75869,"75882":75882,"75887":75887,"75861":75861,"75867":75867,"75876":75876,"75865":75865,"75859":75859},"lower_cuff":[],"upper_cuff":[],"matchable_top":[],"builtin_revolving_central_top":[],"throat":[],"lampshade":[],"back":[],"sitting":[],"cushions":[],"decorative_inner":[],"decorative_inserts":{"75869":75869,"75882":75882,"75887":75887,"75861":75861,"75867":75867,"75876":75876,"75865":75865,"75859":75859},"side":[],"support":[],"front_doors":[],"top_front_doors":[],"seat_structure":[],"top_structure":[],"covering":[],"optional_shelf":[],"mirror":[],"side_panels":[],"centerpiece":[]},"accessories":[126723,126724,126725,126726],"related":[126710,126726,127255,127256],"gallery":[59452],"product_sheet":"https:\/\/www.bontempi.it\/wp-content\/uploads\/2023\/03\/Charlotte-16.64.pdf","attachments":null,"videos":[{"label":"Montaggio ed uso","file":""}],"silhouette":25623},"_links":{"self":[{"href":"https:\/\/www.bontempi.it\/es\/wp-json\/wp\/v2\/product\/143740","targetHints":{"allow":["GET"]}}],"collection":[{"href":"https:\/\/www.bontempi.it\/es\/wp-json\/wp\/v2\/product"}],"about":[{"href":"https:\/\/www.bontempi.it\/es\/wp-json\/wp\/v2\/types\/product"}],"acf:attachment":[{"embeddable":true,"href":"https:\/\/www.bontempi.it\/es\/wp-json\/wp\/v2\/media\/59452"}],"acf:post":[{"embeddable":true,"href":"https:\/\/www.bontempi.it\/es\/wp-json\/wp\/v2\/product\/127256"},{"embeddable":true,"href":"https:\/\/www.bontempi.it\/es\/wp-json\/wp\/v2\/product\/127255"},{"embeddable":true,"href":"https:\/\/www.bontempi.it\/es\/wp-json\/wp\/v2\/product\/126710"},{"embeddable":true,"href":"https:\/\/www.bontempi.it\/es\/wp-json\/wp\/v2\/product\/126726"},{"embeddable":true,"href":"https:\/\/www.bontempi.it\/es\/wp-json\/wp\/v2\/product\/126725"},{"embeddable":true,"href":"https:\/\/www.bontempi.it\/es\/wp-json\/wp\/v2\/product\/126724"},{"embeddable":true,"href":"https:\/\/www.bontempi.it\/es\/wp-json\/wp\/v2\/product\/126723"}],"acf:term":[{"embeddable":true,"taxonomy":"kind","href":"https:\/\/www.bontempi.it\/es\/wp-json\/wp\/v2\/kind\/75916"},{"embeddable":true,"taxonomy":"kind","href":"https:\/\/www.bontempi.it\/es\/wp-json\/wp\/v2\/kind\/75915"},{"embeddable":true,"taxonomy":"line","href":"https:\/\/www.bontempi.it\/es\/wp-json\/wp\/v2\/line\/76981"},{"embeddable":true,"taxonomy":"line","href":"https:\/\/www.bontempi.it\/es\/wp-json\/wp\/v2\/line\/76982"}],"wp:attachment":[{"href":"https:\/\/www.bontempi.it\/es\/wp-json\/wp\/v2\/media?parent=143740"}],"wp:term":[{"taxonomy":"line","embeddable":true,"href":"https:\/\/www.bontempi.it\/es\/wp-json\/wp\/v2\/line?post=143740"},{"taxonomy":"kind","embeddable":true,"href":"https:\/\/www.bontempi.it\/es\/wp-json\/wp\/v2\/kind?post=143740"},{"taxonomy":"room","embeddable":true,"href":"https:\/\/www.bontempi.it\/es\/wp-json\/wp\/v2\/room?post=143740"},{"taxonomy":"material","embeddable":true,"href":"https:\/\/www.bontempi.it\/es\/wp-json\/wp\/v2\/material?post=143740"},{"taxonomy":"color","embeddable":true,"href":"https:\/\/www.bontempi.it\/es\/wp-json\/wp\/v2\/color?post=143740"},{"taxonomy":"certification","embeddable":true,"href":"https:\/\/www.bontempi.it\/es\/wp-json\/wp\/v2\/certification?post=143740"}],"curies":[{"name":"wp","href":"https:\/\/api.w.org\/{rel}","templated":true}]}}