{"id":143704,"date":"2023-11-09T10:29:09","date_gmt":"2023-11-09T09:29:09","guid":{"rendered":"https:\/\/www.bontempi.it\/product\/blow-56-35stm\/"},"modified":"2025-09-23T16:20:00","modified_gmt":"2025-09-23T14:20:00","slug":"blow-56-35stm","status":"publish","type":"product","link":"https:\/\/www.bontempi.it\/es\/blow-5635stm\/","title":{"rendered":"Blow &#8211; 56.35STM"},"content":{"rendered":"<p>L\u00e1mpara de suspensi\u00f3n mediana para composiciones en racimo &#8211; Se puede combinar al flor\u00f3n m\u00faltiple 56.35RS, vendido por separado &#8211; Con estructura y descentrador de lat\u00f3n natural y cristal de borosilicato.<\/p>\n","protected":false},"excerpt":{"rendered":"<p>L\u00e1mpara de suspensi\u00f3n mediana para composiciones en racimo &#8211; Se puede combinar al flor\u00f3n m\u00faltiple 56.35RS, vendido por separado &#8211; Con estructura y descentrador de lat\u00f3n natural y cristal de borosilicato.<\/p>\n","protected":false},"featured_media":0,"template":"","line":[76973],"kind":[75911],"room":[75900,75902],"material":[75955,75956],"color":[75865,75884],"certification":[],"class_list":["post-143704","product","type-product","status-publish","hentry","line-blow-es","kind-lighting-es","room-contract-es","room-hall-es","material-v001-es","material-v009-es","color-chocolate-es","color-transparent-es"],"acf":{"sku":"56.35STM","line":[76973],"is_accessory":false,"is_configurable":true,"kind":[75911],"rooms":[75900,75902],"seats":"","dimensions":{"diameter":"21","x":"","z":"34","y":""},"finishing":{"top":[],"structure":{"76257":76257},"lower_cuff":[],"upper_cuff":[],"matchable_top":[],"builtin_revolving_central_top":[],"throat":[],"lampshade":{"75956":75956,"75955":75955},"back":[],"sitting":[],"cushions":[],"decorative_inner":[],"decorative_inserts":[],"side":[],"support":[],"front_doors":[],"top_front_doors":[],"seat_structure":[],"top_structure":[],"covering":[],"optional_shelf":[],"mirror":[],"side_panels":[],"centerpiece":[]},"colors":{"top":[],"structure":{"75865":75865},"lower_cuff":[],"upper_cuff":[],"matchable_top":[],"builtin_revolving_central_top":[],"throat":[],"lampshade":{"75865":75865,"75884":75884},"back":[],"sitting":[],"cushions":[],"decorative_inner":[],"decorative_inserts":[],"side":[],"support":[],"front_doors":[],"top_front_doors":[],"seat_structure":[],"top_structure":[],"covering":[],"optional_shelf":[],"mirror":[],"side_panels":[],"centerpiece":[]},"accessories":"","related":[126984,127139],"gallery":[11922],"product_sheet":"https:\/\/www.bontempi.it\/wp-content\/uploads\/2023\/03\/Blow-per-grappolo-5635STB_M_S.pdf","attachments":null,"videos":null,"silhouette":25796},"_links":{"self":[{"href":"https:\/\/www.bontempi.it\/es\/wp-json\/wp\/v2\/product\/143704","targetHints":{"allow":["GET"]}}],"collection":[{"href":"https:\/\/www.bontempi.it\/es\/wp-json\/wp\/v2\/product"}],"about":[{"href":"https:\/\/www.bontempi.it\/es\/wp-json\/wp\/v2\/types\/product"}],"acf:attachment":[{"embeddable":true,"href":"https:\/\/www.bontempi.it\/es\/wp-json\/wp\/v2\/media\/11922"}],"acf:post":[{"embeddable":true,"href":"https:\/\/www.bontempi.it\/es\/wp-json\/wp\/v2\/product\/127139"},{"embeddable":true,"href":"https:\/\/www.bontempi.it\/es\/wp-json\/wp\/v2\/product\/126984"}],"acf:term":[{"embeddable":true,"taxonomy":"room","href":"https:\/\/www.bontempi.it\/es\/wp-json\/wp\/v2\/room\/75902"},{"embeddable":true,"taxonomy":"room","href":"https:\/\/www.bontempi.it\/es\/wp-json\/wp\/v2\/room\/75900"},{"embeddable":true,"taxonomy":"kind","href":"https:\/\/www.bontempi.it\/es\/wp-json\/wp\/v2\/kind\/75911"},{"embeddable":true,"taxonomy":"line","href":"https:\/\/www.bontempi.it\/es\/wp-json\/wp\/v2\/line\/76973"}],"wp:attachment":[{"href":"https:\/\/www.bontempi.it\/es\/wp-json\/wp\/v2\/media?parent=143704"}],"wp:term":[{"taxonomy":"line","embeddable":true,"href":"https:\/\/www.bontempi.it\/es\/wp-json\/wp\/v2\/line?post=143704"},{"taxonomy":"kind","embeddable":true,"href":"https:\/\/www.bontempi.it\/es\/wp-json\/wp\/v2\/kind?post=143704"},{"taxonomy":"room","embeddable":true,"href":"https:\/\/www.bontempi.it\/es\/wp-json\/wp\/v2\/room?post=143704"},{"taxonomy":"material","embeddable":true,"href":"https:\/\/www.bontempi.it\/es\/wp-json\/wp\/v2\/material?post=143704"},{"taxonomy":"color","embeddable":true,"href":"https:\/\/www.bontempi.it\/es\/wp-json\/wp\/v2\/color?post=143704"},{"taxonomy":"certification","embeddable":true,"href":"https:\/\/www.bontempi.it\/es\/wp-json\/wp\/v2\/certification?post=143704"}],"curies":[{"name":"wp","href":"https:\/\/api.w.org\/{rel}","templated":true}]}}