{"id":143702,"date":"2023-11-09T10:29:09","date_gmt":"2023-11-09T09:29:09","guid":{"rendered":"https:\/\/www.bontempi.it\/product\/blow-56-35rs\/"},"modified":"2025-09-23T16:19:58","modified_gmt":"2025-09-23T14:19:58","slug":"blow-56-35rs","status":"publish","type":"product","link":"https:\/\/www.bontempi.it\/es\/blow-rosone-5635rs\/","title":{"rendered":"Blow rosone &#8211; 56.35RS"},"content":{"rendered":"<p>Flor\u00f3n m\u00faltiple de lat\u00f3n natural M352 dise\u00f1ado para conectar de 2 a 6 suspensiones Blow (56.35STB &#8211; 56.35STM &#8211; 56.35STS).<\/p>\n","protected":false},"excerpt":{"rendered":"<p>Flor\u00f3n m\u00faltiple de lat\u00f3n natural M352 dise\u00f1ado para conectar de 2 a 6 suspensiones Blow (56.35STB &#8211; 56.35STM &#8211; 56.35STS).<\/p>\n","protected":false},"featured_media":0,"template":"","line":[76973],"kind":[75911],"room":[75900,75902],"material":[76257],"color":[75865],"certification":[],"class_list":["post-143702","product","type-product","status-publish","hentry","line-blow-es","kind-lighting-es","room-contract-es","room-hall-es","material-m352-es","color-chocolate-es"],"acf":{"sku":"56.35RS","line":[76973],"is_accessory":false,"is_configurable":true,"kind":[75911],"rooms":[75900,75902],"seats":"","dimensions":{"diameter":"25","x":"","z":"5","y":""},"finishing":{"top":[],"structure":{"76257":76257},"lower_cuff":[],"upper_cuff":[],"matchable_top":[],"builtin_revolving_central_top":[],"throat":[],"lampshade":[],"back":[],"sitting":[],"cushions":[],"decorative_inner":[],"decorative_inserts":[],"side":[],"support":[],"front_doors":[],"top_front_doors":[],"seat_structure":[],"top_structure":[],"covering":[],"optional_shelf":[],"mirror":[],"side_panels":[],"centerpiece":[]},"colors":{"top":[],"structure":{"75865":75865},"lower_cuff":[],"upper_cuff":[],"matchable_top":[],"builtin_revolving_central_top":[],"throat":[],"lampshade":[],"back":[],"sitting":[],"cushions":[],"decorative_inner":[],"decorative_inserts":[],"side":[],"support":[],"front_doors":[],"top_front_doors":[],"seat_structure":[],"top_structure":[],"covering":[],"optional_shelf":[],"mirror":[],"side_panels":[],"centerpiece":[]},"accessories":"","related":[126984,127139],"gallery":"","product_sheet":"https:\/\/www.bontempi.it\/wp-content\/uploads\/2023\/03\/Blow-rosone-multiplo_5635RS.pdf","attachments":null,"videos":null,"silhouette":71004},"_links":{"self":[{"href":"https:\/\/www.bontempi.it\/es\/wp-json\/wp\/v2\/product\/143702","targetHints":{"allow":["GET"]}}],"collection":[{"href":"https:\/\/www.bontempi.it\/es\/wp-json\/wp\/v2\/product"}],"about":[{"href":"https:\/\/www.bontempi.it\/es\/wp-json\/wp\/v2\/types\/product"}],"acf:post":[{"embeddable":true,"href":"https:\/\/www.bontempi.it\/es\/wp-json\/wp\/v2\/product\/127139"},{"embeddable":true,"href":"https:\/\/www.bontempi.it\/es\/wp-json\/wp\/v2\/product\/126984"}],"acf:term":[{"embeddable":true,"taxonomy":"room","href":"https:\/\/www.bontempi.it\/es\/wp-json\/wp\/v2\/room\/75902"},{"embeddable":true,"taxonomy":"room","href":"https:\/\/www.bontempi.it\/es\/wp-json\/wp\/v2\/room\/75900"},{"embeddable":true,"taxonomy":"kind","href":"https:\/\/www.bontempi.it\/es\/wp-json\/wp\/v2\/kind\/75911"},{"embeddable":true,"taxonomy":"line","href":"https:\/\/www.bontempi.it\/es\/wp-json\/wp\/v2\/line\/76973"}],"wp:attachment":[{"href":"https:\/\/www.bontempi.it\/es\/wp-json\/wp\/v2\/media?parent=143702"}],"wp:term":[{"taxonomy":"line","embeddable":true,"href":"https:\/\/www.bontempi.it\/es\/wp-json\/wp\/v2\/line?post=143702"},{"taxonomy":"kind","embeddable":true,"href":"https:\/\/www.bontempi.it\/es\/wp-json\/wp\/v2\/kind?post=143702"},{"taxonomy":"room","embeddable":true,"href":"https:\/\/www.bontempi.it\/es\/wp-json\/wp\/v2\/room?post=143702"},{"taxonomy":"material","embeddable":true,"href":"https:\/\/www.bontempi.it\/es\/wp-json\/wp\/v2\/material?post=143702"},{"taxonomy":"color","embeddable":true,"href":"https:\/\/www.bontempi.it\/es\/wp-json\/wp\/v2\/color?post=143702"},{"taxonomy":"certification","embeddable":true,"href":"https:\/\/www.bontempi.it\/es\/wp-json\/wp\/v2\/certification?post=143702"}],"curies":[{"name":"wp","href":"https:\/\/api.w.org\/{rel}","templated":true}]}}