{"id":143697,"date":"2023-11-09T10:24:33","date_gmt":"2023-11-09T09:24:33","guid":{"rendered":"https:\/\/www.bontempi.it\/product\/barone-52-86\/"},"modified":"2025-09-23T16:19:52","modified_gmt":"2025-09-23T14:19:52","slug":"barone-52-86","status":"publish","type":"product","link":"https:\/\/www.bontempi.it\/es\/barone-5286\/","title":{"rendered":"Barone &#8211; 52.86"},"content":{"rendered":"<p>Mesa redonda extensible con estructura de acero lacado y tablero de cristal, cristal antiara\u00f1azos, supercer\u00e1mica y superm\u00e1rmol.<\/p>\n","protected":false},"excerpt":{"rendered":"<p>Mesa redonda extensible con estructura de acero lacado y tablero de cristal, cristal antiara\u00f1azos, supercer\u00e1mica y superm\u00e1rmol.<\/p>\n","protected":false},"featured_media":0,"template":"","line":[76970],"kind":[75927,75928,75934],"room":[],"material":[76233,76236,76237,76248,76251,76252,76253,76254,76255,76256,76259,76261,76263],"color":[75859,75861,75865,75867,75869,75873,75876,75882,75887],"certification":[],"class_list":["post-143697","product","type-product","status-publish","hentry","line-barone-es","kind-tables-es","kind-extendible-es","kind-extendible-round-es","material-m310-es","material-m326-es","material-m306-es","material-m097-es","material-mc01-es","material-m055-es","material-m327-es","material-m325-es","material-m329-es","material-m328-es","material-m028-es","material-m312-es","material-m307-es","color-beige-es","color-black-es","color-chocolate-es","color-gold-es","color-grey-es","color-multicolor-es","color-pink-gold-es","color-silver-es","color-white-es"],"acf":{"sku":"52.86","line":[76970],"is_accessory":false,"is_configurable":true,"kind":[75927,75928,75934],"rooms":false,"seats":"8","dimensions":{"diameter":"","x":"175","z":"125","y":"75"},"finishing":{"top":{"75958":75958,"75961":75961,"75966":75966,"75972":75972,"75987":75987,"75990":75990,"76003":76003,"76804":76804,"76806":76806,"76807":76807,"76809":76809,"76810":76810,"76811":76811,"76869":76869,"76813":76813,"76177":76177,"76178":76178,"76190":76190,"76192":76192,"76193":76193,"76194":76194,"76195":76195,"76181":76181,"76182":76182,"76183":76183,"76184":76184,"76186":76186,"76187":76187,"76188":76188,"76189":76189,"76204":76204,"77585":77585,"77587":77587},"structure":{"76233":76233,"76236":76236,"76237":76237,"76248":76248,"76251":76251,"76252":76252,"76253":76253,"76254":76254,"76255":76255,"76256":76256,"76259":76259,"76261":76261,"76263":76263},"lower_cuff":[],"upper_cuff":[],"matchable_top":[],"builtin_revolving_central_top":[],"throat":[],"lampshade":[],"back":[],"sitting":[],"cushions":[],"decorative_inner":[],"decorative_inserts":[],"side":[],"support":[],"front_doors":[],"top_front_doors":[],"seat_structure":[],"top_structure":[],"covering":[],"optional_shelf":[],"mirror":[],"side_panels":[],"centerpiece":[]},"colors":{"top":{"75869":75869,"75887":75887,"75861":75861,"75859":75859,"75884":75884,"75865":75865,"75873":75873,"75875":75875},"structure":{"75869":75869,"75882":75882,"75887":75887,"75873":75873,"75861":75861,"75867":75867,"75876":75876,"75865":75865,"75859":75859},"lower_cuff":[],"upper_cuff":[],"matchable_top":[],"builtin_revolving_central_top":[],"throat":[],"lampshade":[],"back":[],"sitting":[],"cushions":[],"decorative_inner":[],"decorative_inserts":[],"side":[],"support":[],"front_doors":[],"top_front_doors":[],"seat_structure":[],"top_structure":[],"covering":[],"optional_shelf":[],"mirror":[],"side_panels":[],"centerpiece":[]},"accessories":"","related":[126935],"gallery":[11141,60833,60828,18774],"product_sheet":"https:\/\/www.bontempi.it\/wp-content\/uploads\/2023\/03\/Barone-52.86-Allungabile.pdf","attachments":null,"videos":[{"label":"Montaggio ed uso","file":""}],"silhouette":25749},"_links":{"self":[{"href":"https:\/\/www.bontempi.it\/es\/wp-json\/wp\/v2\/product\/143697","targetHints":{"allow":["GET"]}}],"collection":[{"href":"https:\/\/www.bontempi.it\/es\/wp-json\/wp\/v2\/product"}],"about":[{"href":"https:\/\/www.bontempi.it\/es\/wp-json\/wp\/v2\/types\/product"}],"acf:attachment":[{"embeddable":true,"href":"https:\/\/www.bontempi.it\/es\/wp-json\/wp\/v2\/media\/18774"},{"embeddable":true,"href":"https:\/\/www.bontempi.it\/es\/wp-json\/wp\/v2\/media\/60828"},{"embeddable":true,"href":"https:\/\/www.bontempi.it\/es\/wp-json\/wp\/v2\/media\/60833"},{"embeddable":true,"href":"https:\/\/www.bontempi.it\/es\/wp-json\/wp\/v2\/media\/11141"}],"acf:post":[{"embeddable":true,"href":"https:\/\/www.bontempi.it\/es\/wp-json\/wp\/v2\/product\/126935"}],"acf:term":[{"embeddable":true,"taxonomy":"kind","href":"https:\/\/www.bontempi.it\/es\/wp-json\/wp\/v2\/kind\/75934"},{"embeddable":true,"taxonomy":"kind","href":"https:\/\/www.bontempi.it\/es\/wp-json\/wp\/v2\/kind\/75928"},{"embeddable":true,"taxonomy":"kind","href":"https:\/\/www.bontempi.it\/es\/wp-json\/wp\/v2\/kind\/75927"},{"embeddable":true,"taxonomy":"line","href":"https:\/\/www.bontempi.it\/es\/wp-json\/wp\/v2\/line\/76970"}],"wp:attachment":[{"href":"https:\/\/www.bontempi.it\/es\/wp-json\/wp\/v2\/media?parent=143697"}],"wp:term":[{"taxonomy":"line","embeddable":true,"href":"https:\/\/www.bontempi.it\/es\/wp-json\/wp\/v2\/line?post=143697"},{"taxonomy":"kind","embeddable":true,"href":"https:\/\/www.bontempi.it\/es\/wp-json\/wp\/v2\/kind?post=143697"},{"taxonomy":"room","embeddable":true,"href":"https:\/\/www.bontempi.it\/es\/wp-json\/wp\/v2\/room?post=143697"},{"taxonomy":"material","embeddable":true,"href":"https:\/\/www.bontempi.it\/es\/wp-json\/wp\/v2\/material?post=143697"},{"taxonomy":"color","embeddable":true,"href":"https:\/\/www.bontempi.it\/es\/wp-json\/wp\/v2\/color?post=143697"},{"taxonomy":"certification","embeddable":true,"href":"https:\/\/www.bontempi.it\/es\/wp-json\/wp\/v2\/certification?post=143697"}],"curies":[{"name":"wp","href":"https:\/\/api.w.org\/{rel}","templated":true}]}}