{"id":143675,"date":"2023-11-09T10:03:19","date_gmt":"2023-11-09T09:03:19","guid":{"rendered":"https:\/\/www.bontempi.it\/product\/atena-16-31\/"},"modified":"2025-09-23T16:19:32","modified_gmt":"2025-09-23T14:19:32","slug":"atena-16-31","status":"publish","type":"product","link":"https:\/\/www.bontempi.it\/es\/atena-1631\/","title":{"rendered":"Atena &#8211; 16.31"},"content":{"rendered":"<p>M\u00f3dulo de librer\u00eda con estructura de chapa de acero lacado, sin parte trasera, no independiente. Tablero de cristal opcional y z\u00f3calo de lat\u00f3n oscuro o acero lacado negro mate opcional.<\/p>\n","protected":false},"excerpt":{"rendered":"<p>M\u00f3dulo de librer\u00eda con estructura de chapa de acero lacado, sin parte trasera, no independiente. Tablero de cristal opcional y z\u00f3calo de lat\u00f3n oscuro o acero lacado negro mate opcional.<\/p>\n","protected":false},"featured_media":0,"template":"","line":[76965],"kind":[75915,75916],"room":[],"material":[75966,75990],"color":[75861],"certification":[],"class_list":["post-143675","product","type-product","status-publish","hentry","line-atena-es","kind-bookcases-shelves-es","kind-bookcases-es","material-c185s-es","material-c152-es","color-black-es"],"acf":{"sku":"16.31","line":[76965],"is_accessory":false,"is_configurable":false,"kind":[75915,75916],"rooms":false,"seats":"","dimensions":{"diameter":"","x":"58","z":"32","y":"87"},"finishing":{"top":[],"structure":{"76252":76252,"76259":76259,"76261":76261},"lower_cuff":[],"upper_cuff":[],"matchable_top":{"75966":75966,"75990":75990},"builtin_revolving_central_top":[],"throat":[],"lampshade":[],"back":[],"sitting":[],"cushions":[],"decorative_inner":[],"decorative_inserts":[],"side":[],"support":[],"front_doors":[],"top_front_doors":[],"seat_structure":[],"top_structure":[],"covering":[],"optional_shelf":[],"mirror":[],"side_panels":[],"centerpiece":[]},"colors":{"top":[],"structure":{"75861":75861,"75865":75865,"75859":75859},"lower_cuff":[],"upper_cuff":[],"matchable_top":{"75861":75861},"builtin_revolving_central_top":[],"throat":[],"lampshade":[],"back":[],"sitting":[],"cushions":[],"decorative_inner":[],"decorative_inserts":[],"side":[],"support":[],"front_doors":[],"top_front_doors":[],"seat_structure":[],"top_structure":[],"covering":[],"optional_shelf":[],"mirror":[],"side_panels":[],"centerpiece":[]},"accessories":"","related":"","gallery":[123589,123584,123599,123609,123649],"product_sheet":"","attachments":null,"videos":null,"silhouette":123979},"_links":{"self":[{"href":"https:\/\/www.bontempi.it\/es\/wp-json\/wp\/v2\/product\/143675","targetHints":{"allow":["GET"]}}],"collection":[{"href":"https:\/\/www.bontempi.it\/es\/wp-json\/wp\/v2\/product"}],"about":[{"href":"https:\/\/www.bontempi.it\/es\/wp-json\/wp\/v2\/types\/product"}],"acf:attachment":[{"embeddable":true,"href":"https:\/\/www.bontempi.it\/es\/wp-json\/wp\/v2\/media\/123649"},{"embeddable":true,"href":"https:\/\/www.bontempi.it\/es\/wp-json\/wp\/v2\/media\/123609"},{"embeddable":true,"href":"https:\/\/www.bontempi.it\/es\/wp-json\/wp\/v2\/media\/123599"},{"embeddable":true,"href":"https:\/\/www.bontempi.it\/es\/wp-json\/wp\/v2\/media\/123584"},{"embeddable":true,"href":"https:\/\/www.bontempi.it\/es\/wp-json\/wp\/v2\/media\/123589"}],"acf:term":[{"embeddable":true,"taxonomy":"kind","href":"https:\/\/www.bontempi.it\/es\/wp-json\/wp\/v2\/kind\/75916"},{"embeddable":true,"taxonomy":"kind","href":"https:\/\/www.bontempi.it\/es\/wp-json\/wp\/v2\/kind\/75915"},{"embeddable":true,"taxonomy":"line","href":"https:\/\/www.bontempi.it\/es\/wp-json\/wp\/v2\/line\/76965"}],"wp:attachment":[{"href":"https:\/\/www.bontempi.it\/es\/wp-json\/wp\/v2\/media?parent=143675"}],"wp:term":[{"taxonomy":"line","embeddable":true,"href":"https:\/\/www.bontempi.it\/es\/wp-json\/wp\/v2\/line?post=143675"},{"taxonomy":"kind","embeddable":true,"href":"https:\/\/www.bontempi.it\/es\/wp-json\/wp\/v2\/kind?post=143675"},{"taxonomy":"room","embeddable":true,"href":"https:\/\/www.bontempi.it\/es\/wp-json\/wp\/v2\/room?post=143675"},{"taxonomy":"material","embeddable":true,"href":"https:\/\/www.bontempi.it\/es\/wp-json\/wp\/v2\/material?post=143675"},{"taxonomy":"color","embeddable":true,"href":"https:\/\/www.bontempi.it\/es\/wp-json\/wp\/v2\/color?post=143675"},{"taxonomy":"certification","embeddable":true,"href":"https:\/\/www.bontempi.it\/es\/wp-json\/wp\/v2\/certification?post=143675"}],"curies":[{"name":"wp","href":"https:\/\/api.w.org\/{rel}","templated":true}]}}