{"id":142015,"date":"2024-06-28T11:47:53","date_gmt":"2024-06-28T09:47:53","guid":{"rendered":"https:\/\/www.bontempi.it\/contract-demo\/"},"modified":"2025-09-04T16:08:06","modified_gmt":"2025-09-04T14:08:06","slug":"contract-demo","status":"publish","type":"page","link":"https:\/\/www.bontempi.it\/es\/contract\/","title":{"rendered":"Contract"},"content":{"rendered":"<p>El mobiliario y el dise\u00f1o son elementos clave para el \u00e9xito comercial. Las colecciones, extremadamente contempor\u00e1neas y vers\u00e1tiles, pensadas para satisfacer tanto los espacios grandes como los peque\u00f1os, responden a las necesidades de practicidad y buen gusto. La amplia gama de propuestas de mobiliario permite dar vida a proyectos \u00fanicos, ofreciendo soluciones sofisticadas y a la vez funcionales, creando ambientes sugerentes en el sector de la hosteler\u00eda, la restauraci\u00f3n, las zonas de descanso y los complejos tur\u00edsticos. La gama crom\u00e1tica de los acabados, desde los tonos ic\u00f3nicos hasta los m\u00e1s frescos y brillantes, y los tejidos utilizados para los revestimientos se adaptan f\u00e1cilmente tanto a los contextos cl\u00e1sicos como a los m\u00e1s contempor\u00e1neos. Elegante, refinado, exclusivo, chic, el espacio atrae y genera emociones, y un lugar especial siempre queda grabado en la memoria.<\/p>\n","protected":false},"excerpt":{"rendered":"<p>El mobiliario y el dise\u00f1o son elementos clave para el \u00e9xito comercial. Las colecciones, extremadamente contempor\u00e1neas y vers\u00e1tiles, pensadas para satisfacer tanto los espacios grandes como los peque\u00f1os, responden a las necesidades de practicidad y buen gusto. La amplia gama de propuestas de mobiliario permite dar vida a proyectos \u00fanicos, ofreciendo soluciones sofisticadas y a [&hellip;]<\/p>\n","protected":false},"author":1,"featured_media":142016,"parent":0,"menu_order":0,"comment_status":"closed","ping_status":"closed","template":"page-contract.php","meta":{"inline_featured_image":false,"footnotes":""},"class_list":["post-142015","page","type-page","status-publish","has-post-thumbnail","hentry"],"acf":{"gallery":[138635]},"_links":{"self":[{"href":"https:\/\/www.bontempi.it\/es\/wp-json\/wp\/v2\/pages\/142015","targetHints":{"allow":["GET"]}}],"collection":[{"href":"https:\/\/www.bontempi.it\/es\/wp-json\/wp\/v2\/pages"}],"about":[{"href":"https:\/\/www.bontempi.it\/es\/wp-json\/wp\/v2\/types\/page"}],"author":[{"embeddable":true,"href":"https:\/\/www.bontempi.it\/es\/wp-json\/wp\/v2\/users\/1"}],"replies":[{"embeddable":true,"href":"https:\/\/www.bontempi.it\/es\/wp-json\/wp\/v2\/comments?post=142015"}],"version-history":[{"count":1,"href":"https:\/\/www.bontempi.it\/es\/wp-json\/wp\/v2\/pages\/142015\/revisions"}],"predecessor-version":[{"id":142017,"href":"https:\/\/www.bontempi.it\/es\/wp-json\/wp\/v2\/pages\/142015\/revisions\/142017"}],"acf:attachment":[{"embeddable":true,"href":"https:\/\/www.bontempi.it\/es\/wp-json\/wp\/v2\/media\/138635"}],"wp:featuredmedia":[{"embeddable":true,"href":"https:\/\/www.bontempi.it\/es\/wp-json\/wp\/v2\/media\/142016"}],"wp:attachment":[{"href":"https:\/\/www.bontempi.it\/es\/wp-json\/wp\/v2\/media?parent=142015"}],"curies":[{"name":"wp","href":"https:\/\/api.w.org\/{rel}","templated":true}]}}