{"id":142008,"date":"2024-07-19T13:23:03","date_gmt":"2024-07-19T11:23:03","guid":{"rendered":"https:\/\/www.bontempi.it\/bontempi-space\/"},"modified":"2026-02-24T14:09:07","modified_gmt":"2026-02-24T13:09:07","slug":"bontempi-space","status":"publish","type":"page","link":"https:\/\/www.bontempi.it\/es\/bontempi-space\/","title":{"rendered":"Bontempi Space"},"content":{"rendered":"","protected":false},"excerpt":{"rendered":"<p class=\"p1\">Vive la elegancia, sofisticaci\u00f3n y singularidad que transmite la extraordinaria calidad de la gama de productos Bontempi.<\/p>\n","protected":false},"author":1,"featured_media":161091,"parent":0,"menu_order":0,"comment_status":"closed","ping_status":"closed","template":"page-bontempispace.php","meta":{"inline_featured_image":false,"footnotes":""},"class_list":["post-142008","page","type-page","status-publish","has-post-thumbnail","hentry"],"acf":{"brochure":138490,"content":{"what":{"title":"\u00bfQu\u00e9 es Bontempi Space?","body":"<p class=\"p1\">El Bontempi Space es una zona dedicada a mostrar la excelencia de Bontempi. Un entorno en el que cada elemento se cuida hasta el m\u00e1s m\u00ednimo detalle para ofrecer una experiencia completa y sofisticada. Cada Bontempi Space es un ejemplo tangible de c\u00f3mo nuestra filosof\u00eda de dise\u00f1o puede transformar un espacio en una obra de arte funcional y elegante.<\/p>"},"why":{"title":"Por qu\u00e9 instalar un Bontempi Space.","body":"<p class=\"p1\">El Bontempi Space representa la s\u00edntesis perfecta de la artesan\u00eda tradicional y la innovaci\u00f3n contempor\u00e1nea, realzando la calidad y sofisticaci\u00f3n del dise\u00f1o italiano. Es un lugar donde la visi\u00f3n est\u00e9tica se une a la funcionalidad, permitiendo apreciar cada detalle de nuestra producci\u00f3n.<\/p>"}},"kinds":{"title":"Tipos de Bontempi Space","body":"El Bontempi Space est\u00e1 dise\u00f1ado para adaptarse a diferentes necesidades de espacio y estilo. Ofrecemos soluciones flexibles en varios tama\u00f1os, que se integran armoniosamente en su sala de exposici\u00f3n:","versions":[{"area":"30","images":[138438,138433],"body":"Un ambiente acogedor y sofisticado, ideal para espacios compactos, donde cada elemento expresa a la perfecci\u00f3n el concepto de dise\u00f1o funcional."},{"area":"60","images":[138443,138448],"body":"Una zona vers\u00e1til que permite una mayor articulaci\u00f3n del espacio, combinando diferentes \u00e1reas de uso en un entorno cohesionado y refinado"},{"area":"100","images":[138453,138458],"body":"Una exposici\u00f3n m\u00e1s amplia y articulada que muestra la gama completa de nuestras soluciones de vivienda, creando una experiencia en el recorrido del visitante."},{"area":"150","images":[138468,138463],"body":"Una experiencia en la que cada zona de la casa encuentra su expresi\u00f3n perfecta, ofreciendo una visi\u00f3n integral del mundo de Bontempi."}]},"advantages":{"title":"Ventajas de Bontempi Space","body":"","list":[{"title":"Experiencia inmersiva","body":"<p class=\"p1\">Ofrece a tus clientes una experiencia inmersiva en el dise\u00f1o de Bontempi, que les permitir\u00e1 percibir la calidad y elegancia de nuestros productos en un contexto real.<\/p>"},{"title":"Versatilidad y personalizaci\u00f3n","body":"<p class=\"p1\">Adaptamos el Bontempi Space a las necesidades espec\u00edficas de tu showroom, con soluciones a medida para cada tama\u00f1o y estilo de espacio.<\/p>"},{"title":"Apoyo exclusivo","body":"<p class=\"p1\">Disfruta de nuestro apoyo espec\u00edfico, que ir\u00e1 del dise\u00f1o a la activaci\u00f3n del Bontempi Space, lo que garantizar\u00e1 que cada detalle est\u00e9 perfectamente cuidado y en l\u00ednea con nuestra filosof\u00eda de elegancia atemporal.<\/p>"}]},"socialwall":[138730,138715,138700,138720,138725]},"_links":{"self":[{"href":"https:\/\/www.bontempi.it\/es\/wp-json\/wp\/v2\/pages\/142008","targetHints":{"allow":["GET"]}}],"collection":[{"href":"https:\/\/www.bontempi.it\/es\/wp-json\/wp\/v2\/pages"}],"about":[{"href":"https:\/\/www.bontempi.it\/es\/wp-json\/wp\/v2\/types\/page"}],"author":[{"embeddable":true,"href":"https:\/\/www.bontempi.it\/es\/wp-json\/wp\/v2\/users\/1"}],"replies":[{"embeddable":true,"href":"https:\/\/www.bontempi.it\/es\/wp-json\/wp\/v2\/comments?post=142008"}],"version-history":[{"count":2,"href":"https:\/\/www.bontempi.it\/es\/wp-json\/wp\/v2\/pages\/142008\/revisions"}],"predecessor-version":[{"id":142012,"href":"https:\/\/www.bontempi.it\/es\/wp-json\/wp\/v2\/pages\/142008\/revisions\/142012"}],"acf:attachment":[{"embeddable":true,"href":"https:\/\/www.bontempi.it\/es\/wp-json\/wp\/v2\/media\/138725"},{"embeddable":true,"href":"https:\/\/www.bontempi.it\/es\/wp-json\/wp\/v2\/media\/138720"},{"embeddable":true,"href":"https:\/\/www.bontempi.it\/es\/wp-json\/wp\/v2\/media\/138700"},{"embeddable":true,"href":"https:\/\/www.bontempi.it\/es\/wp-json\/wp\/v2\/media\/138715"},{"embeddable":true,"href":"https:\/\/www.bontempi.it\/es\/wp-json\/wp\/v2\/media\/138730"}],"wp:featuredmedia":[{"embeddable":true,"href":"https:\/\/www.bontempi.it\/es\/wp-json\/wp\/v2\/media\/161091"}],"wp:attachment":[{"href":"https:\/\/www.bontempi.it\/es\/wp-json\/wp\/v2\/media?parent=142008"}],"curies":[{"name":"wp","href":"https:\/\/api.w.org\/{rel}","templated":true}]}}