{"id":141982,"date":"2022-02-28T18:10:44","date_gmt":"2022-02-28T17:10:44","guid":{"rendered":"https:\/\/www.bontempi.it\/la-nostra-storia\/"},"modified":"2025-09-24T16:22:29","modified_gmt":"2025-09-24T14:22:29","slug":"la-nostra-storia","status":"publish","type":"page","link":"https:\/\/www.bontempi.it\/es\/quienes-somos\/","title":{"rendered":"Qui\u00e9nes somos"},"content":{"rendered":"<p class=\"p1\">M\u00e1s de 60 a\u00f1os de investigaci\u00f3n continua en busca de la belleza, el confort y la calidad absoluta. La mirada siempre puesta en el futuro, aunando colaboraciones y avances en el mercado. Bontempi es hoy una encrucijada de valores donde confluyen el saber hacer en dise\u00f1o y materiales, el dise\u00f1o, la tecnolog\u00eda, la calidad de fabricaci\u00f3n y los conocimientos ancestrales.<\/p>\n<p class=\"p1\">Desde 1963, Alessandro y Giancarlo Bontempi han convertido su pasi\u00f3n en una empresa. Su primera empresa, Mobilfer, especializada en el trabajo artesanal del metal, mostraba un enfoque renovado de los materiales que marc\u00f3 el rumbo y supuso un punto de inflexi\u00f3n, permiti\u00e9ndoles llegar a un producto final con caracter\u00edsticas nunca vistas. As\u00ed, entre los a\u00f1os setenta y ochenta, se inaugura la nueva f\u00e1brica y nace la marca Bontempi, con nuevas colecciones de mesas, sillas, taburetes y complementos.<\/p>\n","protected":false},"excerpt":{"rendered":"<p>M\u00e1s de 60 a\u00f1os de investigaci\u00f3n continua en busca de la belleza, el confort y la calidad absoluta. La mirada siempre puesta en el futuro, aunando colaboraciones y avances en el mercado. Bontempi es hoy una encrucijada de valores donde confluyen el saber hacer en dise\u00f1o y materiales, el dise\u00f1o, la tecnolog\u00eda, la calidad de [&hellip;]<\/p>\n","protected":false},"author":1,"featured_media":0,"parent":0,"menu_order":0,"comment_status":"closed","ping_status":"closed","template":"page-about.php","meta":{"inline_featured_image":false,"footnotes":""},"class_list":["post-141982","page","type-page","status-publish","hentry"],"acf":{"lines_slider":[73276,73261,73274,75358,75707,75545,75784,75539,75361,73473,75544,75542,75355,73366,75712,73323,73319,73391],"gallery":""},"_links":{"self":[{"href":"https:\/\/www.bontempi.it\/es\/wp-json\/wp\/v2\/pages\/141982","targetHints":{"allow":["GET"]}}],"collection":[{"href":"https:\/\/www.bontempi.it\/es\/wp-json\/wp\/v2\/pages"}],"about":[{"href":"https:\/\/www.bontempi.it\/es\/wp-json\/wp\/v2\/types\/page"}],"author":[{"embeddable":true,"href":"https:\/\/www.bontempi.it\/es\/wp-json\/wp\/v2\/users\/1"}],"replies":[{"embeddable":true,"href":"https:\/\/www.bontempi.it\/es\/wp-json\/wp\/v2\/comments?post=141982"}],"version-history":[{"count":1,"href":"https:\/\/www.bontempi.it\/es\/wp-json\/wp\/v2\/pages\/141982\/revisions"}],"predecessor-version":[{"id":142007,"href":"https:\/\/www.bontempi.it\/es\/wp-json\/wp\/v2\/pages\/141982\/revisions\/142007"}],"acf:term":[{"embeddable":true,"taxonomy":"line","href":"https:\/\/www.bontempi.it\/es\/wp-json\/wp\/v2\/line\/73391"},{"embeddable":true,"taxonomy":"line","href":"https:\/\/www.bontempi.it\/es\/wp-json\/wp\/v2\/line\/73319"},{"embeddable":true,"taxonomy":"line","href":"https:\/\/www.bontempi.it\/es\/wp-json\/wp\/v2\/line\/73323"},{"embeddable":true,"taxonomy":"line","href":"https:\/\/www.bontempi.it\/es\/wp-json\/wp\/v2\/line\/75712"},{"embeddable":true,"taxonomy":"line","href":"https:\/\/www.bontempi.it\/es\/wp-json\/wp\/v2\/line\/73366"},{"embeddable":true,"taxonomy":"line","href":"https:\/\/www.bontempi.it\/es\/wp-json\/wp\/v2\/line\/75355"},{"embeddable":true,"taxonomy":"line","href":"https:\/\/www.bontempi.it\/es\/wp-json\/wp\/v2\/line\/75542"},{"embeddable":true,"taxonomy":"line","href":"https:\/\/www.bontempi.it\/es\/wp-json\/wp\/v2\/line\/75544"},{"embeddable":true,"taxonomy":"line","href":"https:\/\/www.bontempi.it\/es\/wp-json\/wp\/v2\/line\/73473"},{"embeddable":true,"taxonomy":"line","href":"https:\/\/www.bontempi.it\/es\/wp-json\/wp\/v2\/line\/75361"},{"embeddable":true,"taxonomy":"line","href":"https:\/\/www.bontempi.it\/es\/wp-json\/wp\/v2\/line\/75539"},{"embeddable":true,"taxonomy":"line","href":"https:\/\/www.bontempi.it\/es\/wp-json\/wp\/v2\/line\/75784"},{"embeddable":true,"taxonomy":"line","href":"https:\/\/www.bontempi.it\/es\/wp-json\/wp\/v2\/line\/75545"},{"embeddable":true,"taxonomy":"line","href":"https:\/\/www.bontempi.it\/es\/wp-json\/wp\/v2\/line\/75707"},{"embeddable":true,"taxonomy":"line","href":"https:\/\/www.bontempi.it\/es\/wp-json\/wp\/v2\/line\/75358"},{"embeddable":true,"taxonomy":"line","href":"https:\/\/www.bontempi.it\/es\/wp-json\/wp\/v2\/line\/73274"},{"embeddable":true,"taxonomy":"line","href":"https:\/\/www.bontempi.it\/es\/wp-json\/wp\/v2\/line\/73261"},{"embeddable":true,"taxonomy":"line","href":"https:\/\/www.bontempi.it\/es\/wp-json\/wp\/v2\/line\/73276"}],"wp:attachment":[{"href":"https:\/\/www.bontempi.it\/es\/wp-json\/wp\/v2\/media?parent=141982"}],"curies":[{"name":"wp","href":"https:\/\/api.w.org\/{rel}","templated":true}]}}