{"id":143590,"date":"2025-09-23T14:56:56","date_gmt":"2025-09-23T12:56:56","guid":{"rendered":"https:\/\/www.bontempi.it\/product\/helena-18-76\/"},"modified":"2025-09-23T16:13:24","modified_gmt":"2025-09-23T14:13:24","slug":"helena-18-76","status":"publish","type":"product","link":"https:\/\/www.bontempi.it\/de\/helena-1876\/","title":{"rendered":"Helena &#8211; 18.76"},"content":{"rendered":"<p>B\u00fccherregal mit Struktur und Regalb\u00f6den aus Stahl, mit 4 optionalen oberen Regalb\u00f6den.<\/p>\n","protected":false},"excerpt":{"rendered":"<p>B\u00fccherregal mit Struktur und Regalb\u00f6den aus Stahl, mit 4 optionalen oberen Regalb\u00f6den.<\/p>\n","protected":false},"featured_media":0,"template":"","line":[76927,77572],"kind":[71051,71052],"room":[71478,71480],"material":[69984,69987,70000,70004,70011,70013,70241,70243,75899],"color":[60699,77268,77269,77270,77281],"certification":[],"class_list":["post-143590","product","type-product","status-publish","hentry","line-helena-de","line-helena-bookcase-de","kind-bookcases-shelves-de","kind-bookcases-de","room-contract-de","room-living-de","material-m310-de","material-m306-de","material-m097-de","material-m055-de","material-m028-de","material-m312-de","material-cm005a-de","material-cm025a-de","material-cm027a-de-de","color-beige-de","color-black-de","color-grey-de","color-white-de","color-chocolate-de"],"acf":{"sku":"18.76","line":[76927,77572],"is_accessory":false,"is_configurable":true,"kind":[71051,71052],"rooms":[71478,71480],"seats":"","dimensions":{"diameter":"","x":"180","z":"40","y":"184"},"finishing":{"top":[],"structure":{"69984":69984,"69987":69987,"70000":70000,"70004":70004,"70011":70011,"70013":70013},"lower_cuff":[],"upper_cuff":[],"matchable_top":[],"builtin_revolving_central_top":[],"throat":[],"lampshade":[],"back":[],"sitting":[],"cushions":[],"decorative_inner":[],"decorative_inserts":[],"side":[],"support":[],"front_doors":[],"top_front_doors":[],"seat_structure":[],"top_structure":[],"covering":[],"optional_shelf":[],"mirror":[],"side_panels":[],"centerpiece":[]},"colors":{"top":[],"structure":{"77269":77269,"77270":77270,"77268":77268,"77281":77281,"60699":60699},"lower_cuff":[],"upper_cuff":[],"matchable_top":[],"builtin_revolving_central_top":[],"throat":[],"lampshade":[],"back":[],"sitting":[],"cushions":[],"decorative_inner":[],"decorative_inserts":[],"side":[],"support":[],"front_doors":[],"top_front_doors":[],"seat_structure":[],"top_structure":[],"covering":[],"optional_shelf":[],"mirror":[],"side_panels":[],"centerpiece":[]},"accessories":"","related":"","gallery":[142323],"product_sheet":"","attachments":null,"videos":null,"silhouette":143074},"_links":{"self":[{"href":"https:\/\/www.bontempi.it\/de\/wp-json\/wp\/v2\/product\/143590","targetHints":{"allow":["GET"]}}],"collection":[{"href":"https:\/\/www.bontempi.it\/de\/wp-json\/wp\/v2\/product"}],"about":[{"href":"https:\/\/www.bontempi.it\/de\/wp-json\/wp\/v2\/types\/product"}],"acf:attachment":[{"embeddable":true,"href":"https:\/\/www.bontempi.it\/de\/wp-json\/wp\/v2\/media\/142323"}],"acf:term":[{"embeddable":true,"taxonomy":"room","href":"https:\/\/www.bontempi.it\/de\/wp-json\/wp\/v2\/room\/71480"},{"embeddable":true,"taxonomy":"room","href":"https:\/\/www.bontempi.it\/de\/wp-json\/wp\/v2\/room\/71478"},{"embeddable":true,"taxonomy":"kind","href":"https:\/\/www.bontempi.it\/de\/wp-json\/wp\/v2\/kind\/71052"},{"embeddable":true,"taxonomy":"kind","href":"https:\/\/www.bontempi.it\/de\/wp-json\/wp\/v2\/kind\/71051"},{"embeddable":true,"taxonomy":"line","href":"https:\/\/www.bontempi.it\/de\/wp-json\/wp\/v2\/line\/77572"},{"embeddable":true,"taxonomy":"line","href":"https:\/\/www.bontempi.it\/de\/wp-json\/wp\/v2\/line\/76927"}],"wp:attachment":[{"href":"https:\/\/www.bontempi.it\/de\/wp-json\/wp\/v2\/media?parent=143590"}],"wp:term":[{"taxonomy":"line","embeddable":true,"href":"https:\/\/www.bontempi.it\/de\/wp-json\/wp\/v2\/line?post=143590"},{"taxonomy":"kind","embeddable":true,"href":"https:\/\/www.bontempi.it\/de\/wp-json\/wp\/v2\/kind?post=143590"},{"taxonomy":"room","embeddable":true,"href":"https:\/\/www.bontempi.it\/de\/wp-json\/wp\/v2\/room?post=143590"},{"taxonomy":"material","embeddable":true,"href":"https:\/\/www.bontempi.it\/de\/wp-json\/wp\/v2\/material?post=143590"},{"taxonomy":"color","embeddable":true,"href":"https:\/\/www.bontempi.it\/de\/wp-json\/wp\/v2\/color?post=143590"},{"taxonomy":"certification","embeddable":true,"href":"https:\/\/www.bontempi.it\/de\/wp-json\/wp\/v2\/certification?post=143590"}],"curies":[{"name":"wp","href":"https:\/\/api.w.org\/{rel}","templated":true}]}}