{"id":140064,"date":"2025-03-18T14:52:10","date_gmt":"2025-03-18T13:52:10","guid":{"rendered":"https:\/\/www.bontempi.it\/product\/olympia-15-97\/"},"modified":"2025-03-18T14:59:57","modified_gmt":"2025-03-18T13:59:57","slug":"olympia-15-97","status":"publish","type":"product","link":"https:\/\/www.bontempi.it\/de\/olympia-1597\/","title":{"rendered":"Olympia &#8211; 15.97"},"content":{"rendered":"<p>Holzstruktur Sideboard, 3 T\u00fcren und transparente Glaseinlegeb\u00f6den mit lackierten Metallf\u00fc\u00dfen<\/p>\n","protected":false},"excerpt":{"rendered":"<p>Holzstruktur Sideboard, 3 T\u00fcren und transparente Glaseinlegeb\u00f6den mit lackierten Metallf\u00fc\u00dfen<\/p>\n","protected":false},"featured_media":0,"template":"","line":[75742],"kind":[71050],"room":[],"material":[75899,70221,70232,70234,70241,70243,75694],"color":[77268,77269,77270],"certification":[],"class_list":["post-140064","product","type-product","status-publish","hentry","line-olympia-de","kind-storage-units-de","material-cm027a-de-de","material-cr006a-de","material-cm012a-de","material-cm032a-de","material-cm005a-de","material-cm025a-de","material-cm027-de","color-black-de","color-grey-de","color-white-de"],"acf":{"sku":"15.97","line":[75742],"is_accessory":false,"is_configurable":true,"kind":[71050],"rooms":false,"seats":"","dimensions":{"diameter":"","x":"216","z":"46,5","y":"79,5"},"finishing":{"top":[],"structure":{"69939":69939,"69941":69941,"69948":69948,"69951":69951},"lower_cuff":[],"upper_cuff":[],"matchable_top":[],"builtin_revolving_central_top":[],"throat":[],"lampshade":[],"back":[],"sitting":[],"cushions":[],"decorative_inner":[],"decorative_inserts":[],"side":[],"support":[],"front_doors":{"70221":70221,"70232":70232,"70234":70234,"70241":70241,"70243":70243,"75899":75899,"75694":75694},"top_front_doors":[],"seat_structure":[],"top_structure":[],"covering":[],"optional_shelf":[],"mirror":[],"side_panels":[],"centerpiece":[]},"colors":{"top":[],"structure":{"77269":77269,"77270":77270,"77268":77268,"60699":60699},"lower_cuff":[],"upper_cuff":[],"matchable_top":[],"builtin_revolving_central_top":[],"throat":[],"lampshade":[],"back":[],"sitting":[],"cushions":[],"decorative_inner":[],"decorative_inserts":[],"side":[],"support":[],"front_doors":{"77269":77269,"77270":77270,"77268":77268},"top_front_doors":[],"seat_structure":[],"top_structure":[],"covering":[],"optional_shelf":[],"mirror":[],"side_panels":[],"centerpiece":[]},"accessories":"","related":"","gallery":[139380,139770,139395,139390],"product_sheet":"https:\/\/www.bontempi.it\/wp-content\/uploads\/2025\/07\/Olympia-1595-1597.pdf","attachments":null,"videos":null,"silhouette":139675},"_links":{"self":[{"href":"https:\/\/www.bontempi.it\/de\/wp-json\/wp\/v2\/product\/140064","targetHints":{"allow":["GET"]}}],"collection":[{"href":"https:\/\/www.bontempi.it\/de\/wp-json\/wp\/v2\/product"}],"about":[{"href":"https:\/\/www.bontempi.it\/de\/wp-json\/wp\/v2\/types\/product"}],"acf:attachment":[{"embeddable":true,"href":"https:\/\/www.bontempi.it\/de\/wp-json\/wp\/v2\/media\/139390"},{"embeddable":true,"href":"https:\/\/www.bontempi.it\/de\/wp-json\/wp\/v2\/media\/139395"},{"embeddable":true,"href":"https:\/\/www.bontempi.it\/de\/wp-json\/wp\/v2\/media\/139770"},{"embeddable":true,"href":"https:\/\/www.bontempi.it\/de\/wp-json\/wp\/v2\/media\/139380"}],"acf:term":[{"embeddable":true,"taxonomy":"kind","href":"https:\/\/www.bontempi.it\/de\/wp-json\/wp\/v2\/kind\/71050"},{"embeddable":true,"taxonomy":"line","href":"https:\/\/www.bontempi.it\/de\/wp-json\/wp\/v2\/line\/75742"}],"wp:attachment":[{"href":"https:\/\/www.bontempi.it\/de\/wp-json\/wp\/v2\/media?parent=140064"}],"wp:term":[{"taxonomy":"line","embeddable":true,"href":"https:\/\/www.bontempi.it\/de\/wp-json\/wp\/v2\/line?post=140064"},{"taxonomy":"kind","embeddable":true,"href":"https:\/\/www.bontempi.it\/de\/wp-json\/wp\/v2\/kind?post=140064"},{"taxonomy":"room","embeddable":true,"href":"https:\/\/www.bontempi.it\/de\/wp-json\/wp\/v2\/room?post=140064"},{"taxonomy":"material","embeddable":true,"href":"https:\/\/www.bontempi.it\/de\/wp-json\/wp\/v2\/material?post=140064"},{"taxonomy":"color","embeddable":true,"href":"https:\/\/www.bontempi.it\/de\/wp-json\/wp\/v2\/color?post=140064"},{"taxonomy":"certification","embeddable":true,"href":"https:\/\/www.bontempi.it\/de\/wp-json\/wp\/v2\/certification?post=140064"}],"curies":[{"name":"wp","href":"https:\/\/api.w.org\/{rel}","templated":true}]}}