{"id":136895,"date":"2024-05-21T11:14:08","date_gmt":"2024-05-21T09:14:08","guid":{"rendered":"https:\/\/www.bontempi.it\/product\/rain-56-58\/"},"modified":"2024-05-21T17:38:41","modified_gmt":"2024-05-21T15:38:41","slug":"rain-56-58","status":"publish","type":"product","link":"https:\/\/www.bontempi.it\/de\/rain-5658\/","title":{"rendered":"Rain &#8211; 56.58"},"content":{"rendered":"<p>Pendelleuchte Gestell in Messing natur f\u00fcr traubenf\u00f6rmige Zusammensetzungen &#8211; kombinierbar mit Rosette 56.57RS Rain, separat zu bestellen, Borosilikatglas grau get\u00f6nt aussen und rerippt innen.<\/p>\n","protected":false},"excerpt":{"rendered":"<p>Pendelleuchte Gestell in Messing natur f\u00fcr traubenf\u00f6rmige Zusammensetzungen &#8211; kombinierbar mit Rosette 56.57RS Rain, separat zu bestellen, Borosilikatglas grau get\u00f6nt aussen und rerippt innen.<\/p>\n","protected":false},"featured_media":136704,"template":"","line":[75408],"kind":[71040],"room":[71474],"material":[70009],"color":[77281],"certification":[],"class_list":["post-136895","product","type-product","status-publish","has-post-thumbnail","hentry","line-rain-de","kind-lighting-de","room-hall-de","material-m352-de","color-chocolate-de"],"acf":{"sku":"56.58","line":[75408],"is_accessory":false,"is_configurable":true,"kind":[71040],"rooms":[71474],"seats":"","dimensions":{"diameter":"22","x":"","z":"60","y":""},"finishing":{"top":[],"structure":{"70009":70009},"lower_cuff":[],"upper_cuff":[],"matchable_top":[],"builtin_revolving_central_top":[],"throat":[],"lampshade":[],"back":[],"sitting":[],"cushions":[],"decorative_inner":[],"decorative_inserts":[],"side":[],"support":[],"front_doors":[],"top_front_doors":[],"seat_structure":[],"top_structure":[],"covering":[],"optional_shelf":[],"mirror":[],"side_panels":[],"centerpiece":[]},"colors":{"top":[],"structure":{"77281":77281},"lower_cuff":[],"upper_cuff":[],"matchable_top":[],"builtin_revolving_central_top":[],"throat":[],"lampshade":[],"back":[],"sitting":[],"cushions":[],"decorative_inner":[],"decorative_inserts":[],"side":[],"support":[],"front_doors":[],"top_front_doors":[],"seat_structure":[],"top_structure":[],"covering":[],"optional_shelf":[],"mirror":[],"side_panels":[],"centerpiece":[]},"accessories":"","related":[127252,127263,127280],"gallery":[136706,136711],"product_sheet":"https:\/\/www.bontempi.it\/wp-content\/uploads\/2024\/07\/Rain-56.58.pdf","attachments":null,"videos":null,"silhouette":137279},"_links":{"self":[{"href":"https:\/\/www.bontempi.it\/de\/wp-json\/wp\/v2\/product\/136895","targetHints":{"allow":["GET"]}}],"collection":[{"href":"https:\/\/www.bontempi.it\/de\/wp-json\/wp\/v2\/product"}],"about":[{"href":"https:\/\/www.bontempi.it\/de\/wp-json\/wp\/v2\/types\/product"}],"acf:attachment":[{"embeddable":true,"href":"https:\/\/www.bontempi.it\/de\/wp-json\/wp\/v2\/media\/136711"},{"embeddable":true,"href":"https:\/\/www.bontempi.it\/de\/wp-json\/wp\/v2\/media\/136706"}],"acf:post":[{"embeddable":true,"href":"https:\/\/www.bontempi.it\/de\/wp-json\/wp\/v2\/product\/127280"},{"embeddable":true,"href":"https:\/\/www.bontempi.it\/de\/wp-json\/wp\/v2\/product\/127263"},{"embeddable":true,"href":"https:\/\/www.bontempi.it\/de\/wp-json\/wp\/v2\/product\/127252"}],"acf:term":[{"embeddable":true,"taxonomy":"room","href":"https:\/\/www.bontempi.it\/de\/wp-json\/wp\/v2\/room\/71474"},{"embeddable":true,"taxonomy":"kind","href":"https:\/\/www.bontempi.it\/de\/wp-json\/wp\/v2\/kind\/71040"},{"embeddable":true,"taxonomy":"line","href":"https:\/\/www.bontempi.it\/de\/wp-json\/wp\/v2\/line\/75408"}],"wp:featuredmedia":[{"embeddable":true,"href":"https:\/\/www.bontempi.it\/de\/wp-json\/wp\/v2\/media\/136704"}],"wp:attachment":[{"href":"https:\/\/www.bontempi.it\/de\/wp-json\/wp\/v2\/media?parent=136895"}],"wp:term":[{"taxonomy":"line","embeddable":true,"href":"https:\/\/www.bontempi.it\/de\/wp-json\/wp\/v2\/line?post=136895"},{"taxonomy":"kind","embeddable":true,"href":"https:\/\/www.bontempi.it\/de\/wp-json\/wp\/v2\/kind?post=136895"},{"taxonomy":"room","embeddable":true,"href":"https:\/\/www.bontempi.it\/de\/wp-json\/wp\/v2\/room?post=136895"},{"taxonomy":"material","embeddable":true,"href":"https:\/\/www.bontempi.it\/de\/wp-json\/wp\/v2\/material?post=136895"},{"taxonomy":"color","embeddable":true,"href":"https:\/\/www.bontempi.it\/de\/wp-json\/wp\/v2\/color?post=136895"},{"taxonomy":"certification","embeddable":true,"href":"https:\/\/www.bontempi.it\/de\/wp-json\/wp\/v2\/certification?post=136895"}],"curies":[{"name":"wp","href":"https:\/\/api.w.org\/{rel}","templated":true}]}}