{"id":136876,"date":"2024-05-20T17:16:05","date_gmt":"2024-05-20T15:16:05","guid":{"rendered":"https:\/\/www.bontempi.it\/product\/eden-15-88\/"},"modified":"2024-05-21T17:14:42","modified_gmt":"2024-05-21T15:14:42","slug":"eden-15-88","status":"publish","type":"product","link":"https:\/\/www.bontempi.it\/de\/eden-1588\/","title":{"rendered":"Eden &#8211; 15.88"},"content":{"rendered":"<p>Sideboard Holzgestell, 3 T\u00fcre,innere Regale aus klarem Glas, Seiten aus lackiertem Holz und T\u00fcre aus Spiegel. F\u00fc\u00dfe aus Aluminium. Optionale verspiegelte Schublade.<\/p>\n","protected":false},"excerpt":{"rendered":"<p>Sideboard Holzgestell, 3 T\u00fcre,innere Regale aus klarem Glas, Seiten aus lackiertem Holz und T\u00fcre aus Spiegel. F\u00fc\u00dfe aus Aluminium. Optionale verspiegelte Schublade.<\/p>\n","protected":false},"featured_media":136654,"template":"","line":[75403],"kind":[71050],"room":[],"material":[69871,70508],"color":[60704],"certification":[],"class_list":["post-136876","product","type-product","status-publish","has-post-thumbnail","hentry","line-eden-de","kind-storage-units-de","material-c301-de","material-c303-de","color-bronze-de"],"acf":{"sku":"15.88","line":[75403],"is_accessory":false,"is_configurable":true,"kind":[71050],"rooms":false,"seats":"","dimensions":{"diameter":"","x":"216","z":"46.5","y":"82"},"finishing":{"top":[],"structure":{"69984":69984,"70004":70004,"69986":69986,"70006":70006,"70008":70008,"70007":70007,"70005":70005},"lower_cuff":[],"upper_cuff":[],"matchable_top":[],"builtin_revolving_central_top":[],"throat":[],"lampshade":[],"back":[],"sitting":[],"cushions":[],"decorative_inner":[],"decorative_inserts":[],"side":{"69939":69939,"69948":69948},"support":[],"front_doors":{"69871":69871,"70508":70508},"top_front_doors":[],"seat_structure":[],"top_structure":[],"covering":[],"optional_shelf":[],"mirror":[],"side_panels":[],"centerpiece":[]},"colors":{"top":[],"structure":{"77269":77269,"77268":77268,"75639":75639,"77291":77291,"77281":77281,"77292":77292},"lower_cuff":[],"upper_cuff":[],"matchable_top":[],"builtin_revolving_central_top":[],"throat":[],"lampshade":[],"back":[],"sitting":[],"cushions":[],"decorative_inner":[],"decorative_inserts":[],"side":{"77269":77269,"77268":77268},"support":[],"front_doors":{"60704":60704,"75617":75617},"top_front_doors":[],"seat_structure":[],"top_structure":[],"covering":[],"optional_shelf":[],"mirror":[],"side_panels":[],"centerpiece":[]},"accessories":"","related":[126612,126622],"gallery":[136641,136646],"product_sheet":"https:\/\/www.bontempi.it\/wp-content\/uploads\/2024\/07\/Eden-1585-1586-1587-1588.pdf","attachments":null,"videos":null,"silhouette":137299},"_links":{"self":[{"href":"https:\/\/www.bontempi.it\/de\/wp-json\/wp\/v2\/product\/136876","targetHints":{"allow":["GET"]}}],"collection":[{"href":"https:\/\/www.bontempi.it\/de\/wp-json\/wp\/v2\/product"}],"about":[{"href":"https:\/\/www.bontempi.it\/de\/wp-json\/wp\/v2\/types\/product"}],"acf:attachment":[{"embeddable":true,"href":"https:\/\/www.bontempi.it\/de\/wp-json\/wp\/v2\/media\/136646"},{"embeddable":true,"href":"https:\/\/www.bontempi.it\/de\/wp-json\/wp\/v2\/media\/136641"}],"acf:post":[{"embeddable":true,"href":"https:\/\/www.bontempi.it\/de\/wp-json\/wp\/v2\/product\/126622"},{"embeddable":true,"href":"https:\/\/www.bontempi.it\/de\/wp-json\/wp\/v2\/product\/126612"}],"acf:term":[{"embeddable":true,"taxonomy":"kind","href":"https:\/\/www.bontempi.it\/de\/wp-json\/wp\/v2\/kind\/71050"},{"embeddable":true,"taxonomy":"line","href":"https:\/\/www.bontempi.it\/de\/wp-json\/wp\/v2\/line\/75403"}],"wp:featuredmedia":[{"embeddable":true,"href":"https:\/\/www.bontempi.it\/de\/wp-json\/wp\/v2\/media\/136654"}],"wp:attachment":[{"href":"https:\/\/www.bontempi.it\/de\/wp-json\/wp\/v2\/media?parent=136876"}],"wp:term":[{"taxonomy":"line","embeddable":true,"href":"https:\/\/www.bontempi.it\/de\/wp-json\/wp\/v2\/line?post=136876"},{"taxonomy":"kind","embeddable":true,"href":"https:\/\/www.bontempi.it\/de\/wp-json\/wp\/v2\/kind?post=136876"},{"taxonomy":"room","embeddable":true,"href":"https:\/\/www.bontempi.it\/de\/wp-json\/wp\/v2\/room?post=136876"},{"taxonomy":"material","embeddable":true,"href":"https:\/\/www.bontempi.it\/de\/wp-json\/wp\/v2\/material?post=136876"},{"taxonomy":"color","embeddable":true,"href":"https:\/\/www.bontempi.it\/de\/wp-json\/wp\/v2\/color?post=136876"},{"taxonomy":"certification","embeddable":true,"href":"https:\/\/www.bontempi.it\/de\/wp-json\/wp\/v2\/certification?post=136876"}],"curies":[{"name":"wp","href":"https:\/\/api.w.org\/{rel}","templated":true}]}}