{"id":132172,"date":"2023-11-09T10:29:09","date_gmt":"2023-11-09T09:29:09","guid":{"rendered":"https:\/\/www.bontempi.it\/product\/blow-56-35stm\/"},"modified":"2024-04-29T08:54:03","modified_gmt":"2024-04-29T06:54:03","slug":"blow-56-35stm","status":"publish","type":"product","link":"https:\/\/www.bontempi.it\/de\/blow-5635stm\/","title":{"rendered":"Blow &#8211; 56.35STM"},"content":{"rendered":"<p>Mittelgro\u00dfe H\u00e4ngeleuchte f\u00fcr Traubenkompositionen &#8211; kombinierbar mit der mehrfachen Rosette 56.35RS, separat zu bestellen &#8211; mit Gestell und Dezentrierer aus nat\u00fcrlichem Messing und Borosilikatglas.<\/p>\n","protected":false},"excerpt":{"rendered":"<p>Mittelgro\u00dfe H\u00e4ngeleuchte f\u00fcr Traubenkompositionen &#8211; kombinierbar mit der mehrfachen Rosette 56.35RS, separat zu bestellen &#8211; mit Gestell und Dezentrierer aus nat\u00fcrlichem Messing und Borosilikatglas.<\/p>\n","protected":false},"featured_media":0,"template":"","line":[74690],"kind":[71040],"room":[71474,71478],"material":[69852,69853],"color":[60724,77281],"certification":[],"class_list":["post-132172","product","type-product","status-publish","hentry","line-blow-de","kind-lighting-de","room-hall-de","room-contract-de","material-v009-de","material-v001-de","color-transparent-de","color-chocolate-de"],"acf":{"sku":"56.35STM","line":[74690],"is_accessory":false,"is_configurable":true,"kind":[71040],"rooms":[71474,71478],"seats":"","dimensions":{"diameter":"21","x":"","z":"34","y":""},"finishing":{"top":[],"structure":{"70009":70009},"lower_cuff":[],"upper_cuff":[],"matchable_top":[],"builtin_revolving_central_top":[],"throat":[],"lampshade":{"69852":69852,"69853":69853},"back":[],"sitting":[],"cushions":[],"decorative_inner":[],"decorative_inserts":[],"side":[],"support":[],"front_doors":[],"top_front_doors":[],"seat_structure":[],"top_structure":[],"covering":[],"optional_shelf":[],"mirror":[],"side_panels":[],"centerpiece":[]},"colors":{"top":[],"structure":{"77281":77281},"lower_cuff":[],"upper_cuff":[],"matchable_top":[],"builtin_revolving_central_top":[],"throat":[],"lampshade":{"77281":77281,"60724":60724},"back":[],"sitting":[],"cushions":[],"decorative_inner":[],"decorative_inserts":[],"side":[],"support":[],"front_doors":[],"top_front_doors":[],"seat_structure":[],"top_structure":[],"covering":[],"optional_shelf":[],"mirror":[],"side_panels":[],"centerpiece":[]},"accessories":"","related":[126984,127139],"gallery":[11922],"product_sheet":"https:\/\/www.bontempi.it\/wp-content\/uploads\/2023\/03\/Blow-per-grappolo-5635STB_M_S.pdf","attachments":null,"videos":null,"silhouette":25796},"_links":{"self":[{"href":"https:\/\/www.bontempi.it\/de\/wp-json\/wp\/v2\/product\/132172","targetHints":{"allow":["GET"]}}],"collection":[{"href":"https:\/\/www.bontempi.it\/de\/wp-json\/wp\/v2\/product"}],"about":[{"href":"https:\/\/www.bontempi.it\/de\/wp-json\/wp\/v2\/types\/product"}],"acf:attachment":[{"embeddable":true,"href":"https:\/\/www.bontempi.it\/de\/wp-json\/wp\/v2\/media\/11922"}],"acf:post":[{"embeddable":true,"href":"https:\/\/www.bontempi.it\/de\/wp-json\/wp\/v2\/product\/127139"},{"embeddable":true,"href":"https:\/\/www.bontempi.it\/de\/wp-json\/wp\/v2\/product\/126984"}],"acf:term":[{"embeddable":true,"taxonomy":"room","href":"https:\/\/www.bontempi.it\/de\/wp-json\/wp\/v2\/room\/71478"},{"embeddable":true,"taxonomy":"room","href":"https:\/\/www.bontempi.it\/de\/wp-json\/wp\/v2\/room\/71474"},{"embeddable":true,"taxonomy":"kind","href":"https:\/\/www.bontempi.it\/de\/wp-json\/wp\/v2\/kind\/71040"},{"embeddable":true,"taxonomy":"line","href":"https:\/\/www.bontempi.it\/de\/wp-json\/wp\/v2\/line\/74690"}],"wp:attachment":[{"href":"https:\/\/www.bontempi.it\/de\/wp-json\/wp\/v2\/media?parent=132172"}],"wp:term":[{"taxonomy":"line","embeddable":true,"href":"https:\/\/www.bontempi.it\/de\/wp-json\/wp\/v2\/line?post=132172"},{"taxonomy":"kind","embeddable":true,"href":"https:\/\/www.bontempi.it\/de\/wp-json\/wp\/v2\/kind?post=132172"},{"taxonomy":"room","embeddable":true,"href":"https:\/\/www.bontempi.it\/de\/wp-json\/wp\/v2\/room?post=132172"},{"taxonomy":"material","embeddable":true,"href":"https:\/\/www.bontempi.it\/de\/wp-json\/wp\/v2\/material?post=132172"},{"taxonomy":"color","embeddable":true,"href":"https:\/\/www.bontempi.it\/de\/wp-json\/wp\/v2\/color?post=132172"},{"taxonomy":"certification","embeddable":true,"href":"https:\/\/www.bontempi.it\/de\/wp-json\/wp\/v2\/certification?post=132172"}],"curies":[{"name":"wp","href":"https:\/\/api.w.org\/{rel}","templated":true}]}}